{"id":120211,"date":"2026-05-06T03:15:04","date_gmt":"2026-05-06T06:15:04","guid":{"rendered":"https:\/\/www.hediyepazar.com\/?product=280ml-alev-isikli-ultrasonik-hava-nemlendirici-sessiz-ve-usb-sarjli"},"modified":"2026-05-06T03:15:04","modified_gmt":"2026-05-06T06:15:04","slug":"280ml-alev-isikli-ultrasonik-hava-nemlendirici-sessiz-ve-usb-sarjli","status":"publish","type":"product","link":"https:\/\/www.hediyepazar.com\/?product=280ml-alev-isikli-ultrasonik-hava-nemlendirici-sessiz-ve-usb-sarjli","title":{"rendered":"280ml Alev I\u015f\u0131kl\u0131 Ultrasonik Hava Nemlendirici Sessiz ve USB \u015earjl\u0131"},"content":{"rendered":"<p>Sa\u011fl\u0131kl\u0131 bir ya\u015fam alan\u0131 olu\u015fturmak hi\u00e7 bu kadar kolay olmam\u0131\u015ft\u0131! 280ml Alev I\u015f\u0131kl\u0131 Ultrasonik Hava Nemlendirici Sessiz ve USB \u015earjl\u0131, fonksiyonel ve estetik \u00f6zellikleriyle ya\u015fam alanlar\u0131n\u0131z\u0131 d\u00f6n\u00fc\u015ft\u00fcr\u00fcr.Ultrasonik buharla\u015ft\u0131rma teknolojisi, suyu ve aromatik ya\u011flar\u0131 serin buhara d\u00f6n\u00fc\u015ft\u00fcrerek ortama ferahl\u0131k ve nem kazand\u0131r\u0131r.280 ml su kapasitesi, uzun s\u00fcreli \u00e7al\u0131\u015fmay\u0131 destekler.Do\u011fal alev efektli LED \u0131\u015f\u0131klar\u0131, s\u0131cak ve rahatlat\u0131c\u0131 bir g\u00f6r\u00fcn\u00fcm olu\u015fturur.Gece lambas\u0131 olarak da kullan\u0131labilen bu \u0131\u015f\u0131klar, ortama huzur ve g\u00f6rsel estetik katar.Sessiz \u00e7al\u0131\u015fma sistemi, uyku kalitesini etkilemeden ortam\u0131 nemlendirir.Otomatik kapanma fonksiyonu, su seviyesi azald\u0131\u011f\u0131nda cihaz\u0131 kapatarak g\u00fcvenli\u011fi sa\u011flar.USB \u015farj \u00f6zelli\u011fi ile kolay ta\u015f\u0131nabilirlik sunar.Ev, ofis, spa salonu veya yatak odas\u0131 gibi her ortamda kullan\u0131labilir.Aromaterapiyle ruhunuzu dinlendirirken, nemlendirici \u00f6zelli\u011fiyle cildinizin kurumas\u0131n\u0131 \u00f6nler.280ml Alev I\u015f\u0131kl\u0131 Ultrasonik Hava Nemlendirici Sessiz ve USB \u015earjl\u0131, hem dekoratif hem terap\u00f6tik bir deneyim sunar.<\/p>\n","protected":false},"excerpt":{"rendered":"<p>Sa\u011fl\u0131kl\u0131 bir ya\u015fam alan\u0131 olu\u015fturmak hi\u00e7 bu kadar kolay olmam\u0131\u015ft\u0131! 280ml Alev I\u015f\u0131kl\u0131 Ultrasonik Hava Nemlendirici Sessiz ve USB \u015earjl\u0131, fonksiyonel ve estetik \u00f6zellikleriyle ya\u015fam alanlar\u0131n\u0131z\u0131 d\u00f6n\u00fc\u015ft\u00fcr\u00fcr.Ultrasonik buharla\u015ft\u0131rma teknolojisi, suyu ve aromatik ya\u011flar\u0131 serin buhara d\u00f6n\u00fc\u015ft\u00fcrerek ortama ferahl\u0131k ve nem kazand\u0131r\u0131r.280 ml su kapasitesi, uzun s\u00fcreli \u00e7al\u0131\u015fmay\u0131 destekler.Do\u011fal alev efektli LED \u0131\u015f\u0131klar\u0131, s\u0131cak ve rahatlat\u0131c\u0131&#8230;<\/p>\n","protected":false},"featured_media":120210,"comment_status":"open","ping_status":"closed","template":"","meta":{"_kad_post_transparent":"","_kad_post_title":"","_kad_post_layout":"","_kad_post_sidebar_id":"","_kad_post_content_style":"","_kad_post_vertical_padding":"","_kad_post_feature":"","_kad_post_feature_position":"","_kad_post_header":false,"_kad_post_footer":false,"_kad_post_classname":""},"product_brand":[],"product_cat":[14965],"product_tag":[],"class_list":{"0":"post-120211","1":"product","2":"type-product","3":"status-publish","4":"has-post-thumbnail","6":"product_cat-hava-nemlendirici-hava-nemlendirici","8":"first","9":"instock","10":"purchasable","11":"product-type-simple","12":"entry","13":"content-bg","14":"loop-entry"},"_links":{"self":[{"href":"https:\/\/www.hediyepazar.com\/index.php?rest_route=\/wp\/v2\/product\/120211","targetHints":{"allow":["GET"]}}],"collection":[{"href":"https:\/\/www.hediyepazar.com\/index.php?rest_route=\/wp\/v2\/product"}],"about":[{"href":"https:\/\/www.hediyepazar.com\/index.php?rest_route=\/wp\/v2\/types\/product"}],"replies":[{"embeddable":true,"href":"https:\/\/www.hediyepazar.com\/index.php?rest_route=%2Fwp%2Fv2%2Fcomments&post=120211"}],"wp:featuredmedia":[{"embeddable":true,"href":"https:\/\/www.hediyepazar.com\/index.php?rest_route=\/wp\/v2\/media\/120210"}],"wp:attachment":[{"href":"https:\/\/www.hediyepazar.com\/index.php?rest_route=%2Fwp%2Fv2%2Fmedia&parent=120211"}],"wp:term":[{"taxonomy":"product_brand","embeddable":true,"href":"https:\/\/www.hediyepazar.com\/index.php?rest_route=%2Fwp%2Fv2%2Fproduct_brand&post=120211"},{"taxonomy":"product_cat","embeddable":true,"href":"https:\/\/www.hediyepazar.com\/index.php?rest_route=%2Fwp%2Fv2%2Fproduct_cat&post=120211"},{"taxonomy":"product_tag","embeddable":true,"href":"https:\/\/www.hediyepazar.com\/index.php?rest_route=%2Fwp%2Fv2%2Fproduct_tag&post=120211"}],"curies":[{"name":"wp","href":"https:\/\/api.w.org\/{rel}","templated":true}]}}