{"id":120221,"date":"2026-05-06T03:17:09","date_gmt":"2026-05-06T06:17:09","guid":{"rendered":"https:\/\/www.hediyepazar.com\/?product=astronot-projeksiyon-lambasi-bluetooth-muzikli-ve-uzaktan-kumandali"},"modified":"2026-05-06T03:17:09","modified_gmt":"2026-05-06T06:17:09","slug":"astronot-projeksiyon-lambasi-bluetooth-muzikli-ve-uzaktan-kumandali","status":"publish","type":"product","link":"https:\/\/www.hediyepazar.com\/?product=astronot-projeksiyon-lambasi-bluetooth-muzikli-ve-uzaktan-kumandali","title":{"rendered":"Astronot Projeksiyon Lambas\u0131 Bluetooth M\u00fczikli ve Uzaktan Kumandal\u0131"},"content":{"rendered":"<p>Gecelerinizi b\u00fcy\u00fcleyici bir g\u00f6rsel \u015f\u00f6lene d\u00f6n\u00fc\u015ft\u00fcr\u00fcn! Astronot Projeksiyon Lambas\u0131 Bluetooth M\u00fczikli ve Uzaktan Kumandal\u0131, hem \u015f\u0131k tasar\u0131m\u0131 hem de \u00e7ok y\u00f6nl\u00fc \u00f6zellikleriyle ya\u015fam alanlar\u0131n\u0131za sihirli bir atmosfer kazand\u0131r\u0131r.Bluetooth ba\u011flant\u0131 \u00f6zelli\u011fi sayesinde telefonunuzu kolayca ba\u011flayabilir, sevdi\u011finiz m\u00fczikleri y\u00fcksek ses kalitesiyle dinleyebilirsiniz.Lamban\u0131n i\u00e7inde yer alan ku\u015f c\u0131v\u0131lt\u0131s\u0131, dalga sesi, \u015f\u00f6mine ate\u015fi, uyku m\u00fczi\u011fi ve nebula y\u0131ld\u0131z- ay yans\u0131tma efektleri, rahatlaman\u0131z\u0131 sa\u011flayarak huzurlu bir ortam olu\u015fturur.ABS + PC + PVC + TPE malzemeden \u00fcretilmi\u015f dayan\u0131kl\u0131 g\u00f6vdesi, uzun \u00f6m\u00fcrl\u00fc kullan\u0131m garantiler.Kompakt boyutlar\u0131 (120\u00d7113\u00d7228 mm) sayesinde yatak odas\u0131, \u00e7ocuk odas\u0131 veya oturma alanlar\u0131nda kolayl\u0131kla kullan\u0131labilir.5V\/1A USB g\u00fc\u00e7 giri\u015fi ile \u00e7al\u0131\u015f\u0131r ve yaln\u0131zca 5W enerji t\u00fcketimiyle y\u00fcksek verim sa\u011flar.Uzaktan kumanda ile renk ge\u00e7i\u015flerini, parlakl\u0131\u011f\u0131 ve m\u00fczik efektlerini diledi\u011finiz gibi ayarlayabilirsiniz.Kutu i\u00e7eri\u011finde; astronot lambas\u0131, taban, USB kablo, \u0130ngilizce kullan\u0131m k\u0131lavuzu ve uzaktan kumanda bulunur.Bu ak\u0131ll\u0131 projeksiyon lambas\u0131, hem dekoratif hem fonksiyonel bir \u00fcr\u00fcn olarak ortam\u0131n\u0131za benzersiz bir atmosfer kazand\u0131r\u0131r.<\/p>\n","protected":false},"excerpt":{"rendered":"<p>Gecelerinizi b\u00fcy\u00fcleyici bir g\u00f6rsel \u015f\u00f6lene d\u00f6n\u00fc\u015ft\u00fcr\u00fcn! Astronot Projeksiyon Lambas\u0131 Bluetooth M\u00fczikli ve Uzaktan Kumandal\u0131, hem \u015f\u0131k tasar\u0131m\u0131 hem de \u00e7ok y\u00f6nl\u00fc \u00f6zellikleriyle ya\u015fam alanlar\u0131n\u0131za sihirli bir atmosfer kazand\u0131r\u0131r.Bluetooth ba\u011flant\u0131 \u00f6zelli\u011fi sayesinde telefonunuzu kolayca ba\u011flayabilir, sevdi\u011finiz m\u00fczikleri y\u00fcksek ses kalitesiyle dinleyebilirsiniz.Lamban\u0131n i\u00e7inde yer alan ku\u015f c\u0131v\u0131lt\u0131s\u0131, dalga sesi, \u015f\u00f6mine ate\u015fi, uyku m\u00fczi\u011fi ve nebula y\u0131ld\u0131z- ay&#8230;<\/p>\n","protected":false},"featured_media":120220,"comment_status":"open","ping_status":"closed","template":"","meta":{"_kad_post_transparent":"","_kad_post_title":"","_kad_post_layout":"","_kad_post_sidebar_id":"","_kad_post_content_style":"","_kad_post_vertical_padding":"","_kad_post_feature":"","_kad_post_feature_position":"","_kad_post_header":false,"_kad_post_footer":false,"_kad_post_classname":""},"product_brand":[],"product_cat":[14911],"product_tag":[],"class_list":{"0":"post-120221","1":"product","2":"type-product","3":"status-publish","4":"has-post-thumbnail","6":"product_cat-kablosuz-hoparlor-kablosuz-hoparlor","8":"first","9":"instock","10":"purchasable","11":"product-type-simple","12":"entry","13":"content-bg","14":"loop-entry"},"_links":{"self":[{"href":"https:\/\/www.hediyepazar.com\/index.php?rest_route=\/wp\/v2\/product\/120221","targetHints":{"allow":["GET"]}}],"collection":[{"href":"https:\/\/www.hediyepazar.com\/index.php?rest_route=\/wp\/v2\/product"}],"about":[{"href":"https:\/\/www.hediyepazar.com\/index.php?rest_route=\/wp\/v2\/types\/product"}],"replies":[{"embeddable":true,"href":"https:\/\/www.hediyepazar.com\/index.php?rest_route=%2Fwp%2Fv2%2Fcomments&post=120221"}],"wp:featuredmedia":[{"embeddable":true,"href":"https:\/\/www.hediyepazar.com\/index.php?rest_route=\/wp\/v2\/media\/120220"}],"wp:attachment":[{"href":"https:\/\/www.hediyepazar.com\/index.php?rest_route=%2Fwp%2Fv2%2Fmedia&parent=120221"}],"wp:term":[{"taxonomy":"product_brand","embeddable":true,"href":"https:\/\/www.hediyepazar.com\/index.php?rest_route=%2Fwp%2Fv2%2Fproduct_brand&post=120221"},{"taxonomy":"product_cat","embeddable":true,"href":"https:\/\/www.hediyepazar.com\/index.php?rest_route=%2Fwp%2Fv2%2Fproduct_cat&post=120221"},{"taxonomy":"product_tag","embeddable":true,"href":"https:\/\/www.hediyepazar.com\/index.php?rest_route=%2Fwp%2Fv2%2Fproduct_tag&post=120221"}],"curies":[{"name":"wp","href":"https:\/\/api.w.org\/{rel}","templated":true}]}}