{"id":120231,"date":"2026-05-06T03:19:06","date_gmt":"2026-05-06T06:19:06","guid":{"rendered":"https:\/\/www.hediyepazar.com\/?product=manyetik-arac-telefon-tutucu-360-donebilen-ve-sarsintisiz-guclu-miknatisli"},"modified":"2026-05-06T03:19:06","modified_gmt":"2026-05-06T06:19:06","slug":"manyetik-arac-telefon-tutucu-360-donebilen-ve-sarsintisiz-guclu-miknatisli","status":"publish","type":"product","link":"https:\/\/www.hediyepazar.com\/?product=manyetik-arac-telefon-tutucu-360-donebilen-ve-sarsintisiz-guclu-miknatisli","title":{"rendered":"Manyetik Ara\u00e7 Telefon Tutucu 360\u00b0 D\u00f6nebilen ve Sars\u0131nt\u0131s\u0131z G\u00fc\u00e7l\u00fc M\u0131knat\u0131sl\u0131"},"content":{"rendered":"<p>S\u00fcr\u00fc\u015f konforunuzu ve g\u00fcvenli\u011finizi art\u0131rmak i\u00e7in tasarlanan Manyetik Ara\u00e7 Telefon Tutucu 360\u00b0 D\u00f6nebilen ve Sars\u0131nt\u0131s\u0131z G\u00fc\u00e7l\u00fc M\u0131knat\u0131sl\u0131, g\u00fc\u00e7l\u00fc manyetik yap\u0131s\u0131 sayesinde telefonunuzu her ko\u015fulda sabit tutar.Ani frenlerde, bozuk yollarda veya virajlarda bile telefonunuz d\u00fc\u015fmeden yerinde kal\u0131r. Kaliteli m\u0131knat\u0131s teknolojisi, g\u00fcvenli bir sabitleme sa\u011flarken cihaz\u0131n\u0131za zarar vermez.Kalorifer petekli ara\u00e7lara \u00f6zel klips tasar\u0131m\u0131, kolay montaj imkan\u0131 sunar ve uzun \u00f6m\u00fcrl\u00fc kullan\u0131m garantiler.360\u00b0 d\u00f6nebilen ba\u015fl\u0131k sayesinde telefonu yatay veya dikey konumda kullanabilirsiniz.GPS, navigasyon, m\u00fczik veya arama i\u015flemlerinde maksimum kolayl\u0131k sa\u011flar.T\u00fcm ak\u0131ll\u0131 telefon modelleriyle uyumlu olan bu tutucu, \u015f\u0131k ve minimalist tasar\u0131m\u0131yla ara\u00e7 i\u00e7i dekorunuzu tamamlar.Kompakt yap\u0131s\u0131 sayesinde s\u00fcr\u00fc\u015f alan\u0131n\u0131z\u0131 daraltmaz, g\u00f6r\u00fc\u015f a\u00e7\u0131n\u0131z\u0131 kapatmaz.Hem fonksiyonel hem de estetik olan bu manyetik tutucu, g\u00fcvenli s\u00fcr\u00fc\u015f deneyimini modern bir tarzla birle\u015ftirir.<\/p>\n","protected":false},"excerpt":{"rendered":"<p>S\u00fcr\u00fc\u015f konforunuzu ve g\u00fcvenli\u011finizi art\u0131rmak i\u00e7in tasarlanan Manyetik Ara\u00e7 Telefon Tutucu 360\u00b0 D\u00f6nebilen ve Sars\u0131nt\u0131s\u0131z G\u00fc\u00e7l\u00fc M\u0131knat\u0131sl\u0131, g\u00fc\u00e7l\u00fc manyetik yap\u0131s\u0131 sayesinde telefonunuzu her ko\u015fulda sabit tutar.Ani frenlerde, bozuk yollarda veya virajlarda bile telefonunuz d\u00fc\u015fmeden yerinde kal\u0131r. Kaliteli m\u0131knat\u0131s teknolojisi, g\u00fcvenli bir sabitleme sa\u011flarken cihaz\u0131n\u0131za zarar vermez.Kalorifer petekli ara\u00e7lara \u00f6zel klips tasar\u0131m\u0131, kolay montaj imkan\u0131 sunar&#8230;<\/p>\n","protected":false},"featured_media":120230,"comment_status":"open","ping_status":"closed","template":"","meta":{"_kad_post_transparent":"","_kad_post_title":"","_kad_post_layout":"","_kad_post_sidebar_id":"","_kad_post_content_style":"","_kad_post_vertical_padding":"","_kad_post_feature":"","_kad_post_feature_position":"","_kad_post_header":false,"_kad_post_footer":false,"_kad_post_classname":""},"product_brand":[],"product_cat":[14983],"product_tag":[],"class_list":{"0":"post-120231","1":"product","2":"type-product","3":"status-publish","4":"has-post-thumbnail","6":"product_cat-telefon-tutucu-telefon-tutucu","8":"first","9":"instock","10":"purchasable","11":"product-type-simple","12":"entry","13":"content-bg","14":"loop-entry"},"_links":{"self":[{"href":"https:\/\/www.hediyepazar.com\/index.php?rest_route=\/wp\/v2\/product\/120231","targetHints":{"allow":["GET"]}}],"collection":[{"href":"https:\/\/www.hediyepazar.com\/index.php?rest_route=\/wp\/v2\/product"}],"about":[{"href":"https:\/\/www.hediyepazar.com\/index.php?rest_route=\/wp\/v2\/types\/product"}],"replies":[{"embeddable":true,"href":"https:\/\/www.hediyepazar.com\/index.php?rest_route=%2Fwp%2Fv2%2Fcomments&post=120231"}],"wp:featuredmedia":[{"embeddable":true,"href":"https:\/\/www.hediyepazar.com\/index.php?rest_route=\/wp\/v2\/media\/120230"}],"wp:attachment":[{"href":"https:\/\/www.hediyepazar.com\/index.php?rest_route=%2Fwp%2Fv2%2Fmedia&parent=120231"}],"wp:term":[{"taxonomy":"product_brand","embeddable":true,"href":"https:\/\/www.hediyepazar.com\/index.php?rest_route=%2Fwp%2Fv2%2Fproduct_brand&post=120231"},{"taxonomy":"product_cat","embeddable":true,"href":"https:\/\/www.hediyepazar.com\/index.php?rest_route=%2Fwp%2Fv2%2Fproduct_cat&post=120231"},{"taxonomy":"product_tag","embeddable":true,"href":"https:\/\/www.hediyepazar.com\/index.php?rest_route=%2Fwp%2Fv2%2Fproduct_tag&post=120231"}],"curies":[{"name":"wp","href":"https:\/\/api.w.org\/{rel}","templated":true}]}}