{"id":120235,"date":"2026-05-06T03:19:21","date_gmt":"2026-05-06T06:19:21","guid":{"rendered":"https:\/\/www.hediyepazar.com\/?product=aromaterapili-arac-ici-difuzor-usb-baglantili-ve-yildiz-isikli"},"modified":"2026-05-06T03:19:21","modified_gmt":"2026-05-06T06:19:21","slug":"aromaterapili-arac-ici-difuzor-usb-baglantili-ve-yildiz-isikli","status":"publish","type":"product","link":"https:\/\/www.hediyepazar.com\/?product=aromaterapili-arac-ici-difuzor-usb-baglantili-ve-yildiz-isikli","title":{"rendered":"Aromaterapili Ara\u00e7 \u0130\u00e7i Dif\u00fcz\u00f6r USB Ba\u011flant\u0131l\u0131 ve Y\u0131ld\u0131z I\u015f\u0131kl\u0131"},"content":{"rendered":"<p>K\u00fc\u00e7\u00fck boyutuyla b\u00fcy\u00fck fark yaratan Aromaterapili Ara\u00e7 \u0130\u00e7i Dif\u00fcz\u00f6r USB Ba\u011flant\u0131l\u0131 ve Y\u0131ld\u0131z I\u015f\u0131kl\u0131, ferahl\u0131\u011f\u0131 ve \u015f\u0131kl\u0131\u011f\u0131 bir arada sunar.Ala\u015f\u0131m malzemeden \u00fcretilmi\u015f dayan\u0131kl\u0131 g\u00f6vdesi, uzun y\u0131llar boyunca formunu korur. A\u015f\u0131nmaya dayan\u0131kl\u0131 yap\u0131s\u0131 sayesinde yo\u011fun kullan\u0131ma uygundur.Sadece arac\u0131n\u0131zda de\u011fil, ev ve ofis ortamlar\u0131nda da rahatl\u0131kla kullan\u0131labilir.Nemlendirme ve aromaterapi fonksiyonlar\u0131, havay\u0131 yumu\u015fatarak kuru ortamlar\u0131 ferahlat\u0131r ve ho\u015f kokulu bir atmosfer yarat\u0131r.Y\u0131ld\u0131z projeksiyonlu LED \u0131\u015f\u0131k sistemi, arac\u0131n\u0131za romantik ve rahatlat\u0131c\u0131 bir g\u00f6r\u00fcn\u00fcm kazand\u0131r\u0131r.Sessiz \u00e7al\u0131\u015fmas\u0131, gece yolculuklar\u0131nda bile konforlu bir deneyim sa\u011flar.USB g\u00fc\u00e7 ba\u011flant\u0131s\u0131, cihaz\u0131n kolayca her yerde \u00e7al\u0131\u015ft\u0131r\u0131labilmesini m\u00fcmk\u00fcn k\u0131lar.Hem estetik hem de fonksiyonel bir \u00fcr\u00fcn olan bu dif\u00fcz\u00f6r, stresli g\u00fcnlerde sakinle\u015fmenize, uzun yolculuklarda ise enerjinizi tazelemenize yard\u0131mc\u0131 olur.Aromaterapili Ara\u00e7 \u0130\u00e7i Dif\u00fcz\u00f6r USB Ba\u011flant\u0131l\u0131 ve Y\u0131ld\u0131z I\u015f\u0131kl\u0131, ferahl\u0131k ve zarafeti bir araya getiren m\u00fckemmel bir ara\u00e7 i\u00e7i aksesuard\u0131r.<\/p>\n","protected":false},"excerpt":{"rendered":"<p>K\u00fc\u00e7\u00fck boyutuyla b\u00fcy\u00fck fark yaratan Aromaterapili Ara\u00e7 \u0130\u00e7i Dif\u00fcz\u00f6r USB Ba\u011flant\u0131l\u0131 ve Y\u0131ld\u0131z I\u015f\u0131kl\u0131, ferahl\u0131\u011f\u0131 ve \u015f\u0131kl\u0131\u011f\u0131 bir arada sunar.Ala\u015f\u0131m malzemeden \u00fcretilmi\u015f dayan\u0131kl\u0131 g\u00f6vdesi, uzun y\u0131llar boyunca formunu korur. A\u015f\u0131nmaya dayan\u0131kl\u0131 yap\u0131s\u0131 sayesinde yo\u011fun kullan\u0131ma uygundur.Sadece arac\u0131n\u0131zda de\u011fil, ev ve ofis ortamlar\u0131nda da rahatl\u0131kla kullan\u0131labilir.Nemlendirme ve aromaterapi fonksiyonlar\u0131, havay\u0131 yumu\u015fatarak kuru ortamlar\u0131 ferahlat\u0131r ve ho\u015f&#8230;<\/p>\n","protected":false},"featured_media":120234,"comment_status":"open","ping_status":"closed","template":"","meta":{"_kad_post_transparent":"","_kad_post_title":"","_kad_post_layout":"","_kad_post_sidebar_id":"","_kad_post_content_style":"","_kad_post_vertical_padding":"","_kad_post_feature":"","_kad_post_feature_position":"","_kad_post_header":false,"_kad_post_footer":false,"_kad_post_classname":""},"product_brand":[],"product_cat":[14965],"product_tag":[],"class_list":{"0":"post-120235","1":"product","2":"type-product","3":"status-publish","4":"has-post-thumbnail","6":"product_cat-hava-nemlendirici-hava-nemlendirici","8":"first","9":"instock","10":"purchasable","11":"product-type-simple","12":"entry","13":"content-bg","14":"loop-entry"},"_links":{"self":[{"href":"https:\/\/www.hediyepazar.com\/index.php?rest_route=\/wp\/v2\/product\/120235","targetHints":{"allow":["GET"]}}],"collection":[{"href":"https:\/\/www.hediyepazar.com\/index.php?rest_route=\/wp\/v2\/product"}],"about":[{"href":"https:\/\/www.hediyepazar.com\/index.php?rest_route=\/wp\/v2\/types\/product"}],"replies":[{"embeddable":true,"href":"https:\/\/www.hediyepazar.com\/index.php?rest_route=%2Fwp%2Fv2%2Fcomments&post=120235"}],"wp:featuredmedia":[{"embeddable":true,"href":"https:\/\/www.hediyepazar.com\/index.php?rest_route=\/wp\/v2\/media\/120234"}],"wp:attachment":[{"href":"https:\/\/www.hediyepazar.com\/index.php?rest_route=%2Fwp%2Fv2%2Fmedia&parent=120235"}],"wp:term":[{"taxonomy":"product_brand","embeddable":true,"href":"https:\/\/www.hediyepazar.com\/index.php?rest_route=%2Fwp%2Fv2%2Fproduct_brand&post=120235"},{"taxonomy":"product_cat","embeddable":true,"href":"https:\/\/www.hediyepazar.com\/index.php?rest_route=%2Fwp%2Fv2%2Fproduct_cat&post=120235"},{"taxonomy":"product_tag","embeddable":true,"href":"https:\/\/www.hediyepazar.com\/index.php?rest_route=%2Fwp%2Fv2%2Fproduct_tag&post=120235"}],"curies":[{"name":"wp","href":"https:\/\/api.w.org\/{rel}","templated":true}]}}