{"id":120236,"date":"2026-05-06T03:19:48","date_gmt":"2026-05-06T06:19:48","guid":{"rendered":"https:\/\/www.hediyepazar.com\/?product=arac-ici-difuzor-yildiz-projeksiyonlu-ve-aromaterapi-ozellikli"},"modified":"2026-05-06T03:19:48","modified_gmt":"2026-05-06T06:19:48","slug":"arac-ici-difuzor-yildiz-projeksiyonlu-ve-aromaterapi-ozellikli","status":"publish","type":"product","link":"https:\/\/www.hediyepazar.com\/?product=arac-ici-difuzor-yildiz-projeksiyonlu-ve-aromaterapi-ozellikli","title":{"rendered":"Ara\u00e7 \u0130\u00e7i Dif\u00fcz\u00f6r Y\u0131ld\u0131z Projeksiyonlu ve Aromaterapi \u00d6zellikli"},"content":{"rendered":"<p>Arac\u0131n\u0131z\u0131n atmosferini yenileyin! Ara\u00e7 \u0130\u00e7i Dif\u00fcz\u00f6r Y\u0131ld\u0131z Projeksiyonlu ve Aromaterapi \u00d6zellikli, estetik tasar\u0131m\u0131 ve \u00e7ok fonksiyonlu yap\u0131s\u0131yla yolculuk deneyiminizi bir \u00fcst seviyeye ta\u015f\u0131r.Y\u00fcksek kaliteli malzemelerden \u00fcretilen bu cihaz, dayan\u0131kl\u0131 ala\u015f\u0131m g\u00f6vdesi sayesinde uzun \u00f6m\u00fcrl\u00fc kullan\u0131m sunar. A\u015f\u0131nmalara kar\u015f\u0131 diren\u00e7li yap\u0131s\u0131, her g\u00fcn kullan\u0131lsa bile ilk g\u00fcnk\u00fc g\u00f6r\u00fcn\u00fcm\u00fcn\u00fc korur.Sadece bir hava nemlendirici de\u011fil, ayn\u0131 zamanda bir aromaterapi dif\u00fcz\u00f6r\u00fcd\u00fcr.Favori u\u00e7ucu ya\u011flar\u0131n\u0131zdan birka\u00e7 damla ekleyerek arac\u0131n\u0131zda, evinizde veya ofisinizde rahatlat\u0131c\u0131 bir atmosfer olu\u015fturabilirsiniz. Y\u0131ld\u0131z projeksiyonlu ayd\u0131nlatmas\u0131, \u00f6zellikle gece s\u00fcr\u00fc\u015flerinde arac\u0131n\u0131za huzurlu bir ambiyans kazand\u0131r\u0131r.Kompakt ve \u015f\u0131k tasar\u0131m\u0131, arac\u0131n\u0131z\u0131n i\u00e7 tasar\u0131m\u0131yla m\u00fckemmel bir uyum sa\u011flar.Sessiz \u00e7al\u0131\u015fma teknolojisi, rahats\u0131z edici g\u00fcr\u00fclt\u00fc olmadan ferah bir hava sa\u011flar.USB ba\u011flant\u0131s\u0131 sayesinde kolayca enerji alabilir ve her ara\u00e7 tipinde kullan\u0131labilir.Ara\u00e7 \u0130\u00e7i Dif\u00fcz\u00f6r Y\u0131ld\u0131z Projeksiyonlu ve Aromaterapi \u00d6zellikli, sadece konforu de\u011fil, ayn\u0131 zamanda tarz\u0131 da arac\u0131n\u0131za ta\u015f\u0131r. Hem fonksiyonel hem de dekoratif bir \u00e7\u00f6z\u00fcm arayanlar i\u00e7in m\u00fckemmel bir se\u00e7imdir.<\/p>\n","protected":false},"excerpt":{"rendered":"<p>Arac\u0131n\u0131z\u0131n atmosferini yenileyin! Ara\u00e7 \u0130\u00e7i Dif\u00fcz\u00f6r Y\u0131ld\u0131z Projeksiyonlu ve Aromaterapi \u00d6zellikli, estetik tasar\u0131m\u0131 ve \u00e7ok fonksiyonlu yap\u0131s\u0131yla yolculuk deneyiminizi bir \u00fcst seviyeye ta\u015f\u0131r.Y\u00fcksek kaliteli malzemelerden \u00fcretilen bu cihaz, dayan\u0131kl\u0131 ala\u015f\u0131m g\u00f6vdesi sayesinde uzun \u00f6m\u00fcrl\u00fc kullan\u0131m sunar. A\u015f\u0131nmalara kar\u015f\u0131 diren\u00e7li yap\u0131s\u0131, her g\u00fcn kullan\u0131lsa bile ilk g\u00fcnk\u00fc g\u00f6r\u00fcn\u00fcm\u00fcn\u00fc korur.Sadece bir hava nemlendirici de\u011fil, ayn\u0131 zamanda bir&#8230;<\/p>\n","protected":false},"featured_media":0,"comment_status":"open","ping_status":"closed","template":"","meta":{"_kad_post_transparent":"","_kad_post_title":"","_kad_post_layout":"","_kad_post_sidebar_id":"","_kad_post_content_style":"","_kad_post_vertical_padding":"","_kad_post_feature":"","_kad_post_feature_position":"","_kad_post_header":false,"_kad_post_footer":false,"_kad_post_classname":""},"product_brand":[],"product_cat":[14965],"product_tag":[],"class_list":{"0":"post-120236","1":"product","2":"type-product","3":"status-publish","5":"product_cat-hava-nemlendirici-hava-nemlendirici","7":"first","8":"instock","9":"purchasable","10":"product-type-simple","11":"entry","12":"content-bg","13":"loop-entry"},"_links":{"self":[{"href":"https:\/\/www.hediyepazar.com\/index.php?rest_route=\/wp\/v2\/product\/120236","targetHints":{"allow":["GET"]}}],"collection":[{"href":"https:\/\/www.hediyepazar.com\/index.php?rest_route=\/wp\/v2\/product"}],"about":[{"href":"https:\/\/www.hediyepazar.com\/index.php?rest_route=\/wp\/v2\/types\/product"}],"replies":[{"embeddable":true,"href":"https:\/\/www.hediyepazar.com\/index.php?rest_route=%2Fwp%2Fv2%2Fcomments&post=120236"}],"wp:attachment":[{"href":"https:\/\/www.hediyepazar.com\/index.php?rest_route=%2Fwp%2Fv2%2Fmedia&parent=120236"}],"wp:term":[{"taxonomy":"product_brand","embeddable":true,"href":"https:\/\/www.hediyepazar.com\/index.php?rest_route=%2Fwp%2Fv2%2Fproduct_brand&post=120236"},{"taxonomy":"product_cat","embeddable":true,"href":"https:\/\/www.hediyepazar.com\/index.php?rest_route=%2Fwp%2Fv2%2Fproduct_cat&post=120236"},{"taxonomy":"product_tag","embeddable":true,"href":"https:\/\/www.hediyepazar.com\/index.php?rest_route=%2Fwp%2Fv2%2Fproduct_tag&post=120236"}],"curies":[{"name":"wp","href":"https:\/\/api.w.org\/{rel}","templated":true}]}}