{"id":120252,"date":"2026-05-06T03:22:26","date_gmt":"2026-05-06T06:22:26","guid":{"rendered":"https:\/\/www.hediyepazar.com\/?product=4-fonksiyonlu-musluk-basligi-360-derece-donebilen-ve-su-tasarruflu"},"modified":"2026-05-06T03:22:26","modified_gmt":"2026-05-06T06:22:26","slug":"4-fonksiyonlu-musluk-basligi-360-derece-donebilen-ve-su-tasarruflu","status":"publish","type":"product","link":"https:\/\/www.hediyepazar.com\/?product=4-fonksiyonlu-musluk-basligi-360-derece-donebilen-ve-su-tasarruflu","title":{"rendered":"4 Fonksiyonlu Musluk Ba\u015fl\u0131\u011f\u0131 360 Derece D\u00f6nebilen ve Su Tasarruflu"},"content":{"rendered":"<p>Evde su kullan\u0131m\u0131n\u0131 optimize etmek ve ayn\u0131 zamanda modern bir g\u00f6r\u00fcn\u00fcm kazanmak i\u00e7in tasarlanan 4 Fonksiyonlu D\u00f6nebilen Musluk Ba\u015fl\u0131\u011f\u0131, mutfa\u011f\u0131n\u0131za veya banyonunuza hem \u015f\u0131kl\u0131k hem de pratiklik kazand\u0131r\u0131r.Ya\u011fmur, \u015felale, sprey ve kabarc\u0131k modu ile su ak\u0131\u015f\u0131n\u0131 ihtiyac\u0131n\u0131za g\u00f6re ayarlayabilir, su tasarrufu yaparken y\u00fcksek performans elde edebilirsiniz.360\u00b0 d\u00f6nebilen ba\u015fl\u0131k, lavabonun her noktas\u0131na kolay eri\u015fim sa\u011flar ve temizlik i\u015flemlerini pratik hale getirir.ABS + pirin\u00e7 ala\u015f\u0131m\u0131 g\u00f6vde, dayan\u0131kl\u0131 yap\u0131s\u0131 ile uzun y\u0131llar boyunca paslanmadan, leke tutmadan kullan\u0131labilir.Ayr\u0131ca, su ak\u0131\u015f\u0131n\u0131 dengeleyen filtre sistemi, suyun bas\u0131nc\u0131n\u0131 optimize ederek s\u0131\u00e7ramay\u0131 \u00f6nler.Kolay monte edilebilir yap\u0131s\u0131 sayesinde birka\u00e7 dakika i\u00e7inde tak\u0131labilir.Hem i\u015flevsel hem de \u00e7evreci olan bu \u00fcr\u00fcn, su faturan\u0131z\u0131 d\u00fc\u015f\u00fcr\u00fcrken estetik g\u00f6r\u00fcn\u00fcm\u00fcyle lavabonuzu modernle\u015ftirir.Mutfakta veya banyoda g\u00fcnl\u00fck konforu art\u0131rmak isteyen herkes i\u00e7in ideal bir tercihtir.<\/p>\n","protected":false},"excerpt":{"rendered":"<p>Evde su kullan\u0131m\u0131n\u0131 optimize etmek ve ayn\u0131 zamanda modern bir g\u00f6r\u00fcn\u00fcm kazanmak i\u00e7in tasarlanan 4 Fonksiyonlu D\u00f6nebilen Musluk Ba\u015fl\u0131\u011f\u0131, mutfa\u011f\u0131n\u0131za veya banyonunuza hem \u015f\u0131kl\u0131k hem de pratiklik kazand\u0131r\u0131r.Ya\u011fmur, \u015felale, sprey ve kabarc\u0131k modu ile su ak\u0131\u015f\u0131n\u0131 ihtiyac\u0131n\u0131za g\u00f6re ayarlayabilir, su tasarrufu yaparken y\u00fcksek performans elde edebilirsiniz.360\u00b0 d\u00f6nebilen ba\u015fl\u0131k, lavabonun her noktas\u0131na kolay eri\u015fim sa\u011flar ve&#8230;<\/p>\n","protected":false},"featured_media":120251,"comment_status":"open","ping_status":"closed","template":"","meta":{"_kad_post_transparent":"","_kad_post_title":"","_kad_post_layout":"","_kad_post_sidebar_id":"","_kad_post_content_style":"","_kad_post_vertical_padding":"","_kad_post_feature":"","_kad_post_feature_position":"","_kad_post_header":false,"_kad_post_footer":false,"_kad_post_classname":""},"product_brand":[],"product_cat":[15068],"product_tag":[],"class_list":{"0":"post-120252","1":"product","2":"type-product","3":"status-publish","4":"has-post-thumbnail","6":"product_cat-pratik-mutfak-gerecleri-pratik-mutfak-gerecleri-2","8":"first","9":"instock","10":"purchasable","11":"product-type-simple","12":"entry","13":"content-bg","14":"loop-entry"},"_links":{"self":[{"href":"https:\/\/www.hediyepazar.com\/index.php?rest_route=\/wp\/v2\/product\/120252","targetHints":{"allow":["GET"]}}],"collection":[{"href":"https:\/\/www.hediyepazar.com\/index.php?rest_route=\/wp\/v2\/product"}],"about":[{"href":"https:\/\/www.hediyepazar.com\/index.php?rest_route=\/wp\/v2\/types\/product"}],"replies":[{"embeddable":true,"href":"https:\/\/www.hediyepazar.com\/index.php?rest_route=%2Fwp%2Fv2%2Fcomments&post=120252"}],"wp:featuredmedia":[{"embeddable":true,"href":"https:\/\/www.hediyepazar.com\/index.php?rest_route=\/wp\/v2\/media\/120251"}],"wp:attachment":[{"href":"https:\/\/www.hediyepazar.com\/index.php?rest_route=%2Fwp%2Fv2%2Fmedia&parent=120252"}],"wp:term":[{"taxonomy":"product_brand","embeddable":true,"href":"https:\/\/www.hediyepazar.com\/index.php?rest_route=%2Fwp%2Fv2%2Fproduct_brand&post=120252"},{"taxonomy":"product_cat","embeddable":true,"href":"https:\/\/www.hediyepazar.com\/index.php?rest_route=%2Fwp%2Fv2%2Fproduct_cat&post=120252"},{"taxonomy":"product_tag","embeddable":true,"href":"https:\/\/www.hediyepazar.com\/index.php?rest_route=%2Fwp%2Fv2%2Fproduct_tag&post=120252"}],"curies":[{"name":"wp","href":"https:\/\/api.w.org\/{rel}","templated":true}]}}