{"id":120264,"date":"2026-05-06T03:24:24","date_gmt":"2026-05-06T06:24:24","guid":{"rendered":"https:\/\/www.hediyepazar.com\/?product=1080p-wifi-ampul-kamera-uzaktan-erisimli-hareket-sensorlu-gece-goruslu"},"modified":"2026-05-06T03:24:24","modified_gmt":"2026-05-06T06:24:24","slug":"1080p-wifi-ampul-kamera-uzaktan-erisimli-hareket-sensorlu-gece-goruslu","status":"publish","type":"product","link":"https:\/\/www.hediyepazar.com\/?product=1080p-wifi-ampul-kamera-uzaktan-erisimli-hareket-sensorlu-gece-goruslu","title":{"rendered":"1080P WiFi Ampul Kamera Uzaktan Eri\u015fimli Hareket Sens\u00f6rl\u00fc Gece G\u00f6r\u00fc\u015fl\u00fc"},"content":{"rendered":"<p>Ak\u0131ll\u0131 g\u00fcvenlik teknolojisini evinize ta\u015f\u0131yan WiFi Ampul Kamera, g\u00f6r\u00fcnmez koruma sa\u011flar.1080P Full HD \u00e7\u00f6z\u00fcn\u00fcrl\u00fck ve 2MP geni\u015f a\u00e7\u0131l\u0131 lens ile y\u00fcksek netlikte g\u00f6r\u00fcnt\u00fcler sunar.Hem g\u00fcnd\u00fcz hem de gece, her detay\u0131 kusursuz bi\u00e7imde kaydeder.Hareket alg\u0131lama sistemi, anl\u0131k hareketleri tespit eder ve size bildirim g\u00f6nderir.Bu sayede ev, ofis, depo veya garaj gibi alanlarda maksimum g\u00fcvenlik sa\u011flan\u0131r.Uzaktan izleme \u00f6zelli\u011fi ile telefon veya tabletinizden anl\u0131k olarak kameraya ba\u011flanabilir,sevdiklerinizi ve m\u00fclk\u00fcn\u00fcz\u00fc her zaman takip edebilirsiniz.Kurulumu son derece basittir \u2014 sadece ampul duyuna tak\u0131n ve hemen kullanmaya ba\u015flay\u0131n.Gece g\u00f6r\u00fc\u015f modu, tamamen karanl\u0131k ortamlarda bile net ve detayl\u0131 g\u00f6r\u00fcnt\u00fcler elde etmenizi sa\u011flar.Kompakt ve estetik tasar\u0131m\u0131yla, dikkat \u00e7ekmeden g\u00fc\u00e7l\u00fc bir g\u00fcvenlik \u00e7\u00f6z\u00fcm\u00fc sunar.<\/p>\n","protected":false},"excerpt":{"rendered":"<p>Ak\u0131ll\u0131 g\u00fcvenlik teknolojisini evinize ta\u015f\u0131yan WiFi Ampul Kamera, g\u00f6r\u00fcnmez koruma sa\u011flar.1080P Full HD \u00e7\u00f6z\u00fcn\u00fcrl\u00fck ve 2MP geni\u015f a\u00e7\u0131l\u0131 lens ile y\u00fcksek netlikte g\u00f6r\u00fcnt\u00fcler sunar.Hem g\u00fcnd\u00fcz hem de gece, her detay\u0131 kusursuz bi\u00e7imde kaydeder.Hareket alg\u0131lama sistemi, anl\u0131k hareketleri tespit eder ve size bildirim g\u00f6nderir.Bu sayede ev, ofis, depo veya garaj gibi alanlarda maksimum g\u00fcvenlik sa\u011flan\u0131r.Uzaktan izleme&#8230;<\/p>\n","protected":false},"featured_media":120263,"comment_status":"open","ping_status":"closed","template":"","meta":{"_kad_post_transparent":"","_kad_post_title":"","_kad_post_layout":"","_kad_post_sidebar_id":"","_kad_post_content_style":"","_kad_post_vertical_padding":"","_kad_post_feature":"","_kad_post_feature_position":"","_kad_post_header":false,"_kad_post_footer":false,"_kad_post_classname":""},"product_brand":[],"product_cat":[14985],"product_tag":[],"class_list":{"0":"post-120264","1":"product","2":"type-product","3":"status-publish","4":"has-post-thumbnail","6":"product_cat-akilli-guvenlik-urunu-akilli-guvenlik-urunu","8":"first","9":"instock","10":"purchasable","11":"product-type-simple","12":"entry","13":"content-bg","14":"loop-entry"},"_links":{"self":[{"href":"https:\/\/www.hediyepazar.com\/index.php?rest_route=\/wp\/v2\/product\/120264","targetHints":{"allow":["GET"]}}],"collection":[{"href":"https:\/\/www.hediyepazar.com\/index.php?rest_route=\/wp\/v2\/product"}],"about":[{"href":"https:\/\/www.hediyepazar.com\/index.php?rest_route=\/wp\/v2\/types\/product"}],"replies":[{"embeddable":true,"href":"https:\/\/www.hediyepazar.com\/index.php?rest_route=%2Fwp%2Fv2%2Fcomments&post=120264"}],"wp:featuredmedia":[{"embeddable":true,"href":"https:\/\/www.hediyepazar.com\/index.php?rest_route=\/wp\/v2\/media\/120263"}],"wp:attachment":[{"href":"https:\/\/www.hediyepazar.com\/index.php?rest_route=%2Fwp%2Fv2%2Fmedia&parent=120264"}],"wp:term":[{"taxonomy":"product_brand","embeddable":true,"href":"https:\/\/www.hediyepazar.com\/index.php?rest_route=%2Fwp%2Fv2%2Fproduct_brand&post=120264"},{"taxonomy":"product_cat","embeddable":true,"href":"https:\/\/www.hediyepazar.com\/index.php?rest_route=%2Fwp%2Fv2%2Fproduct_cat&post=120264"},{"taxonomy":"product_tag","embeddable":true,"href":"https:\/\/www.hediyepazar.com\/index.php?rest_route=%2Fwp%2Fv2%2Fproduct_tag&post=120264"}],"curies":[{"name":"wp","href":"https:\/\/api.w.org\/{rel}","templated":true}]}}