{"id":120304,"date":"2026-05-06T03:28:13","date_gmt":"2026-05-06T06:28:13","guid":{"rendered":"https:\/\/www.hediyepazar.com\/?product=sessiz-calisan-turbo-fan-guclu-hava-akisli-masa-ustu-vantilator"},"modified":"2026-05-06T03:28:13","modified_gmt":"2026-05-06T06:28:13","slug":"sessiz-calisan-turbo-fan-guclu-hava-akisli-masa-ustu-vantilator","status":"publish","type":"product","link":"https:\/\/www.hediyepazar.com\/?product=sessiz-calisan-turbo-fan-guclu-hava-akisli-masa-ustu-vantilator","title":{"rendered":"Sessiz \u00c7al\u0131\u015fan Turbo Fan G\u00fc\u00e7l\u00fc Hava Ak\u0131\u015fl\u0131 Masa \u00dcst\u00fc Vantilat\u00f6r"},"content":{"rendered":"<p>Evde, ofiste ya da yatak odas\u0131nda fark yaratacak bir serinlik deneyimi!Bu sessiz \u00e7al\u0131\u015fan Turbo Fan, g\u00fc\u00e7l\u00fc performans\u0131 ve \u015f\u0131k tasar\u0131m\u0131yla dikkat \u00e7ekiyor.Turbo Fan teknolojisi sayesinde hava ak\u0131\u015f\u0131n\u0131 h\u0131zla y\u00f6nlendirir ve ortam\u0131 k\u0131sa s\u00fcrede serinletir.Ayarlanabilir h\u0131z seviyeleri, diledi\u011finiz serinlik seviyesini kolayca ayarlaman\u0131z\u0131 sa\u011flar.Geli\u015fmi\u015f g\u00fcr\u00fclt\u00fc azaltma sistemi, cihaz\u0131n ultra sessiz \u00e7al\u0131\u015fmas\u0131n\u0131 sa\u011flar; b\u00f6ylece gece boyunca konforlu bir uyku deneyimi ya\u015fars\u0131n\u0131z.Kompakt tasar\u0131m\u0131, masa \u00fcstlerinde veya k\u00fc\u00e7\u00fck odalarda rahatl\u0131kla kullan\u0131labilir.Enerji tasarruflu motoru, \u00e7evre dostu bir kullan\u0131m sunarken elektrik t\u00fcketimini minimumda tutar.G\u00fcn\u00fcn her saatinde serin kalmak isteyenler i\u00e7in ideal bir yard\u0131mc\u0131d\u0131r.Hafif ve ta\u015f\u0131nabilir yap\u0131s\u0131yla evin her k\u00f6\u015fesinde kolayca kullan\u0131labilir.<\/p>\n","protected":false},"excerpt":{"rendered":"<p>Evde, ofiste ya da yatak odas\u0131nda fark yaratacak bir serinlik deneyimi!Bu sessiz \u00e7al\u0131\u015fan Turbo Fan, g\u00fc\u00e7l\u00fc performans\u0131 ve \u015f\u0131k tasar\u0131m\u0131yla dikkat \u00e7ekiyor.Turbo Fan teknolojisi sayesinde hava ak\u0131\u015f\u0131n\u0131 h\u0131zla y\u00f6nlendirir ve ortam\u0131 k\u0131sa s\u00fcrede serinletir.Ayarlanabilir h\u0131z seviyeleri, diledi\u011finiz serinlik seviyesini kolayca ayarlaman\u0131z\u0131 sa\u011flar.Geli\u015fmi\u015f g\u00fcr\u00fclt\u00fc azaltma sistemi, cihaz\u0131n ultra sessiz \u00e7al\u0131\u015fmas\u0131n\u0131 sa\u011flar; b\u00f6ylece gece boyunca konforlu bir&#8230;<\/p>\n","protected":false},"featured_media":120303,"comment_status":"open","ping_status":"closed","template":"","meta":{"_kad_post_transparent":"","_kad_post_title":"","_kad_post_layout":"","_kad_post_sidebar_id":"","_kad_post_content_style":"","_kad_post_vertical_padding":"","_kad_post_feature":"","_kad_post_feature_position":"","_kad_post_header":false,"_kad_post_footer":false,"_kad_post_classname":""},"product_brand":[],"product_cat":[15021],"product_tag":[],"class_list":{"0":"post-120304","1":"product","2":"type-product","3":"status-publish","4":"has-post-thumbnail","6":"product_cat-vantilator-vantilator","8":"first","9":"instock","10":"purchasable","11":"product-type-simple","12":"entry","13":"content-bg","14":"loop-entry"},"_links":{"self":[{"href":"https:\/\/www.hediyepazar.com\/index.php?rest_route=\/wp\/v2\/product\/120304","targetHints":{"allow":["GET"]}}],"collection":[{"href":"https:\/\/www.hediyepazar.com\/index.php?rest_route=\/wp\/v2\/product"}],"about":[{"href":"https:\/\/www.hediyepazar.com\/index.php?rest_route=\/wp\/v2\/types\/product"}],"replies":[{"embeddable":true,"href":"https:\/\/www.hediyepazar.com\/index.php?rest_route=%2Fwp%2Fv2%2Fcomments&post=120304"}],"wp:featuredmedia":[{"embeddable":true,"href":"https:\/\/www.hediyepazar.com\/index.php?rest_route=\/wp\/v2\/media\/120303"}],"wp:attachment":[{"href":"https:\/\/www.hediyepazar.com\/index.php?rest_route=%2Fwp%2Fv2%2Fmedia&parent=120304"}],"wp:term":[{"taxonomy":"product_brand","embeddable":true,"href":"https:\/\/www.hediyepazar.com\/index.php?rest_route=%2Fwp%2Fv2%2Fproduct_brand&post=120304"},{"taxonomy":"product_cat","embeddable":true,"href":"https:\/\/www.hediyepazar.com\/index.php?rest_route=%2Fwp%2Fv2%2Fproduct_cat&post=120304"},{"taxonomy":"product_tag","embeddable":true,"href":"https:\/\/www.hediyepazar.com\/index.php?rest_route=%2Fwp%2Fv2%2Fproduct_tag&post=120304"}],"curies":[{"name":"wp","href":"https:\/\/api.w.org\/{rel}","templated":true}]}}