{"id":120314,"date":"2026-05-06T03:29:15","date_gmt":"2026-05-06T06:29:15","guid":{"rendered":"https:\/\/www.hediyepazar.com\/?product=paslanmaz-celik-elektrikli-cezve-800w-6-fincan-kapasiteli"},"modified":"2026-05-06T03:29:15","modified_gmt":"2026-05-06T06:29:15","slug":"paslanmaz-celik-elektrikli-cezve-800w-6-fincan-kapasiteli","status":"publish","type":"product","link":"https:\/\/www.hediyepazar.com\/?product=paslanmaz-celik-elektrikli-cezve-800w-6-fincan-kapasiteli","title":{"rendered":"Paslanmaz \u00c7elik Elektrikli Cezve 800W 6 Fincan Kapasiteli"},"content":{"rendered":"<p>Kahve keyfini teknolojiyle bulu\u015fturan bu 800W g\u00fcc\u00fcndeki elektrikli cezve, m\u00fckemmel T\u00fcrk kahvesi deneyimi sunmak i\u00e7in tasarland\u0131.300 ml kapasitesi sayesinde tek seferde 6 fincana kadar kahve haz\u0131rlayabilir, dostlar\u0131n\u0131zla keyifli kahve sohbetleri yapabilirsiniz.Gizli rezistans teknolojisi, cezvenin taban\u0131n\u0131 p\u00fcr\u00fczs\u00fcz hale getirir; bu da hem g\u00fcvenli pi\u015firme hem de kolay temizlik avantaj\u0131 sa\u011flar.360\u00b0 d\u00f6nebilen kablosuz taban\u0131, cezveyi her y\u00f6nden rahat\u00e7a kald\u0131r\u0131p kullanman\u0131z\u0131 sa\u011flar.Paslanmaz \u00e7elik g\u00f6vdesi, uzun \u00f6m\u00fcrl\u00fc, sa\u011flam ve estetik bir yap\u0131 sunarken mutfa\u011f\u0131n\u0131za modern bir hava katar.Is\u0131nmayan ergonomik kulp, g\u00fcvenli kullan\u0131m sa\u011flar.K\u0131rm\u0131z\u0131 g\u00fc\u00e7 d\u00fc\u011fmesiyle kolay a\u00e7ma-kapama imkan\u0131 sunar.Hem pratik hem de \u015f\u0131k bu cezve, g\u00fcnl\u00fck kahve haz\u0131rl\u0131\u011f\u0131n\u0131z\u0131 zahmetsiz hale getirir.Geleneksel T\u00fcrk kahvesinin kokusunu, modern teknolojinin konforuyla ya\u015famak isteyenler i\u00e7in m\u00fckemmel bir tercihtir.<\/p>\n","protected":false},"excerpt":{"rendered":"<p>Kahve keyfini teknolojiyle bulu\u015fturan bu 800W g\u00fcc\u00fcndeki elektrikli cezve, m\u00fckemmel T\u00fcrk kahvesi deneyimi sunmak i\u00e7in tasarland\u0131.300 ml kapasitesi sayesinde tek seferde 6 fincana kadar kahve haz\u0131rlayabilir, dostlar\u0131n\u0131zla keyifli kahve sohbetleri yapabilirsiniz.Gizli rezistans teknolojisi, cezvenin taban\u0131n\u0131 p\u00fcr\u00fczs\u00fcz hale getirir; bu da hem g\u00fcvenli pi\u015firme hem de kolay temizlik avantaj\u0131 sa\u011flar.360\u00b0 d\u00f6nebilen kablosuz taban\u0131, cezveyi her y\u00f6nden&#8230;<\/p>\n","protected":false},"featured_media":120313,"comment_status":"open","ping_status":"closed","template":"","meta":{"_kad_post_transparent":"","_kad_post_title":"","_kad_post_layout":"","_kad_post_sidebar_id":"","_kad_post_content_style":"","_kad_post_vertical_padding":"","_kad_post_feature":"","_kad_post_feature_position":"","_kad_post_header":false,"_kad_post_footer":false,"_kad_post_classname":""},"product_brand":[],"product_cat":[15099],"product_tag":[],"class_list":{"0":"post-120314","1":"product","2":"type-product","3":"status-publish","4":"has-post-thumbnail","6":"product_cat-kahve-makinesi-kahve-makinesi","8":"first","9":"instock","10":"purchasable","11":"product-type-simple","12":"entry","13":"content-bg","14":"loop-entry"},"_links":{"self":[{"href":"https:\/\/www.hediyepazar.com\/index.php?rest_route=\/wp\/v2\/product\/120314","targetHints":{"allow":["GET"]}}],"collection":[{"href":"https:\/\/www.hediyepazar.com\/index.php?rest_route=\/wp\/v2\/product"}],"about":[{"href":"https:\/\/www.hediyepazar.com\/index.php?rest_route=\/wp\/v2\/types\/product"}],"replies":[{"embeddable":true,"href":"https:\/\/www.hediyepazar.com\/index.php?rest_route=%2Fwp%2Fv2%2Fcomments&post=120314"}],"wp:featuredmedia":[{"embeddable":true,"href":"https:\/\/www.hediyepazar.com\/index.php?rest_route=\/wp\/v2\/media\/120313"}],"wp:attachment":[{"href":"https:\/\/www.hediyepazar.com\/index.php?rest_route=%2Fwp%2Fv2%2Fmedia&parent=120314"}],"wp:term":[{"taxonomy":"product_brand","embeddable":true,"href":"https:\/\/www.hediyepazar.com\/index.php?rest_route=%2Fwp%2Fv2%2Fproduct_brand&post=120314"},{"taxonomy":"product_cat","embeddable":true,"href":"https:\/\/www.hediyepazar.com\/index.php?rest_route=%2Fwp%2Fv2%2Fproduct_cat&post=120314"},{"taxonomy":"product_tag","embeddable":true,"href":"https:\/\/www.hediyepazar.com\/index.php?rest_route=%2Fwp%2Fv2%2Fproduct_tag&post=120314"}],"curies":[{"name":"wp","href":"https:\/\/api.w.org\/{rel}","templated":true}]}}