{"id":120316,"date":"2026-05-06T03:29:20","date_gmt":"2026-05-06T06:29:20","guid":{"rendered":"https:\/\/www.hediyepazar.com\/?product=dijital-ekranli-kablosuz-hava-pompasi-led-isikli-12v-80w"},"modified":"2026-05-06T03:29:20","modified_gmt":"2026-05-06T06:29:20","slug":"dijital-ekranli-kablosuz-hava-pompasi-led-isikli-12v-80w","status":"publish","type":"product","link":"https:\/\/www.hediyepazar.com\/?product=dijital-ekranli-kablosuz-hava-pompasi-led-isikli-12v-80w","title":{"rendered":"Dijital Ekranl\u0131 Kablosuz Hava Pompas\u0131 LED I\u015f\u0131kl\u0131 12V 80W"},"content":{"rendered":"<p>Kablosuz dijital hava pompas\u0131, g\u00fc\u00e7l\u00fc performans\u0131 ve ak\u0131ll\u0131 \u00f6zellikleriyle s\u00fcr\u00fc\u015f g\u00fcvenli\u011finizi art\u0131r\u0131r.80W motor g\u00fcc\u00fc, lastiklerinizi h\u0131zl\u0131ca \u015fi\u015firmenizi sa\u011flarken; kompakt boyutu sayesinde kolay ta\u015f\u0131nabilirlik sunar.Araba, motosiklet, bisiklet ve toplar i\u00e7in uygundur.Dijital ekran, bas\u0131n\u00e7 de\u011ferlerini hassas bir \u015fekilde g\u00f6sterir.Otomatik durma fonksiyonu, a\u015f\u0131r\u0131 \u015fi\u015firmeyi \u00f6nleyerek g\u00fcvenli kullan\u0131m sa\u011flar.LED ayd\u0131nlatma ve SOS acil durum \u0131\u015f\u0131\u011f\u0131, gece veya karanl\u0131k ortamlarda ekstra g\u00fcvenlik sunar.Dayan\u0131kl\u0131 malzemelerle \u00fcretilen g\u00f6vdesi uzun \u00f6m\u00fcrl\u00fcd\u00fcr.Kablosuz \u00e7al\u0131\u015fma sistemi, kablo karma\u015fas\u0131ndan kurtulman\u0131z\u0131 sa\u011flar.\u0130ster \u015fehir i\u00e7inde ister uzun yolculukta olun, bu cihaz her an haz\u0131r bir g\u00fcvenlik destek\u00e7inizdir!<\/p>\n","protected":false},"excerpt":{"rendered":"<p>Kablosuz dijital hava pompas\u0131, g\u00fc\u00e7l\u00fc performans\u0131 ve ak\u0131ll\u0131 \u00f6zellikleriyle s\u00fcr\u00fc\u015f g\u00fcvenli\u011finizi art\u0131r\u0131r.80W motor g\u00fcc\u00fc, lastiklerinizi h\u0131zl\u0131ca \u015fi\u015firmenizi sa\u011flarken; kompakt boyutu sayesinde kolay ta\u015f\u0131nabilirlik sunar.Araba, motosiklet, bisiklet ve toplar i\u00e7in uygundur.Dijital ekran, bas\u0131n\u00e7 de\u011ferlerini hassas bir \u015fekilde g\u00f6sterir.Otomatik durma fonksiyonu, a\u015f\u0131r\u0131 \u015fi\u015firmeyi \u00f6nleyerek g\u00fcvenli kullan\u0131m sa\u011flar.LED ayd\u0131nlatma ve SOS acil durum \u0131\u015f\u0131\u011f\u0131, gece veya karanl\u0131k ortamlarda&#8230;<\/p>\n","protected":false},"featured_media":120315,"comment_status":"open","ping_status":"closed","template":"","meta":{"_kad_post_transparent":"","_kad_post_title":"","_kad_post_layout":"","_kad_post_sidebar_id":"","_kad_post_content_style":"","_kad_post_vertical_padding":"","_kad_post_feature":"","_kad_post_feature_position":"","_kad_post_header":false,"_kad_post_footer":false,"_kad_post_classname":""},"product_brand":[],"product_cat":[15053],"product_tag":[],"class_list":{"0":"post-120316","1":"product","2":"type-product","3":"status-publish","4":"has-post-thumbnail","6":"product_cat-oto-bakim-seti-oto-bakim-seti-2","8":"first","9":"instock","10":"purchasable","11":"product-type-simple","12":"entry","13":"content-bg","14":"loop-entry"},"_links":{"self":[{"href":"https:\/\/www.hediyepazar.com\/index.php?rest_route=\/wp\/v2\/product\/120316","targetHints":{"allow":["GET"]}}],"collection":[{"href":"https:\/\/www.hediyepazar.com\/index.php?rest_route=\/wp\/v2\/product"}],"about":[{"href":"https:\/\/www.hediyepazar.com\/index.php?rest_route=\/wp\/v2\/types\/product"}],"replies":[{"embeddable":true,"href":"https:\/\/www.hediyepazar.com\/index.php?rest_route=%2Fwp%2Fv2%2Fcomments&post=120316"}],"wp:featuredmedia":[{"embeddable":true,"href":"https:\/\/www.hediyepazar.com\/index.php?rest_route=\/wp\/v2\/media\/120315"}],"wp:attachment":[{"href":"https:\/\/www.hediyepazar.com\/index.php?rest_route=%2Fwp%2Fv2%2Fmedia&parent=120316"}],"wp:term":[{"taxonomy":"product_brand","embeddable":true,"href":"https:\/\/www.hediyepazar.com\/index.php?rest_route=%2Fwp%2Fv2%2Fproduct_brand&post=120316"},{"taxonomy":"product_cat","embeddable":true,"href":"https:\/\/www.hediyepazar.com\/index.php?rest_route=%2Fwp%2Fv2%2Fproduct_cat&post=120316"},{"taxonomy":"product_tag","embeddable":true,"href":"https:\/\/www.hediyepazar.com\/index.php?rest_route=%2Fwp%2Fv2%2Fproduct_tag&post=120316"}],"curies":[{"name":"wp","href":"https:\/\/api.w.org\/{rel}","templated":true}]}}