{"id":120318,"date":"2026-05-06T03:30:00","date_gmt":"2026-05-06T06:30:00","guid":{"rendered":"https:\/\/www.hediyepazar.com\/?product=tasinabilir-80w-kablosuz-lastik-sisirme-pompasi-dijital-ekranli"},"modified":"2026-05-06T03:30:00","modified_gmt":"2026-05-06T06:30:00","slug":"tasinabilir-80w-kablosuz-lastik-sisirme-pompasi-dijital-ekranli","status":"publish","type":"product","link":"https:\/\/www.hediyepazar.com\/?product=tasinabilir-80w-kablosuz-lastik-sisirme-pompasi-dijital-ekranli","title":{"rendered":"Ta\u015f\u0131nabilir 80W Kablosuz Lastik \u015ei\u015firme Pompas\u0131 Dijital Ekranl\u0131"},"content":{"rendered":"<p>Her yolculukta g\u00fcvenle ilerleyin!Bu kablosuz ta\u015f\u0131nabilir lastik pompas\u0131, g\u00fc\u00e7l\u00fc 80W motoru ile dakikalar i\u00e7inde lastikleri \u015fi\u015firir.Kompakt ve hafif yap\u0131s\u0131 sayesinde arac\u0131n\u0131zda kolayca ta\u015f\u0131nabilir ve her an kullan\u0131ma haz\u0131rd\u0131r.Dijital ekranl\u0131 kontrol panel, hava bas\u0131nc\u0131n\u0131 net \u015fekilde g\u00f6sterir.Otomatik durdurma sistemi, hedeflenen de\u011fere ula\u015f\u0131ld\u0131\u011f\u0131nda cihaz\u0131 otomatik olarak kapatarak fazla \u015fi\u015firmeyi \u00f6nler.D\u00f6rt farkl\u0131 mod se\u00e7ene\u011fi, bisiklet, araba, motosiklet veya top gibi farkl\u0131 kullan\u0131m alanlar\u0131nda maksimum performans sa\u011flar.LED ayd\u0131nlatma ve SOS fonksiyonu, gece s\u00fcr\u00fc\u015flerinde ve acil durumlarda g\u00fcvenlik sunar.Dayan\u0131kl\u0131 g\u00f6vde yap\u0131s\u0131, uzun s\u00fcreli kullan\u0131m i\u00e7in tasarlanm\u0131\u015ft\u0131r.12V uyumlulu\u011fu ve kablosuz kullan\u0131m\u0131yla, seyahatlerde yan\u0131n\u0131zda ta\u015f\u0131yabilece\u011finiz m\u00fckemmel bir ara\u00e7t\u0131r.<\/p>\n","protected":false},"excerpt":{"rendered":"<p>Her yolculukta g\u00fcvenle ilerleyin!Bu kablosuz ta\u015f\u0131nabilir lastik pompas\u0131, g\u00fc\u00e7l\u00fc 80W motoru ile dakikalar i\u00e7inde lastikleri \u015fi\u015firir.Kompakt ve hafif yap\u0131s\u0131 sayesinde arac\u0131n\u0131zda kolayca ta\u015f\u0131nabilir ve her an kullan\u0131ma haz\u0131rd\u0131r.Dijital ekranl\u0131 kontrol panel, hava bas\u0131nc\u0131n\u0131 net \u015fekilde g\u00f6sterir.Otomatik durdurma sistemi, hedeflenen de\u011fere ula\u015f\u0131ld\u0131\u011f\u0131nda cihaz\u0131 otomatik olarak kapatarak fazla \u015fi\u015firmeyi \u00f6nler.D\u00f6rt farkl\u0131 mod se\u00e7ene\u011fi, bisiklet, araba, motosiklet veya&#8230;<\/p>\n","protected":false},"featured_media":120317,"comment_status":"open","ping_status":"closed","template":"","meta":{"_kad_post_transparent":"","_kad_post_title":"","_kad_post_layout":"","_kad_post_sidebar_id":"","_kad_post_content_style":"","_kad_post_vertical_padding":"","_kad_post_feature":"","_kad_post_feature_position":"","_kad_post_header":false,"_kad_post_footer":false,"_kad_post_classname":""},"product_brand":[],"product_cat":[15053],"product_tag":[],"class_list":{"0":"post-120318","1":"product","2":"type-product","3":"status-publish","4":"has-post-thumbnail","6":"product_cat-oto-bakim-seti-oto-bakim-seti-2","8":"first","9":"instock","10":"purchasable","11":"product-type-simple","12":"entry","13":"content-bg","14":"loop-entry"},"_links":{"self":[{"href":"https:\/\/www.hediyepazar.com\/index.php?rest_route=\/wp\/v2\/product\/120318","targetHints":{"allow":["GET"]}}],"collection":[{"href":"https:\/\/www.hediyepazar.com\/index.php?rest_route=\/wp\/v2\/product"}],"about":[{"href":"https:\/\/www.hediyepazar.com\/index.php?rest_route=\/wp\/v2\/types\/product"}],"replies":[{"embeddable":true,"href":"https:\/\/www.hediyepazar.com\/index.php?rest_route=%2Fwp%2Fv2%2Fcomments&post=120318"}],"wp:featuredmedia":[{"embeddable":true,"href":"https:\/\/www.hediyepazar.com\/index.php?rest_route=\/wp\/v2\/media\/120317"}],"wp:attachment":[{"href":"https:\/\/www.hediyepazar.com\/index.php?rest_route=%2Fwp%2Fv2%2Fmedia&parent=120318"}],"wp:term":[{"taxonomy":"product_brand","embeddable":true,"href":"https:\/\/www.hediyepazar.com\/index.php?rest_route=%2Fwp%2Fv2%2Fproduct_brand&post=120318"},{"taxonomy":"product_cat","embeddable":true,"href":"https:\/\/www.hediyepazar.com\/index.php?rest_route=%2Fwp%2Fv2%2Fproduct_cat&post=120318"},{"taxonomy":"product_tag","embeddable":true,"href":"https:\/\/www.hediyepazar.com\/index.php?rest_route=%2Fwp%2Fv2%2Fproduct_tag&post=120318"}],"curies":[{"name":"wp","href":"https:\/\/api.w.org\/{rel}","templated":true}]}}