{"id":120332,"date":"2026-05-06T03:33:08","date_gmt":"2026-05-06T06:33:08","guid":{"rendered":"https:\/\/www.hediyepazar.com\/?product=rgb-aydinlatmali-q-klavye-turkce-karakter-destekli"},"modified":"2026-05-06T03:33:08","modified_gmt":"2026-05-06T06:33:08","slug":"rgb-aydinlatmali-q-klavye-turkce-karakter-destekli","status":"publish","type":"product","link":"https:\/\/www.hediyepazar.com\/?product=rgb-aydinlatmali-q-klavye-turkce-karakter-destekli","title":{"rendered":"RGB Ayd\u0131nlatmal\u0131 Q Klavye T\u00fcrk\u00e7e Karakter Destekli"},"content":{"rendered":"<p>Yaz\u0131 deneyiminizi konfor ve \u015f\u0131kl\u0131kla bulu\u015fturun!Bu RGB Ayd\u0131nlatmal\u0131 Q Klavye, T\u00fcrk\u00e7e karakter destekli d\u00fczeni sayesinde g\u00fcnl\u00fck kullan\u0131mda h\u0131zl\u0131, hatas\u0131z ve rahat yaz\u0131m imk\u00e2n\u0131 sunar.\u00d6zel olarak tasarlanm\u0131\u015f tu\u015f yap\u0131s\u0131, uzun s\u00fcreli kullan\u0131mlarda bile parmak yorgunlu\u011funu azalt\u0131r.RGB ayd\u0131nlatma efektleri, d\u00fc\u015f\u00fck \u0131\u015f\u0131kl\u0131 ortamlarda bile y\u00fcksek g\u00f6r\u00fcn\u00fcrl\u00fck sa\u011flar ve masan\u0131za modern bir dokunu\u015f katar.I\u015f\u0131k renklerini ve efekt ge\u00e7i\u015flerini zevkinize g\u00f6re ayarlayarak ki\u015fisel bir \u00e7al\u0131\u015fma ortam\u0131 olu\u015fturabilirsiniz.Dayan\u0131kl\u0131 tu\u015f mekanizmas\u0131, uzun \u00f6m\u00fcrl\u00fc kullan\u0131m i\u00e7in geli\u015ftirilmi\u015ftir.\u0130ster i\u015f, ister oyun ama\u00e7l\u0131 kullan\u0131n; bu klavye hem performans hem de estetik arayanlar i\u00e7in m\u00fckemmel bir tercihtir.<\/p>\n","protected":false},"excerpt":{"rendered":"<p>Yaz\u0131 deneyiminizi konfor ve \u015f\u0131kl\u0131kla bulu\u015fturun!Bu RGB Ayd\u0131nlatmal\u0131 Q Klavye, T\u00fcrk\u00e7e karakter destekli d\u00fczeni sayesinde g\u00fcnl\u00fck kullan\u0131mda h\u0131zl\u0131, hatas\u0131z ve rahat yaz\u0131m imk\u00e2n\u0131 sunar.\u00d6zel olarak tasarlanm\u0131\u015f tu\u015f yap\u0131s\u0131, uzun s\u00fcreli kullan\u0131mlarda bile parmak yorgunlu\u011funu azalt\u0131r.RGB ayd\u0131nlatma efektleri, d\u00fc\u015f\u00fck \u0131\u015f\u0131kl\u0131 ortamlarda bile y\u00fcksek g\u00f6r\u00fcn\u00fcrl\u00fck sa\u011flar ve masan\u0131za modern bir dokunu\u015f katar.I\u015f\u0131k renklerini ve efekt ge\u00e7i\u015flerini zevkinize&#8230;<\/p>\n","protected":false},"featured_media":120331,"comment_status":"open","ping_status":"closed","template":"","meta":{"_kad_post_transparent":"","_kad_post_title":"","_kad_post_layout":"","_kad_post_sidebar_id":"","_kad_post_content_style":"","_kad_post_vertical_padding":"","_kad_post_feature":"","_kad_post_feature_position":"","_kad_post_header":false,"_kad_post_footer":false,"_kad_post_classname":""},"product_brand":[],"product_cat":[14913],"product_tag":[],"class_list":{"0":"post-120332","1":"product","2":"type-product","3":"status-publish","4":"has-post-thumbnail","6":"product_cat-klavye-klavye-2","8":"first","9":"instock","10":"purchasable","11":"product-type-simple","12":"entry","13":"content-bg","14":"loop-entry"},"_links":{"self":[{"href":"https:\/\/www.hediyepazar.com\/index.php?rest_route=\/wp\/v2\/product\/120332","targetHints":{"allow":["GET"]}}],"collection":[{"href":"https:\/\/www.hediyepazar.com\/index.php?rest_route=\/wp\/v2\/product"}],"about":[{"href":"https:\/\/www.hediyepazar.com\/index.php?rest_route=\/wp\/v2\/types\/product"}],"replies":[{"embeddable":true,"href":"https:\/\/www.hediyepazar.com\/index.php?rest_route=%2Fwp%2Fv2%2Fcomments&post=120332"}],"wp:featuredmedia":[{"embeddable":true,"href":"https:\/\/www.hediyepazar.com\/index.php?rest_route=\/wp\/v2\/media\/120331"}],"wp:attachment":[{"href":"https:\/\/www.hediyepazar.com\/index.php?rest_route=%2Fwp%2Fv2%2Fmedia&parent=120332"}],"wp:term":[{"taxonomy":"product_brand","embeddable":true,"href":"https:\/\/www.hediyepazar.com\/index.php?rest_route=%2Fwp%2Fv2%2Fproduct_brand&post=120332"},{"taxonomy":"product_cat","embeddable":true,"href":"https:\/\/www.hediyepazar.com\/index.php?rest_route=%2Fwp%2Fv2%2Fproduct_cat&post=120332"},{"taxonomy":"product_tag","embeddable":true,"href":"https:\/\/www.hediyepazar.com\/index.php?rest_route=%2Fwp%2Fv2%2Fproduct_tag&post=120332"}],"curies":[{"name":"wp","href":"https:\/\/api.w.org\/{rel}","templated":true}]}}