{"id":120334,"date":"2026-05-06T03:33:13","date_gmt":"2026-05-06T06:33:13","guid":{"rendered":"https:\/\/www.hediyepazar.com\/?product=tost-model-sac-sekillendirici-hizli-isinan-isi-ayarli"},"modified":"2026-05-06T03:33:13","modified_gmt":"2026-05-06T06:33:13","slug":"tost-model-sac-sekillendirici-hizli-isinan-isi-ayarli","status":"publish","type":"product","link":"https:\/\/www.hediyepazar.com\/?product=tost-model-sac-sekillendirici-hizli-isinan-isi-ayarli","title":{"rendered":"Tost Model Sa\u00e7 \u015eekillendirici H\u0131zl\u0131 Is\u0131nan Is\u0131 Ayarl\u0131"},"content":{"rendered":"<p>DEMPOWER DP-134 Tost Model Sa\u00e7 \u015eekillendirici, belirgin ve kal\u0131c\u0131 tost model sa\u00e7lar olu\u015fturmak isteyenler i\u00e7in \u00f6zel olarak tasarland\u0131.220\u00b0C\u2019ye kadar ula\u015fan \u0131s\u0131tma kapasitesi, h\u0131zl\u0131 \u015fekillendirme ve uzun s\u00fcre kal\u0131c\u0131l\u0131k sa\u011flar.Sabah haz\u0131rl\u0131klar\u0131n\u0131z\u0131 k\u0131saltan bu model, pratikli\u011fiyle fark yarat\u0131r.360\u00b0 d\u00f6nebilen kablo, rahat kullan\u0131m ve esnek hareket olana\u011f\u0131 tan\u0131r.Is\u0131 kontrol\u00fc ve g\u00fc\u00e7 g\u00f6stergesi \u0131\u015f\u0131\u011f\u0131, kullan\u0131m g\u00fcvenli\u011fini art\u0131r\u0131r.Hafif ve ergonomik tasar\u0131m\u0131, uzun s\u00fcreli kullan\u0131mda bile konfor sa\u011flar.K\u0131sa, orta veya uzun sa\u00e7 fark etmez \u2014 bu tost ma\u015fas\u0131 ile her sa\u00e7 tipi i\u00e7in m\u00fckemmel sonu\u00e7lar elde edebilirsiniz.Evde profesyonel d\u00fczeyde bir sa\u00e7 deneyimi sunan DEMPOWER DP-134, hacimli ve dikkat \u00e7ekici sa\u00e7lar i\u00e7in vazge\u00e7ilmez bir tercih!<\/p>\n","protected":false},"excerpt":{"rendered":"<p>DEMPOWER DP-134 Tost Model Sa\u00e7 \u015eekillendirici, belirgin ve kal\u0131c\u0131 tost model sa\u00e7lar olu\u015fturmak isteyenler i\u00e7in \u00f6zel olarak tasarland\u0131.220\u00b0C\u2019ye kadar ula\u015fan \u0131s\u0131tma kapasitesi, h\u0131zl\u0131 \u015fekillendirme ve uzun s\u00fcre kal\u0131c\u0131l\u0131k sa\u011flar.Sabah haz\u0131rl\u0131klar\u0131n\u0131z\u0131 k\u0131saltan bu model, pratikli\u011fiyle fark yarat\u0131r.360\u00b0 d\u00f6nebilen kablo, rahat kullan\u0131m ve esnek hareket olana\u011f\u0131 tan\u0131r.Is\u0131 kontrol\u00fc ve g\u00fc\u00e7 g\u00f6stergesi \u0131\u015f\u0131\u011f\u0131, kullan\u0131m g\u00fcvenli\u011fini art\u0131r\u0131r.Hafif ve ergonomik&#8230;<\/p>\n","protected":false},"featured_media":120333,"comment_status":"open","ping_status":"closed","template":"","meta":{"_kad_post_transparent":"","_kad_post_title":"","_kad_post_layout":"","_kad_post_sidebar_id":"","_kad_post_content_style":"","_kad_post_vertical_padding":"","_kad_post_feature":"","_kad_post_feature_position":"","_kad_post_header":false,"_kad_post_footer":false,"_kad_post_classname":""},"product_brand":[],"product_cat":[14907],"product_tag":[],"class_list":{"0":"post-120334","1":"product","2":"type-product","3":"status-publish","4":"has-post-thumbnail","6":"product_cat-sac-masasi-sac-masasi","8":"first","9":"instock","10":"purchasable","11":"product-type-simple","12":"entry","13":"content-bg","14":"loop-entry"},"_links":{"self":[{"href":"https:\/\/www.hediyepazar.com\/index.php?rest_route=\/wp\/v2\/product\/120334","targetHints":{"allow":["GET"]}}],"collection":[{"href":"https:\/\/www.hediyepazar.com\/index.php?rest_route=\/wp\/v2\/product"}],"about":[{"href":"https:\/\/www.hediyepazar.com\/index.php?rest_route=\/wp\/v2\/types\/product"}],"replies":[{"embeddable":true,"href":"https:\/\/www.hediyepazar.com\/index.php?rest_route=%2Fwp%2Fv2%2Fcomments&post=120334"}],"wp:featuredmedia":[{"embeddable":true,"href":"https:\/\/www.hediyepazar.com\/index.php?rest_route=\/wp\/v2\/media\/120333"}],"wp:attachment":[{"href":"https:\/\/www.hediyepazar.com\/index.php?rest_route=%2Fwp%2Fv2%2Fmedia&parent=120334"}],"wp:term":[{"taxonomy":"product_brand","embeddable":true,"href":"https:\/\/www.hediyepazar.com\/index.php?rest_route=%2Fwp%2Fv2%2Fproduct_brand&post=120334"},{"taxonomy":"product_cat","embeddable":true,"href":"https:\/\/www.hediyepazar.com\/index.php?rest_route=%2Fwp%2Fv2%2Fproduct_cat&post=120334"},{"taxonomy":"product_tag","embeddable":true,"href":"https:\/\/www.hediyepazar.com\/index.php?rest_route=%2Fwp%2Fv2%2Fproduct_tag&post=120334"}],"curies":[{"name":"wp","href":"https:\/\/api.w.org\/{rel}","templated":true}]}}