{"id":120338,"date":"2026-05-06T03:33:25","date_gmt":"2026-05-06T06:33:25","guid":{"rendered":"https:\/\/www.hediyepazar.com\/?product=tost-model-sac-masasi-220c-hizli-isinan"},"modified":"2026-05-06T03:33:25","modified_gmt":"2026-05-06T06:33:25","slug":"tost-model-sac-masasi-220c-hizli-isinan","status":"publish","type":"product","link":"https:\/\/www.hediyepazar.com\/?product=tost-model-sac-masasi-220c-hizli-isinan","title":{"rendered":"Tost Model Sa\u00e7 Ma\u015fas\u0131 220\u00b0C H\u0131zl\u0131 Is\u0131nan"},"content":{"rendered":"<p>Sa\u00e7lar\u0131n\u0131za hacim ve karakter katman\u0131n en kolay yolu!DEMPOWER DP-134 Tost Model Sa\u00e7 Ma\u015fas\u0131, klasik sa\u00e7 ma\u015falar\u0131ndan farkl\u0131 olarak belirgin \u00e7izgiler ve dolgun bir g\u00f6r\u00fcn\u00fcm kazand\u0131r\u0131r.K\u0131sa s\u00fcrede 220\u00b0C\u2019ye ula\u015fan g\u00fc\u00e7l\u00fc \u0131s\u0131tma sistemi, zamandan tasarruf sa\u011flar ve tek seferde kal\u0131c\u0131 \u015fekillendirme sunar.H\u0131zl\u0131 \u0131s\u0131nma teknolojisi, yo\u011fun sabah saatlerinde bile sa\u00e7lar\u0131n\u0131z\u0131 dakikalar i\u00e7inde \u015fekillendirmenizi m\u00fcmk\u00fcn k\u0131lar.360\u00b0 d\u00f6nebilen kablosu, sa\u00e7\u0131n her y\u00f6n\u00fcne kolayca eri\u015fim sa\u011flar ve kullan\u0131m s\u0131ras\u0131nda dolanma sorununu ortadan kald\u0131r\u0131r.Is\u0131 kontrol\u00fc ve g\u00fc\u00e7 g\u00f6stergesi \u0131\u015f\u0131\u011f\u0131, g\u00fcvenli ve kontroll\u00fc bir deneyim sunar.Kompakt ve ergonomik tasar\u0131m\u0131, elde rahat bir tutu\u015f sa\u011flar.Evde profesyonel sonu\u00e7lar elde etmek isteyen kullan\u0131c\u0131lar i\u00e7in idealdir.G\u00fcnl\u00fck kullan\u0131mdan \u00f6zel g\u00fcnlere kadar, hacimli, canl\u0131 ve \u015fekilli sa\u00e7lar art\u0131k sizin elinizde!<\/p>\n","protected":false},"excerpt":{"rendered":"<p>Sa\u00e7lar\u0131n\u0131za hacim ve karakter katman\u0131n en kolay yolu!DEMPOWER DP-134 Tost Model Sa\u00e7 Ma\u015fas\u0131, klasik sa\u00e7 ma\u015falar\u0131ndan farkl\u0131 olarak belirgin \u00e7izgiler ve dolgun bir g\u00f6r\u00fcn\u00fcm kazand\u0131r\u0131r.K\u0131sa s\u00fcrede 220\u00b0C\u2019ye ula\u015fan g\u00fc\u00e7l\u00fc \u0131s\u0131tma sistemi, zamandan tasarruf sa\u011flar ve tek seferde kal\u0131c\u0131 \u015fekillendirme sunar.H\u0131zl\u0131 \u0131s\u0131nma teknolojisi, yo\u011fun sabah saatlerinde bile sa\u00e7lar\u0131n\u0131z\u0131 dakikalar i\u00e7inde \u015fekillendirmenizi m\u00fcmk\u00fcn k\u0131lar.360\u00b0 d\u00f6nebilen kablosu, sa\u00e7\u0131n&#8230;<\/p>\n","protected":false},"featured_media":120337,"comment_status":"open","ping_status":"closed","template":"","meta":{"_kad_post_transparent":"","_kad_post_title":"","_kad_post_layout":"","_kad_post_sidebar_id":"","_kad_post_content_style":"","_kad_post_vertical_padding":"","_kad_post_feature":"","_kad_post_feature_position":"","_kad_post_header":false,"_kad_post_footer":false,"_kad_post_classname":""},"product_brand":[],"product_cat":[14907],"product_tag":[],"class_list":{"0":"post-120338","1":"product","2":"type-product","3":"status-publish","4":"has-post-thumbnail","6":"product_cat-sac-masasi-sac-masasi","8":"first","9":"instock","10":"purchasable","11":"product-type-simple","12":"entry","13":"content-bg","14":"loop-entry"},"_links":{"self":[{"href":"https:\/\/www.hediyepazar.com\/index.php?rest_route=\/wp\/v2\/product\/120338","targetHints":{"allow":["GET"]}}],"collection":[{"href":"https:\/\/www.hediyepazar.com\/index.php?rest_route=\/wp\/v2\/product"}],"about":[{"href":"https:\/\/www.hediyepazar.com\/index.php?rest_route=\/wp\/v2\/types\/product"}],"replies":[{"embeddable":true,"href":"https:\/\/www.hediyepazar.com\/index.php?rest_route=%2Fwp%2Fv2%2Fcomments&post=120338"}],"wp:featuredmedia":[{"embeddable":true,"href":"https:\/\/www.hediyepazar.com\/index.php?rest_route=\/wp\/v2\/media\/120337"}],"wp:attachment":[{"href":"https:\/\/www.hediyepazar.com\/index.php?rest_route=%2Fwp%2Fv2%2Fmedia&parent=120338"}],"wp:term":[{"taxonomy":"product_brand","embeddable":true,"href":"https:\/\/www.hediyepazar.com\/index.php?rest_route=%2Fwp%2Fv2%2Fproduct_brand&post=120338"},{"taxonomy":"product_cat","embeddable":true,"href":"https:\/\/www.hediyepazar.com\/index.php?rest_route=%2Fwp%2Fv2%2Fproduct_cat&post=120338"},{"taxonomy":"product_tag","embeddable":true,"href":"https:\/\/www.hediyepazar.com\/index.php?rest_route=%2Fwp%2Fv2%2Fproduct_tag&post=120338"}],"curies":[{"name":"wp","href":"https:\/\/api.w.org\/{rel}","templated":true}]}}