{"id":120340,"date":"2026-05-06T03:33:33","date_gmt":"2026-05-06T06:33:33","guid":{"rendered":"https:\/\/www.hediyepazar.com\/?product=4k-katlanabilir-drone-uzaktan-kontrollu-wi-fi-goruntu-aktarimli"},"modified":"2026-05-06T03:33:33","modified_gmt":"2026-05-06T06:33:33","slug":"4k-katlanabilir-drone-uzaktan-kontrollu-wi-fi-goruntu-aktarimli","status":"publish","type":"product","link":"https:\/\/www.hediyepazar.com\/?product=4k-katlanabilir-drone-uzaktan-kontrollu-wi-fi-goruntu-aktarimli","title":{"rendered":"4K Katlanabilir Drone Uzaktan Kontroll\u00fc Wi-Fi G\u00f6r\u00fcnt\u00fc Aktar\u0131ml\u0131"},"content":{"rendered":"<p>G\u00f6ky\u00fcz\u00fcn\u00fc ke\u015ffetmenin en ak\u0131ll\u0131 yolu!4K Katlanabilir Drone, ta\u015f\u0131nabilir yap\u0131s\u0131, g\u00fc\u00e7l\u00fc ba\u011flant\u0131 sistemi ve y\u00fcksek \u00e7\u00f6z\u00fcn\u00fcrl\u00fckl\u00fc kameras\u0131yla \u00fcst\u00fcn performans sunar.Katlanabilir kollar, cihaz\u0131 kolayca saklaman\u0131z\u0131 ve ta\u015f\u0131man\u0131z\u0131 sa\u011flar; ister do\u011fada ister \u015fehirde, her yerde kullanabilirsiniz.2.4GHz kontrol teknolojisi, sinyal kar\u0131\u015fmalar\u0131n\u0131 \u00f6nler ve 100 metreye kadar kesintisiz kontrol olana\u011f\u0131 sa\u011flar.Wi-Fi ba\u011flant\u0131s\u0131, canl\u0131 g\u00f6r\u00fcnt\u00fc aktar\u0131m\u0131 sunar; telefon uygulamas\u0131 \u00fczerinden drone kameras\u0131n\u0131 anl\u0131k izleyebilir ve kay\u0131t yapabilirsiniz.Y\u00fckseklik sabitleme modu ile profesyonel \u00e7ekimler daha net hale gelir, ba\u015fs\u0131z mod ise y\u00f6n kar\u0131\u015f\u0131kl\u0131\u011f\u0131n\u0131 ortadan kald\u0131r\u0131r.Tek tu\u015fla eve d\u00f6n\u00fc\u015f fonksiyonu sayesinde drone\u2019unuzu kaybetme riskiniz ortadan kalkar.360\u00b0 d\u00f6n\u00fc\u015fler, otomatik rota ve y\u00f6r\u00fcnge u\u00e7u\u015fu \u00f6zellikleriyle dinamik \u00e7ekimler yapabilirsiniz.1800mAh batarya, 12-15 dakika u\u00e7u\u015f s\u00fcresi ve 100 dakikada h\u0131zl\u0131 \u015farj imkan\u0131 sunar.Bu drone, hem hobi hem de profesyonel kullan\u0131m i\u00e7in \u00fcst\u00fcn teknolojiyi kompakt bir tasar\u0131mla bulu\u015fturur.<\/p>\n","protected":false},"excerpt":{"rendered":"<p>G\u00f6ky\u00fcz\u00fcn\u00fc ke\u015ffetmenin en ak\u0131ll\u0131 yolu!4K Katlanabilir Drone, ta\u015f\u0131nabilir yap\u0131s\u0131, g\u00fc\u00e7l\u00fc ba\u011flant\u0131 sistemi ve y\u00fcksek \u00e7\u00f6z\u00fcn\u00fcrl\u00fckl\u00fc kameras\u0131yla \u00fcst\u00fcn performans sunar.Katlanabilir kollar, cihaz\u0131 kolayca saklaman\u0131z\u0131 ve ta\u015f\u0131man\u0131z\u0131 sa\u011flar; ister do\u011fada ister \u015fehirde, her yerde kullanabilirsiniz.2.4GHz kontrol teknolojisi, sinyal kar\u0131\u015fmalar\u0131n\u0131 \u00f6nler ve 100 metreye kadar kesintisiz kontrol olana\u011f\u0131 sa\u011flar.Wi-Fi ba\u011flant\u0131s\u0131, canl\u0131 g\u00f6r\u00fcnt\u00fc aktar\u0131m\u0131 sunar; telefon uygulamas\u0131 \u00fczerinden drone&#8230;<\/p>\n","protected":false},"featured_media":120339,"comment_status":"open","ping_status":"closed","template":"","meta":{"_kad_post_transparent":"","_kad_post_title":"","_kad_post_layout":"","_kad_post_sidebar_id":"","_kad_post_content_style":"","_kad_post_vertical_padding":"","_kad_post_feature":"","_kad_post_feature_position":"","_kad_post_header":false,"_kad_post_footer":false,"_kad_post_classname":""},"product_brand":[],"product_cat":[15086],"product_tag":[],"class_list":{"0":"post-120340","1":"product","2":"type-product","3":"status-publish","4":"has-post-thumbnail","6":"product_cat-drone-drone","8":"first","9":"instock","10":"purchasable","11":"product-type-simple","12":"entry","13":"content-bg","14":"loop-entry"},"_links":{"self":[{"href":"https:\/\/www.hediyepazar.com\/index.php?rest_route=\/wp\/v2\/product\/120340","targetHints":{"allow":["GET"]}}],"collection":[{"href":"https:\/\/www.hediyepazar.com\/index.php?rest_route=\/wp\/v2\/product"}],"about":[{"href":"https:\/\/www.hediyepazar.com\/index.php?rest_route=\/wp\/v2\/types\/product"}],"replies":[{"embeddable":true,"href":"https:\/\/www.hediyepazar.com\/index.php?rest_route=%2Fwp%2Fv2%2Fcomments&post=120340"}],"wp:featuredmedia":[{"embeddable":true,"href":"https:\/\/www.hediyepazar.com\/index.php?rest_route=\/wp\/v2\/media\/120339"}],"wp:attachment":[{"href":"https:\/\/www.hediyepazar.com\/index.php?rest_route=%2Fwp%2Fv2%2Fmedia&parent=120340"}],"wp:term":[{"taxonomy":"product_brand","embeddable":true,"href":"https:\/\/www.hediyepazar.com\/index.php?rest_route=%2Fwp%2Fv2%2Fproduct_brand&post=120340"},{"taxonomy":"product_cat","embeddable":true,"href":"https:\/\/www.hediyepazar.com\/index.php?rest_route=%2Fwp%2Fv2%2Fproduct_cat&post=120340"},{"taxonomy":"product_tag","embeddable":true,"href":"https:\/\/www.hediyepazar.com\/index.php?rest_route=%2Fwp%2Fv2%2Fproduct_tag&post=120340"}],"curies":[{"name":"wp","href":"https:\/\/api.w.org\/{rel}","templated":true}]}}