{"id":120344,"date":"2026-05-06T03:33:43","date_gmt":"2026-05-06T06:33:43","guid":{"rendered":"https:\/\/www.hediyepazar.com\/?product=4k-kamera-ozellikli-katlanabilir-drone-wi-fi-ve-yukseklik-sabitlemeli"},"modified":"2026-05-06T03:33:43","modified_gmt":"2026-05-06T06:33:43","slug":"4k-kamera-ozellikli-katlanabilir-drone-wi-fi-ve-yukseklik-sabitlemeli","status":"publish","type":"product","link":"https:\/\/www.hediyepazar.com\/?product=4k-kamera-ozellikli-katlanabilir-drone-wi-fi-ve-yukseklik-sabitlemeli","title":{"rendered":"4K Kamera \u00d6zellikli Katlanabilir Drone Wi-Fi ve Y\u00fckseklik Sabitlemeli"},"content":{"rendered":"<p>Havadan \u00e7ekimlerde profesyonel kaliteyi deneyimleyin!4K Kamera \u00d6zellikli Katlanabilir Drone, hem amat\u00f6r kullan\u0131c\u0131lar hem de profesyonel i\u00e7erik \u00fcreticileri i\u00e7in m\u00fckemmel bir u\u00e7u\u015f deneyimi sunar.Katlanabilir kollar\u0131 sayesinde kolayca ta\u015f\u0131nabilir, seyahatlerde \u00e7antan\u0131za s\u0131\u011far ve her an havalanmaya haz\u0131rd\u0131r.Y\u00fckseklik sabitleme modu, titre\u015fimi azaltarak sabit ve net g\u00f6r\u00fcnt\u00fcler elde etmenizi sa\u011flar.2.4GHz ba\u011flant\u0131 teknolojisi, parazitleri engellerken 100 metreye kadar kontrol mesafesi sunar.Uygulama \u00fczerinden Wi-Fi ba\u011flant\u0131s\u0131 ile anl\u0131k g\u00f6r\u00fcnt\u00fc aktar\u0131m\u0131 yapabilir, telefon ekran\u0131ndan drone kameras\u0131n\u0131 izleyebilirsiniz.Yeni ba\u015flayanlar i\u00e7in ideal olan ba\u015fs\u0131z mod y\u00f6n kar\u0131\u015f\u0131kl\u0131\u011f\u0131n\u0131 \u00f6nlerken, tek tu\u015fla eve d\u00f6n\u00fc\u015f fonksiyonu g\u00fcvenli bir ini\u015f sa\u011flar.360\u00b0 takla ve y\u00f6r\u00fcnge u\u00e7u\u015fu \u00f6zellikleri u\u00e7u\u015f deneyiminize e\u011flence katar.1800mAh batarya, 12-15 dakikal\u0131k kesintisiz u\u00e7u\u015f s\u00fcresi sunar ve k\u0131sa s\u00fcrede yeniden \u015farj olur.Hafif, ak\u0131ll\u0131 ve g\u00fc\u00e7l\u00fc yap\u0131s\u0131yla bu drone, her \u00e7ekimi unutulmaz hale getirir.<\/p>\n","protected":false},"excerpt":{"rendered":"<p>Havadan \u00e7ekimlerde profesyonel kaliteyi deneyimleyin!4K Kamera \u00d6zellikli Katlanabilir Drone, hem amat\u00f6r kullan\u0131c\u0131lar hem de profesyonel i\u00e7erik \u00fcreticileri i\u00e7in m\u00fckemmel bir u\u00e7u\u015f deneyimi sunar.Katlanabilir kollar\u0131 sayesinde kolayca ta\u015f\u0131nabilir, seyahatlerde \u00e7antan\u0131za s\u0131\u011far ve her an havalanmaya haz\u0131rd\u0131r.Y\u00fckseklik sabitleme modu, titre\u015fimi azaltarak sabit ve net g\u00f6r\u00fcnt\u00fcler elde etmenizi sa\u011flar.2.4GHz ba\u011flant\u0131 teknolojisi, parazitleri engellerken 100 metreye kadar kontrol mesafesi&#8230;<\/p>\n","protected":false},"featured_media":120343,"comment_status":"open","ping_status":"closed","template":"","meta":{"_kad_post_transparent":"","_kad_post_title":"","_kad_post_layout":"","_kad_post_sidebar_id":"","_kad_post_content_style":"","_kad_post_vertical_padding":"","_kad_post_feature":"","_kad_post_feature_position":"","_kad_post_header":false,"_kad_post_footer":false,"_kad_post_classname":""},"product_brand":[],"product_cat":[15086],"product_tag":[],"class_list":{"0":"post-120344","1":"product","2":"type-product","3":"status-publish","4":"has-post-thumbnail","6":"product_cat-drone-drone","8":"first","9":"instock","10":"purchasable","11":"product-type-simple","12":"entry","13":"content-bg","14":"loop-entry"},"_links":{"self":[{"href":"https:\/\/www.hediyepazar.com\/index.php?rest_route=\/wp\/v2\/product\/120344","targetHints":{"allow":["GET"]}}],"collection":[{"href":"https:\/\/www.hediyepazar.com\/index.php?rest_route=\/wp\/v2\/product"}],"about":[{"href":"https:\/\/www.hediyepazar.com\/index.php?rest_route=\/wp\/v2\/types\/product"}],"replies":[{"embeddable":true,"href":"https:\/\/www.hediyepazar.com\/index.php?rest_route=%2Fwp%2Fv2%2Fcomments&post=120344"}],"wp:featuredmedia":[{"embeddable":true,"href":"https:\/\/www.hediyepazar.com\/index.php?rest_route=\/wp\/v2\/media\/120343"}],"wp:attachment":[{"href":"https:\/\/www.hediyepazar.com\/index.php?rest_route=%2Fwp%2Fv2%2Fmedia&parent=120344"}],"wp:term":[{"taxonomy":"product_brand","embeddable":true,"href":"https:\/\/www.hediyepazar.com\/index.php?rest_route=%2Fwp%2Fv2%2Fproduct_brand&post=120344"},{"taxonomy":"product_cat","embeddable":true,"href":"https:\/\/www.hediyepazar.com\/index.php?rest_route=%2Fwp%2Fv2%2Fproduct_cat&post=120344"},{"taxonomy":"product_tag","embeddable":true,"href":"https:\/\/www.hediyepazar.com\/index.php?rest_route=%2Fwp%2Fv2%2Fproduct_tag&post=120344"}],"curies":[{"name":"wp","href":"https:\/\/api.w.org\/{rel}","templated":true}]}}