{"id":120346,"date":"2026-05-06T03:33:47","date_gmt":"2026-05-06T06:33:47","guid":{"rendered":"https:\/\/www.hediyepazar.com\/?product=led-disko-kuresi-bluetooth-hoparlorlu-ritimle-senkronize-doner-isikli"},"modified":"2026-05-06T03:33:47","modified_gmt":"2026-05-06T06:33:47","slug":"led-disko-kuresi-bluetooth-hoparlorlu-ritimle-senkronize-doner-isikli","status":"publish","type":"product","link":"https:\/\/www.hediyepazar.com\/?product=led-disko-kuresi-bluetooth-hoparlorlu-ritimle-senkronize-doner-isikli","title":{"rendered":"LED Disko K\u00fcresi Bluetooth Hoparl\u00f6rl\u00fc Ritimle Senkronize D\u00f6ner I\u015f\u0131kl\u0131"},"content":{"rendered":"<p>Dans pistini evinize ta\u015f\u0131y\u0131n!LED Disko K\u00fcresi Bluetooth Hoparl\u00f6rl\u00fc, m\u00fczikle senkronize LED \u0131\u015f\u0131klar\u0131 ve y\u00fcksek kaliteli hoparl\u00f6r\u00fcyle tam bir e\u011flence deneyimi sunar.6 adet d\u00f6nebilen LED \u0131\u015f\u0131k, rengarenk efektleriyle partilerinize hareket katar.Bluetooth ba\u011flant\u0131s\u0131 sayesinde ak\u0131ll\u0131 telefon, tablet veya diz\u00fcst\u00fc bilgisayar\u0131n\u0131zdan m\u00fcziklerinizi kolayca \u00e7alabilirsiniz.Ayr\u0131ca USB bellek ve SD kart giri\u015fi ile cihaz\u0131 ba\u011f\u0131ms\u0131z bir m\u00fczik \u00e7alara d\u00f6n\u00fc\u015ft\u00fcrebilirsiniz.Ritim alg\u0131lama \u00f6zelli\u011fi, m\u00fczik temposuna g\u00f6re \u0131\u015f\u0131k efektlerini de\u011fi\u015ftirerek g\u00f6rsel bir \u015f\u00f6len sunar.Ta\u015f\u0131nabilir ve kompakt tasar\u0131m\u0131 sayesinde her mekanda kullan\u0131labilir \u2014 evde, kafede, arabada veya a\u00e7\u0131k hava etkinliklerinde fark yarat\u0131r.Enerji tasarruflu LED\u2019ler, uzun \u00f6m\u00fcrl\u00fc kullan\u0131m sunarken, disko atmosferini her an ya\u015faman\u0131z\u0131 sa\u011flar.Kutuda USB \u015farj kablosu ve kullan\u0131m k\u0131lavuzu bulunur.M\u00fczi\u011fi sadece duymay\u0131n, \u0131\u015f\u0131klar\u0131yla da hissedin!<\/p>\n","protected":false},"excerpt":{"rendered":"<p>Dans pistini evinize ta\u015f\u0131y\u0131n!LED Disko K\u00fcresi Bluetooth Hoparl\u00f6rl\u00fc, m\u00fczikle senkronize LED \u0131\u015f\u0131klar\u0131 ve y\u00fcksek kaliteli hoparl\u00f6r\u00fcyle tam bir e\u011flence deneyimi sunar.6 adet d\u00f6nebilen LED \u0131\u015f\u0131k, rengarenk efektleriyle partilerinize hareket katar.Bluetooth ba\u011flant\u0131s\u0131 sayesinde ak\u0131ll\u0131 telefon, tablet veya diz\u00fcst\u00fc bilgisayar\u0131n\u0131zdan m\u00fcziklerinizi kolayca \u00e7alabilirsiniz.Ayr\u0131ca USB bellek ve SD kart giri\u015fi ile cihaz\u0131 ba\u011f\u0131ms\u0131z bir m\u00fczik \u00e7alara d\u00f6n\u00fc\u015ft\u00fcrebilirsiniz.Ritim alg\u0131lama&#8230;<\/p>\n","protected":false},"featured_media":120345,"comment_status":"open","ping_status":"closed","template":"","meta":{"_kad_post_transparent":"","_kad_post_title":"","_kad_post_layout":"","_kad_post_sidebar_id":"","_kad_post_content_style":"","_kad_post_vertical_padding":"","_kad_post_feature":"","_kad_post_feature_position":"","_kad_post_header":false,"_kad_post_footer":false,"_kad_post_classname":""},"product_brand":[],"product_cat":[14933],"product_tag":[],"class_list":{"0":"post-120346","1":"product","2":"type-product","3":"status-publish","4":"has-post-thumbnail","6":"product_cat-led-isik-led-isik","8":"first","9":"instock","10":"purchasable","11":"product-type-simple","12":"entry","13":"content-bg","14":"loop-entry"},"_links":{"self":[{"href":"https:\/\/www.hediyepazar.com\/index.php?rest_route=\/wp\/v2\/product\/120346","targetHints":{"allow":["GET"]}}],"collection":[{"href":"https:\/\/www.hediyepazar.com\/index.php?rest_route=\/wp\/v2\/product"}],"about":[{"href":"https:\/\/www.hediyepazar.com\/index.php?rest_route=\/wp\/v2\/types\/product"}],"replies":[{"embeddable":true,"href":"https:\/\/www.hediyepazar.com\/index.php?rest_route=%2Fwp%2Fv2%2Fcomments&post=120346"}],"wp:featuredmedia":[{"embeddable":true,"href":"https:\/\/www.hediyepazar.com\/index.php?rest_route=\/wp\/v2\/media\/120345"}],"wp:attachment":[{"href":"https:\/\/www.hediyepazar.com\/index.php?rest_route=%2Fwp%2Fv2%2Fmedia&parent=120346"}],"wp:term":[{"taxonomy":"product_brand","embeddable":true,"href":"https:\/\/www.hediyepazar.com\/index.php?rest_route=%2Fwp%2Fv2%2Fproduct_brand&post=120346"},{"taxonomy":"product_cat","embeddable":true,"href":"https:\/\/www.hediyepazar.com\/index.php?rest_route=%2Fwp%2Fv2%2Fproduct_cat&post=120346"},{"taxonomy":"product_tag","embeddable":true,"href":"https:\/\/www.hediyepazar.com\/index.php?rest_route=%2Fwp%2Fv2%2Fproduct_tag&post=120346"}],"curies":[{"name":"wp","href":"https:\/\/api.w.org\/{rel}","templated":true}]}}