{"id":120386,"date":"2026-05-06T03:38:15","date_gmt":"2026-05-06T06:38:15","guid":{"rendered":"https:\/\/www.hediyepazar.com\/?product=sise-tipa-dagitici-akis-seti-3lu-biancolilla-design"},"modified":"2026-05-06T03:38:15","modified_gmt":"2026-05-06T06:38:15","slug":"sise-tipa-dagitici-akis-seti-3lu-biancolilla-design","status":"publish","type":"product","link":"https:\/\/www.hediyepazar.com\/?product=sise-tipa-dagitici-akis-seti-3lu-biancolilla-design","title":{"rendered":"\u015ei\u015fe T\u0131pa Da\u011f\u0131t\u0131c\u0131 Ak\u0131\u015f Seti 3&#8217;l\u00fc BiancoLilla Design"},"content":{"rendered":"<p><\/p>\n<p>\n\t<strong>\u00dcr\u00fcn \u00d6zellikleri : <\/strong><\/p>\n<p>\t<strong>Adet : 3 <\/strong><\/p>\n<p>\t<strong>\u00d6l\u00e7\u00fcler : 8x 3,5 cm<\/strong><\/p>\n<p>\t<strong>Renk : <\/strong>Resimdeki renk birebir g\u00f6nderilir ve s\u00fcrpriz ya\u015famazs\u0131n\u0131z<\/p>\n<p>\t<strong>Tasar\u0131m <\/strong> HSNET BiancoLilla Design olarak tasarlad\u0131\u011f\u0131m\u0131z \u00fcr\u00fcn\u00fc g\u00f6nderiyoruz.<\/p>\n<p>\tK\u0130L\u0130T TASARIMI : Yabanc\u0131 maddelerin girmesini \u00f6nlemek i\u00e7in K\u0130L\u0130TLENEB\u0130L\u0130R kapak<\/p>\n<p>\t\u0130\u00e7 \u00e7ap\u0131 14-18 mm olan \u015fi\u015feler i\u00e7in uygundur ki bu \u015fi\u015feler genel olarak d\u00fcnya standart\u0131d\u0131r<\/p>\n<p>\tKullan\u0131m\u0131 kolayd\u0131r, damlamay\u0131 ve s\u0131z\u0131nt\u0131y\u0131 \u00f6nler.<\/p>\n<p>\tG\u00fcvenli ve dayan\u0131kl\u0131 g\u0131da s\u0131n\u0131f\u0131 tapalar, s\u0131zd\u0131rmazl\u0131\u011f\u0131 korur.<\/p>\n<p>\t\u00c7ok ama\u00e7l\u0131, barlar, kul\u00fcpler, ktv, restoranlar, barlar, kafeler ve lokantalar i\u00e7in , sirke, salata sosu, meyve suyu, ya\u011f ve baharat, \u0130\u00e7ki \u015fi\u015feleri dahil \u00e7o\u011fu \u015fi\u015fe boyutu i\u00e7in uygundur.<\/p>\n<p>\tAyn\u0131 b\u00fcy\u00fck faydalar\u0131 sa\u011flayacakt\u0131r.<\/p>\n<p>\n\t<strong>M\u00dcKEMMEL SATI\u015e SONRASI H\u0130ZMET : <\/strong>HSNET \/ HSNET olarak m\u00fc\u015fterilerimize en iyi hizmeti sunmay\u0131 ama\u00e7l\u0131yor, g\u00fcvenle sat\u0131n alabilmeniz i\u00e7in, ambalaj kalitemize g\u00fcveniyor, her \u00fcr\u00fcn sorunsuz teslimat i\u00e7in \u00f6zenle paketliyor ve resimde belirtilen renk, ebat, \u00f6zelikte \u00fcr\u00fcn g\u00f6ndermeyi taahh\u00fct ediyoruz. Hasarl\u0131 \u00fcr\u00fcn ald\u0131ysan\u0131z veya di\u011fer \u00fcr\u00fcn ve paket teslimat sorunlar\u0131 oldu\u011funda bizimle ileti\u015fime ge\u00e7mekten \u00e7ekinmeyin.<\/p>\n<p>\n\t<strong>Detayl\u0131 bilgi i\u00e7in ek resimleri inceleyebilirsiniz<\/strong><\/p>\n<p><\/p>\n<p>\n\t<strong><strong><img decoding=\"async\" alt=\"\" src=\"https:\/\/arabayaservis.com\/skins\/shared\/images\/newmayis\/7430000718418-1.jpg\" \/> <\/strong><\/strong><\/p>\n<p>\n\t\u00a0<\/p>\n","protected":false},"excerpt":{"rendered":"<p>\u00dcr\u00fcn \u00d6zellikleri : Adet : 3 \u00d6l\u00e7\u00fcler : 8x 3,5 cm Renk : Resimdeki renk birebir g\u00f6nderilir ve s\u00fcrpriz ya\u015famazs\u0131n\u0131z Tasar\u0131m HSNET BiancoLilla Design olarak tasarlad\u0131\u011f\u0131m\u0131z \u00fcr\u00fcn\u00fc g\u00f6nderiyoruz. K\u0130L\u0130T TASARIMI : Yabanc\u0131 maddelerin girmesini \u00f6nlemek i\u00e7in K\u0130L\u0130TLENEB\u0130L\u0130R kapak \u0130\u00e7 \u00e7ap\u0131 14-18 mm olan \u015fi\u015feler i\u00e7in uygundur ki bu \u015fi\u015feler genel olarak d\u00fcnya standart\u0131d\u0131r Kullan\u0131m\u0131 kolayd\u0131r,&#8230;<\/p>\n","protected":false},"featured_media":120385,"comment_status":"open","ping_status":"closed","template":"","meta":{"_kad_post_transparent":"","_kad_post_title":"","_kad_post_layout":"","_kad_post_sidebar_id":"","_kad_post_content_style":"","_kad_post_vertical_padding":"","_kad_post_feature":"","_kad_post_feature_position":"","_kad_post_header":false,"_kad_post_footer":false,"_kad_post_classname":""},"product_brand":[],"product_cat":[7826],"product_tag":[],"class_list":{"0":"post-120386","1":"product","2":"type-product","3":"status-publish","4":"has-post-thumbnail","6":"product_cat-endustriyel-mutfak-ekipmanlari-sofra-sofra-mutfak-ev-yasam-endustriyel-mutfak-ekipmanlari","8":"first","9":"instock","10":"purchasable","11":"product-type-simple","12":"entry","13":"content-bg","14":"loop-entry"},"_links":{"self":[{"href":"https:\/\/www.hediyepazar.com\/index.php?rest_route=\/wp\/v2\/product\/120386","targetHints":{"allow":["GET"]}}],"collection":[{"href":"https:\/\/www.hediyepazar.com\/index.php?rest_route=\/wp\/v2\/product"}],"about":[{"href":"https:\/\/www.hediyepazar.com\/index.php?rest_route=\/wp\/v2\/types\/product"}],"replies":[{"embeddable":true,"href":"https:\/\/www.hediyepazar.com\/index.php?rest_route=%2Fwp%2Fv2%2Fcomments&post=120386"}],"wp:featuredmedia":[{"embeddable":true,"href":"https:\/\/www.hediyepazar.com\/index.php?rest_route=\/wp\/v2\/media\/120385"}],"wp:attachment":[{"href":"https:\/\/www.hediyepazar.com\/index.php?rest_route=%2Fwp%2Fv2%2Fmedia&parent=120386"}],"wp:term":[{"taxonomy":"product_brand","embeddable":true,"href":"https:\/\/www.hediyepazar.com\/index.php?rest_route=%2Fwp%2Fv2%2Fproduct_brand&post=120386"},{"taxonomy":"product_cat","embeddable":true,"href":"https:\/\/www.hediyepazar.com\/index.php?rest_route=%2Fwp%2Fv2%2Fproduct_cat&post=120386"},{"taxonomy":"product_tag","embeddable":true,"href":"https:\/\/www.hediyepazar.com\/index.php?rest_route=%2Fwp%2Fv2%2Fproduct_tag&post=120386"}],"curies":[{"name":"wp","href":"https:\/\/api.w.org\/{rel}","templated":true}]}}