{"id":120488,"date":"2026-05-06T03:54:12","date_gmt":"2026-05-06T06:54:12","guid":{"rendered":"https:\/\/www.hediyepazar.com\/?product=suzgecli-french-press-cam-demlik-1100-ml-bitki-cayi-demligi"},"modified":"2026-05-06T03:54:12","modified_gmt":"2026-05-06T06:54:12","slug":"suzgecli-french-press-cam-demlik-1100-ml-bitki-cayi-demligi","status":"publish","type":"product","link":"https:\/\/www.hediyepazar.com\/?product=suzgecli-french-press-cam-demlik-1100-ml-bitki-cayi-demligi","title":{"rendered":"S\u00fczge\u00e7li French Press Cam Demlik 1100 Ml Bitki \u00c7ay\u0131 Demli\u011fi"},"content":{"rendered":"<p>\n\t<strong>\u00dcr\u00fcn \u00d6zellikleri : <\/strong><\/p>\n<p>\n\tKapak renklerinde farkl\u0131l\u0131k (beyaz ya da siyah)\u00a0 olabilir\u00a0\u00a0<\/p>\n<p>\n\t<strong>Materyal : Cam + Plastik \u00c7er\u00e7eveli<\/strong><\/p>\n<p>\t<strong>Adet \/ Renk \/ Tasar\u0131m : <\/strong> 1 Adet, HSNET olarak tasarlad\u0131\u011f\u0131m\u0131z, resimde yer alan modeli s\u00fcrpriz ya\u015famaman\u0131z i\u00e7in birebir g\u00f6nderiyoruz. Kapak renklerinde farkl\u0131l\u0131k olabilir<br \/>\n\t<b>\u00a0<\/b><\/p>\n<p>\n\t1100 ml kapasiteldir.<\/p>\n<p>\n\t\u0130HT\u0130YACINIZ OLAN SON \u00c7AYDANLIK. Bu \u00e7aydanl\u0131k, y\u0131llar boyu g\u00fcnl\u00fck kullan\u0131m i\u00e7in son derece i\u015flevsel ve \u00e7ok y\u00f6nl\u00fc olacak \u015fekilde tasarland\u0131. Paslanmaz \u00e7elik par\u00e7alar\u0131 \u00e7\u0131kar\u0131n ve suyu mikrodalgada kaynat\u0131n, ayr\u0131 bir su \u0131s\u0131t\u0131c\u0131s\u0131na olan ihtiyac\u0131 ortadan kald\u0131r\u0131n. Ayr\u0131ca suyu kaynatabilir veya \u00e7ay\u0131 ocakta s\u0131cak tutabilirsiniz. Bula\u015f\u0131k makinesinde h\u0131zla temizleyin.<\/p>\n<p>\n\t<br \/>\n\tKLAS\u0130K TASARIM \u0130LE DUYULARINIZI ZEVKLEND\u0130R\u0130N. Basit, net \u00e7izgiler ve m\u00fckemmel oranlar g\u00f6ze ho\u015f gelir ve her t\u00fcrl\u00fc dekorasyona g\u00fczel bir \u015fekilde uyum sa\u011flar. Ekstra kal\u0131n, kristal berrakl\u0131\u011f\u0131nda borosilikat cam hafiftir ve ele al\u0131nd\u0131\u011f\u0131nda harika bir his verir.<\/p>\n<p>\tOLA\u011eAN\u00dcST\u00dc DAYANIKLILIK VE KAL\u0130TEN\u0130N KEYF\u0130N\u0130 \u00c7IKARIN. \u00c7ay severler borosilikat cam\u0131n cam\u0131n faydalar\u0131n\u0131 bilir. Sa\u011flam 18\/8 paslanmaz \u00e7elik demlik ek par\u00e7as\u0131 ve ekli kapak asla paslanmaz, , rengi solmaz.<\/p>\n<p>\n\t%100 cam materyaldir. Metal k\u0131s\u0131mlar paslanmaz \u00e7eliktir.<br \/>\n\tKendinden s\u00fczgeci ile \u00c7ay, kahve demlemek i\u00e7in idealdir.<\/p>\n<p>\n\t<strong>M\u00dcKEMMEL SATI\u015e SONRASI H\u0130ZMET : <\/strong>HSNET \/ HSNET olarak m\u00fc\u015fterilerimize en iyi hizmeti sunmay\u0131 ama\u00e7l\u0131yor, g\u00fcvenle sat\u0131n alabilmeniz i\u00e7in, ambalaj kalitemize g\u00fcveniyor, her \u00fcr\u00fcn sorunsuz teslimat i\u00e7in \u00f6zenle paketliyor ve resimde belirtilen renk, ebat, \u00f6zelikte \u00fcr\u00fcn g\u00f6ndermeyi taahh\u00fct ediyoruz. Hasarl\u0131 \u00fcr\u00fcn ald\u0131ysan\u0131z veya di\u011fer \u00fcr\u00fcn ve paket teslimat sorunlar\u0131 oldu\u011funda bizimle ileti\u015fime ge\u00e7mekten \u00e7ekinmeyin.<\/p>\n<p>\n\t<strong>Detayl\u0131 bilgi i\u00e7in ek resimleri inceleyebilirsiniz<\/strong><\/p>\n","protected":false},"excerpt":{"rendered":"<p>\u00dcr\u00fcn \u00d6zellikleri : Kapak renklerinde farkl\u0131l\u0131k (beyaz ya da siyah)\u00a0 olabilir\u00a0\u00a0 Materyal : Cam + Plastik \u00c7er\u00e7eveli Adet \/ Renk \/ Tasar\u0131m : 1 Adet, HSNET olarak tasarlad\u0131\u011f\u0131m\u0131z, resimde yer alan modeli s\u00fcrpriz ya\u015famaman\u0131z i\u00e7in birebir g\u00f6nderiyoruz. Kapak renklerinde farkl\u0131l\u0131k olabilir \u00a0 1100 ml kapasiteldir. \u0130HT\u0130YACINIZ OLAN SON \u00c7AYDANLIK. Bu \u00e7aydanl\u0131k, y\u0131llar boyu g\u00fcnl\u00fck kullan\u0131m&#8230;<\/p>\n","protected":false},"featured_media":120487,"comment_status":"open","ping_status":"closed","template":"","meta":{"_kad_post_transparent":"","_kad_post_title":"","_kad_post_layout":"","_kad_post_sidebar_id":"","_kad_post_content_style":"","_kad_post_vertical_padding":"","_kad_post_feature":"","_kad_post_feature_position":"","_kad_post_header":false,"_kad_post_footer":false,"_kad_post_classname":""},"product_brand":[],"product_cat":[7841],"product_tag":[],"class_list":{"0":"post-120488","1":"product","2":"type-product","3":"status-publish","4":"has-post-thumbnail","6":"product_cat-cay-kahve-yardimcilari-sofra-sofra-mutfak-ev-yasam-cay-kahve-yardimcilari","8":"first","9":"instock","10":"purchasable","11":"product-type-simple","12":"entry","13":"content-bg","14":"loop-entry"},"_links":{"self":[{"href":"https:\/\/www.hediyepazar.com\/index.php?rest_route=\/wp\/v2\/product\/120488","targetHints":{"allow":["GET"]}}],"collection":[{"href":"https:\/\/www.hediyepazar.com\/index.php?rest_route=\/wp\/v2\/product"}],"about":[{"href":"https:\/\/www.hediyepazar.com\/index.php?rest_route=\/wp\/v2\/types\/product"}],"replies":[{"embeddable":true,"href":"https:\/\/www.hediyepazar.com\/index.php?rest_route=%2Fwp%2Fv2%2Fcomments&post=120488"}],"wp:featuredmedia":[{"embeddable":true,"href":"https:\/\/www.hediyepazar.com\/index.php?rest_route=\/wp\/v2\/media\/120487"}],"wp:attachment":[{"href":"https:\/\/www.hediyepazar.com\/index.php?rest_route=%2Fwp%2Fv2%2Fmedia&parent=120488"}],"wp:term":[{"taxonomy":"product_brand","embeddable":true,"href":"https:\/\/www.hediyepazar.com\/index.php?rest_route=%2Fwp%2Fv2%2Fproduct_brand&post=120488"},{"taxonomy":"product_cat","embeddable":true,"href":"https:\/\/www.hediyepazar.com\/index.php?rest_route=%2Fwp%2Fv2%2Fproduct_cat&post=120488"},{"taxonomy":"product_tag","embeddable":true,"href":"https:\/\/www.hediyepazar.com\/index.php?rest_route=%2Fwp%2Fv2%2Fproduct_tag&post=120488"}],"curies":[{"name":"wp","href":"https:\/\/api.w.org\/{rel}","templated":true}]}}