{"id":120494,"date":"2026-05-06T03:54:33","date_gmt":"2026-05-06T06:54:33","guid":{"rendered":"https:\/\/www.hediyepazar.com\/?product=ahsap-bislec-cevirgec-dogal-gurgen-agaci"},"modified":"2026-05-06T03:54:33","modified_gmt":"2026-05-06T06:54:33","slug":"ahsap-bislec-cevirgec-dogal-gurgen-agaci","status":"publish","type":"product","link":"https:\/\/www.hediyepazar.com\/?product=ahsap-bislec-cevirgec-dogal-gurgen-agaci","title":{"rendered":"Ah\u015fap Bisle\u00e7 \u00c7evirge\u00e7 Do\u011fal G\u00fcrgen A\u011fac\u0131"},"content":{"rendered":"\n<p> <strong>\u00dcr\u00fcn \u00d6zellikleri : <\/strong><\/p>\n<p> <strong>GIDA VE AKSESUARLAR \u00dcR\u00dcNE DAH\u0130L DE\u011e\u0130LD\u0130R. <\/strong><\/p>\n<p> <strong>Materyal : %100 Ham G\u00fcrgen A\u011fac\u0131\u00a0<\/strong><\/p>\n<p> <strong>Adet \/ Renk \/ Tasar\u0131m : <\/strong> 1 Adet, HSNET\u00a0 Design olarak tasarlad\u0131\u011f\u0131m\u0131z, resimde yer alan modeli , s\u00fcrpriz ya\u015famaman\u0131z i\u00e7in birebir g\u00f6nderiyoruz. El yap\u0131m\u0131 ve do\u011fal oldu\u011fundan, \u015fekilde d\u00fczensizlik, renk tonlar\u0131nda farkl\u0131l\u0131klar olabilir\u00a0<\/p>\n<p> <strong>\u00d6l\u00e7\u00fcler (bir cep telefonu ortalama 16 cm dir. K\u0131yaslaman\u0131z i\u00e7in kolayl\u0131k de\u011fil mi ? ) : 34 x 5 CM<\/strong><\/p>\n<p> \u00d6zelikle, teflon, granit gibi \u00e7izilmeye kar\u015f\u0131 hassas tava ve tencereler i\u00e7in tasarlanm\u0131\u015ft\u0131r.<\/p>\n<p> <strong>M\u00dcKEMMEL SATI\u015e SONRASI H\u0130ZMET : <\/strong>Bu \u00fcr\u00fcne daha avantajl\u0131 sahip olabilmeniz i\u00e7in ma\u011fazam\u0131z\u0131 ziyaret ederek, kampanyalar\u0131 inceleyebilirsiniz. HSNET \/ HSNET olarak m\u00fc\u015fterilerimize en iyi hizmeti sunmay\u0131 ama\u00e7l\u0131yor, g\u00fcvenle sat\u0131n alabilmeniz i\u00e7in, ambalaj kalitemize g\u00fcveniyor, her \u00fcr\u00fcn sorunsuz teslimat i\u00e7in \u00f6zenle paketliyor ve resimde belirtilen renk, ebat, \u00f6zelikte \u00fcr\u00fcn g\u00f6ndermeyi taahh\u00fct ediyoruz. Hasarl\u0131 \u00fcr\u00fcn ald\u0131ysan\u0131z veya di\u011fer \u00fcr\u00fcn ve paket teslimat sorunlar\u0131 oldu\u011funda bizimle ileti\u015fime ge\u00e7mekten \u00e7ekinmeyin.<\/p>\n<p> <strong>Detayl\u0131 bilgi i\u00e7in ek resimleri inceleyebilirsiniz<\/strong><\/p>\n","protected":false},"excerpt":{"rendered":"<p>\u00dcr\u00fcn \u00d6zellikleri : GIDA VE AKSESUARLAR \u00dcR\u00dcNE DAH\u0130L DE\u011e\u0130LD\u0130R. Materyal : %100 Ham G\u00fcrgen A\u011fac\u0131\u00a0 Adet \/ Renk \/ Tasar\u0131m : 1 Adet, HSNET\u00a0 Design olarak tasarlad\u0131\u011f\u0131m\u0131z, resimde yer alan modeli , s\u00fcrpriz ya\u015famaman\u0131z i\u00e7in birebir g\u00f6nderiyoruz. El yap\u0131m\u0131 ve do\u011fal oldu\u011fundan, \u015fekilde d\u00fczensizlik, renk tonlar\u0131nda farkl\u0131l\u0131klar olabilir\u00a0 \u00d6l\u00e7\u00fcler (bir cep telefonu ortalama 16 cm&#8230;<\/p>\n","protected":false},"featured_media":120493,"comment_status":"open","ping_status":"closed","template":"","meta":{"_kad_post_transparent":"","_kad_post_title":"","_kad_post_layout":"","_kad_post_sidebar_id":"","_kad_post_content_style":"","_kad_post_vertical_padding":"","_kad_post_feature":"","_kad_post_feature_position":"","_kad_post_header":false,"_kad_post_footer":false,"_kad_post_classname":""},"product_brand":[],"product_cat":[14898],"product_tag":[],"class_list":{"0":"post-120494","1":"product","2":"type-product","3":"status-publish","4":"has-post-thumbnail","6":"product_cat-hamur-sekillendirici-yemek-hazirlik-sofra-mutfak-ev-yasam-hamur-sekillendirici","8":"first","9":"instock","10":"purchasable","11":"product-type-simple","12":"entry","13":"content-bg","14":"loop-entry"},"_links":{"self":[{"href":"https:\/\/www.hediyepazar.com\/index.php?rest_route=\/wp\/v2\/product\/120494","targetHints":{"allow":["GET"]}}],"collection":[{"href":"https:\/\/www.hediyepazar.com\/index.php?rest_route=\/wp\/v2\/product"}],"about":[{"href":"https:\/\/www.hediyepazar.com\/index.php?rest_route=\/wp\/v2\/types\/product"}],"replies":[{"embeddable":true,"href":"https:\/\/www.hediyepazar.com\/index.php?rest_route=%2Fwp%2Fv2%2Fcomments&post=120494"}],"wp:featuredmedia":[{"embeddable":true,"href":"https:\/\/www.hediyepazar.com\/index.php?rest_route=\/wp\/v2\/media\/120493"}],"wp:attachment":[{"href":"https:\/\/www.hediyepazar.com\/index.php?rest_route=%2Fwp%2Fv2%2Fmedia&parent=120494"}],"wp:term":[{"taxonomy":"product_brand","embeddable":true,"href":"https:\/\/www.hediyepazar.com\/index.php?rest_route=%2Fwp%2Fv2%2Fproduct_brand&post=120494"},{"taxonomy":"product_cat","embeddable":true,"href":"https:\/\/www.hediyepazar.com\/index.php?rest_route=%2Fwp%2Fv2%2Fproduct_cat&post=120494"},{"taxonomy":"product_tag","embeddable":true,"href":"https:\/\/www.hediyepazar.com\/index.php?rest_route=%2Fwp%2Fv2%2Fproduct_tag&post=120494"}],"curies":[{"name":"wp","href":"https:\/\/api.w.org\/{rel}","templated":true}]}}