{"id":120500,"date":"2026-05-06T03:54:50","date_gmt":"2026-05-06T06:54:50","guid":{"rendered":"https:\/\/www.hediyepazar.com\/?product=profesyonel-1150-cm-cap-lavabo-suzgeci"},"modified":"2026-05-06T03:54:50","modified_gmt":"2026-05-06T06:54:50","slug":"profesyonel-1150-cm-cap-lavabo-suzgeci","status":"publish","type":"product","link":"https:\/\/www.hediyepazar.com\/?product=profesyonel-1150-cm-cap-lavabo-suzgeci","title":{"rendered":"Profesyonel 1150 cm \u00c7ap Lavabo S\u00fczgeci"},"content":{"rendered":"<p>\n\t<strong>\u00d6zellikler : <\/strong><\/p>\n<p>\t<strong>Materyal : Paslanmaz \u00c7elik\u00a0<\/strong><\/p>\n<p>\t<strong>\u00d6l\u00e7\u00fcler : \u00c7ap : 11,50 cm \u00fcst \u00e7ap\u00a0\u00a0<\/strong>\u00a0<strong>Ekran yan\u0131lmalar\u0131na kar\u015f\u0131 l\u00fctfen \u00f6l\u00e7\u00fcleri kar\u015f\u0131la\u015ft\u0131r\u0131n.\u00a0\u00a0<\/strong><\/p>\n<p>\n\t<strong>GEN\u0130\u015e KULLANIM ALANI : Du\u015f, k\u00fcvet, Mutfak lavabosu, banyo, \u00e7ama\u015f\u0131r odas\u0131, balkon lavabosu, evcil hayvan d\u00fckkan\u0131, berber d\u00fckkan\u0131, g\u00fczellik salonu vb.<\/strong><\/p>\n<p>\t<strong>KAL\u0130TEL\u0130 YAPI :<\/strong> %100 Paslanmaz \u00c7elik, profesyonel metal file tasar\u0131m\u0131 .G\u00fcvenilir yap\u0131, uzun s\u00fcreli kullan\u0131m, t\u0131kanma yok. Sa\u011flam yap\u0131s\u0131, g\u00fc\u00e7l\u00fc su bas\u0131nc\u0131 alt\u0131nda bile dayan\u0131kl\u0131 ve deforme olmamas\u0131n\u0131 sa\u011flar.<\/p>\n<p>\t<strong>DEL\u0130K TASARIMI :<\/strong> Lavaboyu t\u0131kamayacak ve temizli\u011fi zorla\u015ft\u0131ran k\u00fc\u00e7\u00fck par\u00e7ac\u0131klar\u0131 etkili bir \u015fekilde tutar ve bar\u0131nd\u0131rabilir.<\/p>\n<p>\t<strong>KULLANICI DOSTU TASARLANMI\u015eTIR: <\/strong>Keskin kenarlar yoktur, bu nedenle lavabonuzu ve ellerinizi \u00e7izmez veya zarar vermez.<\/p>\n<p>\t<strong>DETAYLI B\u0130LG\u0130 \u0130\u00c7\u0130N EK RES\u0130MLER\u0130 \u0130NCELEYEB\u0130L\u0130RS\u0130N\u0130Z.<\/strong><\/p>\n<p>\n\t<br \/>\n\t<img decoding=\"async\" alt=\"\" src=\"https:\/\/arabayaservis.com\/skins\/shared\/images\/NEWMART\/7430000718173-1.jpg\" \/><\/p>\n","protected":false},"excerpt":{"rendered":"<p>\u00d6zellikler : Materyal : Paslanmaz \u00c7elik\u00a0 \u00d6l\u00e7\u00fcler : \u00c7ap : 11,50 cm \u00fcst \u00e7ap\u00a0\u00a0\u00a0Ekran yan\u0131lmalar\u0131na kar\u015f\u0131 l\u00fctfen \u00f6l\u00e7\u00fcleri kar\u015f\u0131la\u015ft\u0131r\u0131n.\u00a0\u00a0 GEN\u0130\u015e KULLANIM ALANI : Du\u015f, k\u00fcvet, Mutfak lavabosu, banyo, \u00e7ama\u015f\u0131r odas\u0131, balkon lavabosu, evcil hayvan d\u00fckkan\u0131, berber d\u00fckkan\u0131, g\u00fczellik salonu vb. KAL\u0130TEL\u0130 YAPI : %100 Paslanmaz \u00c7elik, profesyonel metal file tasar\u0131m\u0131 .G\u00fcvenilir yap\u0131, uzun s\u00fcreli kullan\u0131m,&#8230;<\/p>\n","protected":false},"featured_media":120499,"comment_status":"open","ping_status":"closed","template":"","meta":{"_kad_post_transparent":"","_kad_post_title":"","_kad_post_layout":"","_kad_post_sidebar_id":"","_kad_post_content_style":"","_kad_post_vertical_padding":"","_kad_post_feature":"","_kad_post_feature_position":"","_kad_post_header":false,"_kad_post_footer":false,"_kad_post_classname":""},"product_brand":[],"product_cat":[7826],"product_tag":[],"class_list":{"0":"post-120500","1":"product","2":"type-product","3":"status-publish","4":"has-post-thumbnail","6":"product_cat-endustriyel-mutfak-ekipmanlari-sofra-sofra-mutfak-ev-yasam-endustriyel-mutfak-ekipmanlari","8":"first","9":"instock","10":"purchasable","11":"product-type-simple","12":"entry","13":"content-bg","14":"loop-entry"},"_links":{"self":[{"href":"https:\/\/www.hediyepazar.com\/index.php?rest_route=\/wp\/v2\/product\/120500","targetHints":{"allow":["GET"]}}],"collection":[{"href":"https:\/\/www.hediyepazar.com\/index.php?rest_route=\/wp\/v2\/product"}],"about":[{"href":"https:\/\/www.hediyepazar.com\/index.php?rest_route=\/wp\/v2\/types\/product"}],"replies":[{"embeddable":true,"href":"https:\/\/www.hediyepazar.com\/index.php?rest_route=%2Fwp%2Fv2%2Fcomments&post=120500"}],"wp:featuredmedia":[{"embeddable":true,"href":"https:\/\/www.hediyepazar.com\/index.php?rest_route=\/wp\/v2\/media\/120499"}],"wp:attachment":[{"href":"https:\/\/www.hediyepazar.com\/index.php?rest_route=%2Fwp%2Fv2%2Fmedia&parent=120500"}],"wp:term":[{"taxonomy":"product_brand","embeddable":true,"href":"https:\/\/www.hediyepazar.com\/index.php?rest_route=%2Fwp%2Fv2%2Fproduct_brand&post=120500"},{"taxonomy":"product_cat","embeddable":true,"href":"https:\/\/www.hediyepazar.com\/index.php?rest_route=%2Fwp%2Fv2%2Fproduct_cat&post=120500"},{"taxonomy":"product_tag","embeddable":true,"href":"https:\/\/www.hediyepazar.com\/index.php?rest_route=%2Fwp%2Fv2%2Fproduct_tag&post=120500"}],"curies":[{"name":"wp","href":"https:\/\/api.w.org\/{rel}","templated":true}]}}