{"id":120502,"date":"2026-05-06T03:55:00","date_gmt":"2026-05-06T06:55:00","guid":{"rendered":"https:\/\/www.hediyepazar.com\/?product=ahsap-spatula-dogal-gurgen-agaci"},"modified":"2026-05-06T03:55:00","modified_gmt":"2026-05-06T06:55:00","slug":"ahsap-spatula-dogal-gurgen-agaci","status":"publish","type":"product","link":"https:\/\/www.hediyepazar.com\/?product=ahsap-spatula-dogal-gurgen-agaci","title":{"rendered":"Ah\u015fap Spatula Do\u011fal G\u00fcrgen A\u011fac\u0131"},"content":{"rendered":"<p>\n\t<strong>\u00dcr\u00fcn \u00d6zellikleri : <\/strong><\/p>\n<p>\t<strong>Aksesuarlar \u00dcr\u00fcne Dahil De\u011fildir. <\/strong><\/p>\n<p>\t<strong>Materyal : Ham, Kaplamas\u0131z Ah\u015fap, G\u00fcrgen A\u011fac\u0131ndan El Yap\u0131m\u0131d\u0131r. El Yap\u0131m\u0131 Oldu\u011fundan Renklerde Hafif De\u011fi\u015fiklik Ve Hafif Simetrik Hatalar Olabilir.;<\/strong><\/p>\n<p>\t<strong>Adet \/ Renk \/ Tasar\u0131m : <\/strong> 1 Adet, HSNET\u00a0 Design Olarak Tasarlad\u0131\u011f\u0131m\u0131z, Resimde Yer Alan Rengi, S\u00fcrpriz Ya\u015famaman\u0131z \u0130\u00e7in Birebir G\u00f6nderiyoruz<\/p>\n<p>\t<strong>\u00d6l\u00e7\u00fcler (Bir Cep Telefonu Ortalama 16 Cm Dir. K\u0131yaslaman\u0131z \u0130\u00e7in Kolayl\u0131k De\u011fil Mi ? ) : 28 Cm\u00a0<\/strong><\/p>\n<p>\n\tTasar\u0131m: \u0130ster G\u00fcve\u00e7te \u0130ster Kancada As\u0131l\u0131 Olsun, Mutfa\u011f\u0131n\u0131zda Sergilemek \u0130stemenizi Sa\u011flar<\/p>\n<p>\n\t<br \/>\n\tDo\u011fru Boyutlu: Hem Sa\u011f Hem De Sol Elini Kullananlar \u0130\u00e7in \u00c7al\u0131\u015fmak \u00dczere Tasarland\u0131.<\/p>\n<p>\t\u0130deal Servis Eleman\u0131 : Bu Temel Mutfak Aletiyle En Sevdi\u011finiz Yemekleri Servis Edin. Sa\u011flam, Dayan\u0131kl\u0131 Pi\u015firme Aleti Gereken A\u011f\u0131rl\u0131\u011f\u0131n\u0131 Kald\u0131rabilir, Tencerenizi, Servis Taba\u011f\u0131n\u0131 Veya Pi\u015firiciyi \u00c7izmez Ergonomik \u015eekilli Sap, Rahat Bir Tutu\u015f Sa\u011flar Ve Bu Mutfak Aleti G\u00f6revini Tam Olarak Yerine Getirir.<\/p>\n<p>\tDayan\u0131kl\u0131 : Yumu\u015fak Dokunu\u015flu Silikon, Tavalar\u0131 \u00c7izmez, Bu Da Onu Yap\u0131\u015fmaz Ve D\u00f6kme Demir Pi\u015firme Kaplar\u0131 \u0130\u00e7in Nazik Ve G\u00fcvenli Bir Se\u00e7im Haline Getirir.<\/p>\n<p>\n\t<strong>M\u00fckemmel Sat\u0131\u015f Sonras\u0131 Hizmet : <\/strong>Bu \u00dcr\u00fcne Daha Avantajl\u0131 Sahip Olabilmeniz \u0130\u00e7in Ma\u011fazam\u0131z\u0131 Ziyaret Ederek, Kampanyalar\u0131 \u0130nceleyebilirsiniz. HSNET \/ Kakt\u00fcskedi Olarak M\u00fc\u015fterilerimize En \u0130yi Hizmeti Sunmay\u0131 Ama\u00e7l\u0131yor, G\u00fcvenle Sat\u0131n Alabilmeniz \u0130\u00e7in, Ambalaj Kalitemize G\u00fcveniyor, Her \u00dcr\u00fcn Sorunsuz Teslimat \u0130\u00e7in \u00d6zenle Paketliyor Ve Resimde Belirtilen Renk, Ebat, \u00d6zelikte \u00dcr\u00fcn G\u00f6ndermeyi Taahh\u00fct Ediyoruz. Hasarl\u0131 \u00dcr\u00fcn Ald\u0131ysan\u0131z Veya Di\u011fer \u00dcr\u00fcn Ve Paket Teslimat Sorunlar\u0131 Oldu\u011funda Bizimle \u0130leti\u015fime Ge\u00e7mekten \u00c7ekinmeyin.<\/p>\n<p>\n\t<strong>Detayl\u0131 Bilgi \u0130\u00e7in Ek Resimleri \u0130nceleyebilirsiniz\u00a0<\/strong><\/p>\n<p>\n\t\u00a0<\/p>\n","protected":false},"excerpt":{"rendered":"<p>\u00dcr\u00fcn \u00d6zellikleri : Aksesuarlar \u00dcr\u00fcne Dahil De\u011fildir. Materyal : Ham, Kaplamas\u0131z Ah\u015fap, G\u00fcrgen A\u011fac\u0131ndan El Yap\u0131m\u0131d\u0131r. El Yap\u0131m\u0131 Oldu\u011fundan Renklerde Hafif De\u011fi\u015fiklik Ve Hafif Simetrik Hatalar Olabilir.; Adet \/ Renk \/ Tasar\u0131m : 1 Adet, HSNET\u00a0 Design Olarak Tasarlad\u0131\u011f\u0131m\u0131z, Resimde Yer Alan Rengi, S\u00fcrpriz Ya\u015famaman\u0131z \u0130\u00e7in Birebir G\u00f6nderiyoruz \u00d6l\u00e7\u00fcler (Bir Cep Telefonu Ortalama 16 Cm&#8230;<\/p>\n","protected":false},"featured_media":120501,"comment_status":"open","ping_status":"closed","template":"","meta":{"_kad_post_transparent":"","_kad_post_title":"","_kad_post_layout":"","_kad_post_sidebar_id":"","_kad_post_content_style":"","_kad_post_vertical_padding":"","_kad_post_feature":"","_kad_post_feature_position":"","_kad_post_header":false,"_kad_post_footer":false,"_kad_post_classname":""},"product_brand":[],"product_cat":[14898],"product_tag":[],"class_list":{"0":"post-120502","1":"product","2":"type-product","3":"status-publish","4":"has-post-thumbnail","6":"product_cat-hamur-sekillendirici-yemek-hazirlik-sofra-mutfak-ev-yasam-hamur-sekillendirici","8":"first","9":"instock","10":"purchasable","11":"product-type-simple","12":"entry","13":"content-bg","14":"loop-entry"},"_links":{"self":[{"href":"https:\/\/www.hediyepazar.com\/index.php?rest_route=\/wp\/v2\/product\/120502","targetHints":{"allow":["GET"]}}],"collection":[{"href":"https:\/\/www.hediyepazar.com\/index.php?rest_route=\/wp\/v2\/product"}],"about":[{"href":"https:\/\/www.hediyepazar.com\/index.php?rest_route=\/wp\/v2\/types\/product"}],"replies":[{"embeddable":true,"href":"https:\/\/www.hediyepazar.com\/index.php?rest_route=%2Fwp%2Fv2%2Fcomments&post=120502"}],"wp:featuredmedia":[{"embeddable":true,"href":"https:\/\/www.hediyepazar.com\/index.php?rest_route=\/wp\/v2\/media\/120501"}],"wp:attachment":[{"href":"https:\/\/www.hediyepazar.com\/index.php?rest_route=%2Fwp%2Fv2%2Fmedia&parent=120502"}],"wp:term":[{"taxonomy":"product_brand","embeddable":true,"href":"https:\/\/www.hediyepazar.com\/index.php?rest_route=%2Fwp%2Fv2%2Fproduct_brand&post=120502"},{"taxonomy":"product_cat","embeddable":true,"href":"https:\/\/www.hediyepazar.com\/index.php?rest_route=%2Fwp%2Fv2%2Fproduct_cat&post=120502"},{"taxonomy":"product_tag","embeddable":true,"href":"https:\/\/www.hediyepazar.com\/index.php?rest_route=%2Fwp%2Fv2%2Fproduct_tag&post=120502"}],"curies":[{"name":"wp","href":"https:\/\/api.w.org\/{rel}","templated":true}]}}