{"id":120540,"date":"2026-05-06T04:01:02","date_gmt":"2026-05-06T07:01:02","guid":{"rendered":"https:\/\/www.hediyepazar.com\/?product=tasinabilir-mini-bluetooth-hoparlor-guclu-ses-ve-sik-kirmizi-tasarim"},"modified":"2026-05-06T04:01:02","modified_gmt":"2026-05-06T07:01:02","slug":"tasinabilir-mini-bluetooth-hoparlor-guclu-ses-ve-sik-kirmizi-tasarim","status":"publish","type":"product","link":"https:\/\/www.hediyepazar.com\/?product=tasinabilir-mini-bluetooth-hoparlor-guclu-ses-ve-sik-kirmizi-tasarim","title":{"rendered":"Ta\u015f\u0131nabilir Mini Bluetooth Hoparl\u00f6r G\u00fc\u00e7l\u00fc Ses ve \u015e\u0131k K\u0131rm\u0131z\u0131 Tasar\u0131m"},"content":{"rendered":"<p>Ta\u015f\u0131nabilirlik ve \u015e\u0131kl\u0131k Bir Arada!Kompakt yap\u0131s\u0131 ve hafif tasar\u0131m\u0131yla bu mini Bluetooth hoparl\u00f6r, g\u00fcnl\u00fck ya\u015fam\u0131n her alan\u0131nda m\u00fczi\u011fi yan\u0131n\u0131zda ta\u015f\u0131man\u0131z\u0131 sa\u011flar.K\u00fc\u00e7\u00fck boyutlar\u0131na ra\u011fmen y\u00fcksek ses g\u00fcc\u00fc sunarak beklentilerin \u00e7ok \u00f6tesinde bir performans sergiler.Modern \u00e7izgilere sahip d\u0131\u015f y\u00fczeyi, g\u00f6z al\u0131c\u0131 sadece i\u015flevsel de\u011fil, ayn\u0131 zamanda estetik bir aksesuar h\u00e2line gelir.Evde, ofiste, parkta veya seyahatte m\u00fczik keyfini kesintisiz ya\u015fay\u0131n.Dayan\u0131kl\u0131 malzeme kalitesi uzun \u00f6m\u00fcrl\u00fc kullan\u0131m sa\u011flarken, kompakt formu \u00e7antan\u0131zda veya cebinizde kolayca ta\u015f\u0131nabilir.\u015e\u0131kl\u0131\u011f\u0131 ve g\u00fcc\u00fc bir arada sunan bu hoparl\u00f6r, tarz sahibi kullan\u0131c\u0131lar i\u00e7in m\u00fckemmel bir se\u00e7imdir.<\/p>\n","protected":false},"excerpt":{"rendered":"<p>Ta\u015f\u0131nabilirlik ve \u015e\u0131kl\u0131k Bir Arada!Kompakt yap\u0131s\u0131 ve hafif tasar\u0131m\u0131yla bu mini Bluetooth hoparl\u00f6r, g\u00fcnl\u00fck ya\u015fam\u0131n her alan\u0131nda m\u00fczi\u011fi yan\u0131n\u0131zda ta\u015f\u0131man\u0131z\u0131 sa\u011flar.K\u00fc\u00e7\u00fck boyutlar\u0131na ra\u011fmen y\u00fcksek ses g\u00fcc\u00fc sunarak beklentilerin \u00e7ok \u00f6tesinde bir performans sergiler.Modern \u00e7izgilere sahip d\u0131\u015f y\u00fczeyi, g\u00f6z al\u0131c\u0131 sadece i\u015flevsel de\u011fil, ayn\u0131 zamanda estetik bir aksesuar h\u00e2line gelir.Evde, ofiste, parkta veya seyahatte m\u00fczik keyfini&#8230;<\/p>\n","protected":false},"featured_media":120539,"comment_status":"open","ping_status":"closed","template":"","meta":{"_kad_post_transparent":"","_kad_post_title":"","_kad_post_layout":"","_kad_post_sidebar_id":"","_kad_post_content_style":"","_kad_post_vertical_padding":"","_kad_post_feature":"","_kad_post_feature_position":"","_kad_post_header":false,"_kad_post_footer":false,"_kad_post_classname":""},"product_brand":[],"product_cat":[14911],"product_tag":[],"class_list":{"0":"post-120540","1":"product","2":"type-product","3":"status-publish","4":"has-post-thumbnail","6":"product_cat-kablosuz-hoparlor-kablosuz-hoparlor","8":"first","9":"instock","10":"purchasable","11":"product-type-simple","12":"entry","13":"content-bg","14":"loop-entry"},"_links":{"self":[{"href":"https:\/\/www.hediyepazar.com\/index.php?rest_route=\/wp\/v2\/product\/120540","targetHints":{"allow":["GET"]}}],"collection":[{"href":"https:\/\/www.hediyepazar.com\/index.php?rest_route=\/wp\/v2\/product"}],"about":[{"href":"https:\/\/www.hediyepazar.com\/index.php?rest_route=\/wp\/v2\/types\/product"}],"replies":[{"embeddable":true,"href":"https:\/\/www.hediyepazar.com\/index.php?rest_route=%2Fwp%2Fv2%2Fcomments&post=120540"}],"wp:featuredmedia":[{"embeddable":true,"href":"https:\/\/www.hediyepazar.com\/index.php?rest_route=\/wp\/v2\/media\/120539"}],"wp:attachment":[{"href":"https:\/\/www.hediyepazar.com\/index.php?rest_route=%2Fwp%2Fv2%2Fmedia&parent=120540"}],"wp:term":[{"taxonomy":"product_brand","embeddable":true,"href":"https:\/\/www.hediyepazar.com\/index.php?rest_route=%2Fwp%2Fv2%2Fproduct_brand&post=120540"},{"taxonomy":"product_cat","embeddable":true,"href":"https:\/\/www.hediyepazar.com\/index.php?rest_route=%2Fwp%2Fv2%2Fproduct_cat&post=120540"},{"taxonomy":"product_tag","embeddable":true,"href":"https:\/\/www.hediyepazar.com\/index.php?rest_route=%2Fwp%2Fv2%2Fproduct_tag&post=120540"}],"curies":[{"name":"wp","href":"https:\/\/api.w.org\/{rel}","templated":true}]}}