{"id":120562,"date":"2026-05-06T04:04:09","date_gmt":"2026-05-06T07:04:09","guid":{"rendered":"https:\/\/www.hediyepazar.com\/?product=kablosuz-bluetooth-5-3-kulaklik-dijital-ekranli-ve-su-gecirmez"},"modified":"2026-05-06T04:04:09","modified_gmt":"2026-05-06T07:04:09","slug":"kablosuz-bluetooth-5-3-kulaklik-dijital-ekranli-ve-su-gecirmez","status":"publish","type":"product","link":"https:\/\/www.hediyepazar.com\/?product=kablosuz-bluetooth-5-3-kulaklik-dijital-ekranli-ve-su-gecirmez","title":{"rendered":"Kablosuz Bluetooth 5.3 Kulakl\u0131k Dijital Ekranl\u0131 ve Su Ge\u00e7irmez"},"content":{"rendered":"<p>Yeni nesil kablosuz ses deneyimine haz\u0131r olun!Fineblue F580 Bluetooth Kulakl\u0131k, g\u00fc\u00e7l\u00fc performans\u0131, \u015f\u0131k tasar\u0131m\u0131 ve ak\u0131ll\u0131 \u00f6zellikleriyle g\u00fcnl\u00fck ya\u015fam\u0131n her an\u0131na uyum sa\u011flar.Bluetooth 5.3 teknolojisi, 10 metreye kadar kararl\u0131 ba\u011flant\u0131 sunarak kesintisiz bir ses deneyimi ya\u015fat\u0131r.Hem oyun oynarken d\u00fc\u015f\u00fck gecikmeli performans sa\u011flar hem de m\u00fczik dinlerken net ve g\u00fc\u00e7l\u00fc bir ses kalitesi sunar.Geri \u00e7ekilebilir kablo tasar\u0131m\u0131, kablo kar\u0131\u015f\u0131kl\u0131\u011f\u0131n\u0131 tamamen ortadan kald\u0131r\u0131r.Klipsli yap\u0131s\u0131 sayesinde ti\u015f\u00f6rt\u00fcn\u00fcze veya g\u00f6mle\u011finize sabitleyebilir, \u00f6zg\u00fcrce hareket ederken kulakl\u0131\u011f\u0131 g\u00fcvenle kullanabilirsiniz.110mAh g\u00fc\u00e7l\u00fc batarya, 12 saate kadar kesintisiz m\u00fczik veya konu\u015fma imk\u00e2n\u0131 sunar.Ayr\u0131ca, LED dijital ekran\u0131 sayesinde \u015farj seviyesini anl\u0131k olarak g\u00f6rebilir, \u015farj durumunuzu her zaman kontrol alt\u0131nda tutabilirsiniz.Su ge\u00e7irmez d\u0131\u015f y\u00fczeyi, spor yaparken veya ani ya\u011fmurlarda bile g\u00fcvenli kullan\u0131m sa\u011flar.Kompakt ve modern tasar\u0131m\u0131 ile Fineblue F580, hem i\u015f hem de e\u011flence i\u00e7in m\u00fckemmel bir kablosuz kulakl\u0131k deneyimi sunar.<\/p>\n","protected":false},"excerpt":{"rendered":"<p>Yeni nesil kablosuz ses deneyimine haz\u0131r olun!Fineblue F580 Bluetooth Kulakl\u0131k, g\u00fc\u00e7l\u00fc performans\u0131, \u015f\u0131k tasar\u0131m\u0131 ve ak\u0131ll\u0131 \u00f6zellikleriyle g\u00fcnl\u00fck ya\u015fam\u0131n her an\u0131na uyum sa\u011flar.Bluetooth 5.3 teknolojisi, 10 metreye kadar kararl\u0131 ba\u011flant\u0131 sunarak kesintisiz bir ses deneyimi ya\u015fat\u0131r.Hem oyun oynarken d\u00fc\u015f\u00fck gecikmeli performans sa\u011flar hem de m\u00fczik dinlerken net ve g\u00fc\u00e7l\u00fc bir ses kalitesi sunar.Geri \u00e7ekilebilir kablo&#8230;<\/p>\n","protected":false},"featured_media":120561,"comment_status":"open","ping_status":"closed","template":"","meta":{"_kad_post_transparent":"","_kad_post_title":"","_kad_post_layout":"","_kad_post_sidebar_id":"","_kad_post_content_style":"","_kad_post_vertical_padding":"","_kad_post_feature":"","_kad_post_feature_position":"","_kad_post_header":false,"_kad_post_footer":false,"_kad_post_classname":""},"product_brand":[],"product_cat":[14957],"product_tag":[],"class_list":{"0":"post-120562","1":"product","2":"type-product","3":"status-publish","4":"has-post-thumbnail","6":"product_cat-kablosuz-kulaklik-kablosuz-kulaklik","8":"first","9":"instock","10":"purchasable","11":"product-type-simple","12":"entry","13":"content-bg","14":"loop-entry"},"_links":{"self":[{"href":"https:\/\/www.hediyepazar.com\/index.php?rest_route=\/wp\/v2\/product\/120562","targetHints":{"allow":["GET"]}}],"collection":[{"href":"https:\/\/www.hediyepazar.com\/index.php?rest_route=\/wp\/v2\/product"}],"about":[{"href":"https:\/\/www.hediyepazar.com\/index.php?rest_route=\/wp\/v2\/types\/product"}],"replies":[{"embeddable":true,"href":"https:\/\/www.hediyepazar.com\/index.php?rest_route=%2Fwp%2Fv2%2Fcomments&post=120562"}],"wp:featuredmedia":[{"embeddable":true,"href":"https:\/\/www.hediyepazar.com\/index.php?rest_route=\/wp\/v2\/media\/120561"}],"wp:attachment":[{"href":"https:\/\/www.hediyepazar.com\/index.php?rest_route=%2Fwp%2Fv2%2Fmedia&parent=120562"}],"wp:term":[{"taxonomy":"product_brand","embeddable":true,"href":"https:\/\/www.hediyepazar.com\/index.php?rest_route=%2Fwp%2Fv2%2Fproduct_brand&post=120562"},{"taxonomy":"product_cat","embeddable":true,"href":"https:\/\/www.hediyepazar.com\/index.php?rest_route=%2Fwp%2Fv2%2Fproduct_cat&post=120562"},{"taxonomy":"product_tag","embeddable":true,"href":"https:\/\/www.hediyepazar.com\/index.php?rest_route=%2Fwp%2Fv2%2Fproduct_tag&post=120562"}],"curies":[{"name":"wp","href":"https:\/\/api.w.org\/{rel}","templated":true}]}}