{"id":120608,"date":"2026-05-06T04:11:05","date_gmt":"2026-05-06T07:11:05","guid":{"rendered":"https:\/\/www.hediyepazar.com\/?product=aninda-baski-ozellikli-cocuk-kamerasi-kopya"},"modified":"2026-05-06T04:11:05","modified_gmt":"2026-05-06T07:11:05","slug":"aninda-baski-ozellikli-cocuk-kamerasi-kopya","status":"publish","type":"product","link":"https:\/\/www.hediyepazar.com\/?product=aninda-baski-ozellikli-cocuk-kamerasi-kopya","title":{"rendered":"An\u0131nda Bask\u0131 \u00d6zellikli \u00c7ocuk Kameras\u0131 (Kopya)"},"content":{"rendered":"<p>Foto\u011fraf \u00e7ekmeyi seven minikler i\u00e7in tasarlanan An\u0131nda Foto\u011fraf Bask\u0131l\u0131 \u00c7ocuk Kameras\u0131, e\u011flenceyi elinizin alt\u0131na getiriyor! Bu cihaz, termal bask\u0131 teknolojisi ile \u00e7ekilen foto\u011fraflar\u0131 saniyeler i\u00e7inde yazd\u0131r\u0131r. M\u00fcrekkep, kartu\u015f veya toner gerektirmez, b\u00f6ylece kullan\u0131m son derece pratik ve ekonomiktir.24 MP HD \u00e7\u00f6z\u00fcn\u00fcrl\u00fckl\u00fc kamera sens\u00f6r\u00fc, her kareyi net ve canl\u0131 bir \u015fekilde yakalar. 5 renk filtresi ve 18 efekt se\u00e7ene\u011fi ile foto\u011fraflar \u00e7ok daha e\u011flenceli hale gelir. Cihaz\u0131n HD ekran\u0131, \u00e7ekim an\u0131nda g\u00f6r\u00fcnt\u00fcy\u00fc net \u015fekilde izleme imk\u00e2n\u0131 verir.Bu ak\u0131ll\u0131 kamera sadece \u00e7ekim de\u011fil, oyun ve m\u00fczik deneyimi de sunar. \u0130\u00e7inde yer alan snake, maze ve brick breaker oyunlar\u0131yla uzun s\u00fcreli e\u011flence sa\u011flarken, MP3 oynatma fonksiyonu sayesinde \u00e7ocuklar favori \u015fark\u0131lar\u0131n\u0131 diledikleri zaman dinleyebilir.Kullan\u0131c\u0131 dostu kontrol tu\u015flar\u0131 ve kolay aray\u00fcz\u00fc, k\u00fc\u00e7\u00fck kullan\u0131c\u0131lar i\u00e7in idealdir. Omuz ask\u0131s\u0131 sayesinde g\u00fcvenli bir \u015fekilde ta\u015f\u0131nabilir. Kompakt ve dayan\u0131kl\u0131 yap\u0131s\u0131, a\u00e7\u0131k hava aktiviteleri, geziler ve tatiller i\u00e7in m\u00fckemmeldir.Ayr\u0131ca grayscale ve dot print bask\u0131 modlar\u0131, her foto\u011frafa sanatsal bir dokunu\u015f ekler. E\u011flence, m\u00fczik ve foto\u011fraf bir arada!<\/p>\n","protected":false},"excerpt":{"rendered":"<p>Foto\u011fraf \u00e7ekmeyi seven minikler i\u00e7in tasarlanan An\u0131nda Foto\u011fraf Bask\u0131l\u0131 \u00c7ocuk Kameras\u0131, e\u011flenceyi elinizin alt\u0131na getiriyor! Bu cihaz, termal bask\u0131 teknolojisi ile \u00e7ekilen foto\u011fraflar\u0131 saniyeler i\u00e7inde yazd\u0131r\u0131r. M\u00fcrekkep, kartu\u015f veya toner gerektirmez, b\u00f6ylece kullan\u0131m son derece pratik ve ekonomiktir.24 MP HD \u00e7\u00f6z\u00fcn\u00fcrl\u00fckl\u00fc kamera sens\u00f6r\u00fc, her kareyi net ve canl\u0131 bir \u015fekilde yakalar. 5 renk filtresi ve&#8230;<\/p>\n","protected":false},"featured_media":120607,"comment_status":"open","ping_status":"closed","template":"","meta":{"_kad_post_transparent":"","_kad_post_title":"","_kad_post_layout":"","_kad_post_sidebar_id":"","_kad_post_content_style":"","_kad_post_vertical_padding":"","_kad_post_feature":"","_kad_post_feature_position":"","_kad_post_header":false,"_kad_post_footer":false,"_kad_post_classname":""},"product_brand":[],"product_cat":[14987],"product_tag":[],"class_list":{"0":"post-120608","1":"product","2":"type-product","3":"status-publish","4":"has-post-thumbnail","6":"product_cat-cocuk-kamera-cocuk-kamera","8":"first","9":"instock","10":"purchasable","11":"product-type-simple","12":"entry","13":"content-bg","14":"loop-entry"},"_links":{"self":[{"href":"https:\/\/www.hediyepazar.com\/index.php?rest_route=\/wp\/v2\/product\/120608","targetHints":{"allow":["GET"]}}],"collection":[{"href":"https:\/\/www.hediyepazar.com\/index.php?rest_route=\/wp\/v2\/product"}],"about":[{"href":"https:\/\/www.hediyepazar.com\/index.php?rest_route=\/wp\/v2\/types\/product"}],"replies":[{"embeddable":true,"href":"https:\/\/www.hediyepazar.com\/index.php?rest_route=%2Fwp%2Fv2%2Fcomments&post=120608"}],"wp:featuredmedia":[{"embeddable":true,"href":"https:\/\/www.hediyepazar.com\/index.php?rest_route=\/wp\/v2\/media\/120607"}],"wp:attachment":[{"href":"https:\/\/www.hediyepazar.com\/index.php?rest_route=%2Fwp%2Fv2%2Fmedia&parent=120608"}],"wp:term":[{"taxonomy":"product_brand","embeddable":true,"href":"https:\/\/www.hediyepazar.com\/index.php?rest_route=%2Fwp%2Fv2%2Fproduct_brand&post=120608"},{"taxonomy":"product_cat","embeddable":true,"href":"https:\/\/www.hediyepazar.com\/index.php?rest_route=%2Fwp%2Fv2%2Fproduct_cat&post=120608"},{"taxonomy":"product_tag","embeddable":true,"href":"https:\/\/www.hediyepazar.com\/index.php?rest_route=%2Fwp%2Fv2%2Fproduct_tag&post=120608"}],"curies":[{"name":"wp","href":"https:\/\/api.w.org\/{rel}","templated":true}]}}