{"id":120615,"date":"2026-05-06T04:14:01","date_gmt":"2026-05-06T07:14:01","guid":{"rendered":"https:\/\/www.hediyepazar.com\/?product=aninda-baski-ozellikli-cocuk-kamerasi"},"modified":"2026-05-06T04:14:01","modified_gmt":"2026-05-06T07:14:01","slug":"aninda-baski-ozellikli-cocuk-kamerasi","status":"publish","type":"product","link":"https:\/\/www.hediyepazar.com\/?product=aninda-baski-ozellikli-cocuk-kamerasi","title":{"rendered":"An\u0131nda Bask\u0131 \u00d6zellikli \u00c7ocuk Kameras\u0131"},"content":{"rendered":"<p>E\u011flenceli, \u00f6\u011fretici ve yarat\u0131c\u0131l\u0131\u011f\u0131 te\u015fvik eden bir kamera m\u0131 ar\u0131yorsunuz? An\u0131nda Bask\u0131 \u00d6zellikli \u00c7ocuk Kameras\u0131, her ya\u015f grubundan kullan\u0131c\u0131ya \u00f6zel olarak tasarlanm\u0131\u015f \u00e7ok y\u00f6nl\u00fc bir teknoloji harikas\u0131d\u0131r. Bu kamera, hem foto\u011fraf \u00e7ekimi hem de video kayd\u0131 yapabilmenin yan\u0131 s\u0131ra an\u0131nda bask\u0131 \u00f6zelli\u011fiyle \u00e7ekilen kareleri saniyeler i\u00e7inde somut bir hat\u0131raya d\u00f6n\u00fc\u015ft\u00fcr\u00fcr.Cihaz, net g\u00f6r\u00fcnt\u00fc sa\u011flayan ekran\u0131 sayesinde \u00e7ekilen kareleri an\u0131nda g\u00f6r\u00fcnt\u00fcleme imk\u00e2n\u0131 sunar. 5 farkl\u0131 renk filtresi ve 18 \u00f6zel \u00e7er\u00e7eve\/efekt modu, her foto\u011fraf\u0131 benzersiz hale getirir. B\u00f6ylece \u00e7ocuklar sadece foto\u011fraf \u00e7ekmekle kalmaz, ayn\u0131 zamanda yarat\u0131c\u0131l\u0131klar\u0131n\u0131 ifade ederler.Kamera, yaln\u0131zca bir foto\u011fraf makinesi de\u011fil, ayn\u0131 zamanda bir e\u011flence merkezidir. \u0130\u00e7erisinde y\u0131lan, labirent ve tu\u011fla k\u0131rma (brick breaker) gibi klasik oyunlar bulunur. Bu sayede kullan\u0131c\u0131lar e\u011flenceli vakit ge\u00e7irirken el-g\u00f6z koordinasyonlar\u0131n\u0131 da geli\u015ftirir. Ayr\u0131ca m\u00fczik \u00e7alar (MP3) \u00f6zelli\u011fi, favori \u015fark\u0131lar\u0131n keyfini diledi\u011finiz her yerde \u00e7\u0131karman\u0131z\u0131 sa\u011flar.Kullan\u0131c\u0131 dostu men\u00fcs\u00fc ve basit kontrol tu\u015flar\u0131 sayesinde k\u00fc\u00e7\u00fck ya\u015ftaki kullan\u0131c\u0131lar bile kolayca kullanabilir. Omuz ask\u0131s\u0131 ile ta\u015f\u0131nabilir yap\u0131da olan bu kamera, a\u00e7\u0131k hava aktiviteleri, seyahatler veya do\u011fum g\u00fcn\u00fc partileri i\u00e7in idealdir.Grayscale ve nokta bask\u0131 se\u00e7enekleri ile her foto\u011fraf bir sanat eserine d\u00f6n\u00fc\u015f\u00fcr. E\u011flence, \u00f6\u011frenme ve an\u0131 bir arada bu cihazda!<\/p>\n","protected":false},"excerpt":{"rendered":"<p>E\u011flenceli, \u00f6\u011fretici ve yarat\u0131c\u0131l\u0131\u011f\u0131 te\u015fvik eden bir kamera m\u0131 ar\u0131yorsunuz? An\u0131nda Bask\u0131 \u00d6zellikli \u00c7ocuk Kameras\u0131, her ya\u015f grubundan kullan\u0131c\u0131ya \u00f6zel olarak tasarlanm\u0131\u015f \u00e7ok y\u00f6nl\u00fc bir teknoloji harikas\u0131d\u0131r. Bu kamera, hem foto\u011fraf \u00e7ekimi hem de video kayd\u0131 yapabilmenin yan\u0131 s\u0131ra an\u0131nda bask\u0131 \u00f6zelli\u011fiyle \u00e7ekilen kareleri saniyeler i\u00e7inde somut bir hat\u0131raya d\u00f6n\u00fc\u015ft\u00fcr\u00fcr.Cihaz, net g\u00f6r\u00fcnt\u00fc sa\u011flayan ekran\u0131 sayesinde&#8230;<\/p>\n","protected":false},"featured_media":120614,"comment_status":"open","ping_status":"closed","template":"","meta":{"_kad_post_transparent":"","_kad_post_title":"","_kad_post_layout":"","_kad_post_sidebar_id":"","_kad_post_content_style":"","_kad_post_vertical_padding":"","_kad_post_feature":"","_kad_post_feature_position":"","_kad_post_header":false,"_kad_post_footer":false,"_kad_post_classname":""},"product_brand":[],"product_cat":[14987],"product_tag":[],"class_list":{"0":"post-120615","1":"product","2":"type-product","3":"status-publish","4":"has-post-thumbnail","6":"product_cat-cocuk-kamera-cocuk-kamera","8":"first","9":"instock","10":"purchasable","11":"product-type-simple","12":"entry","13":"content-bg","14":"loop-entry"},"_links":{"self":[{"href":"https:\/\/www.hediyepazar.com\/index.php?rest_route=\/wp\/v2\/product\/120615","targetHints":{"allow":["GET"]}}],"collection":[{"href":"https:\/\/www.hediyepazar.com\/index.php?rest_route=\/wp\/v2\/product"}],"about":[{"href":"https:\/\/www.hediyepazar.com\/index.php?rest_route=\/wp\/v2\/types\/product"}],"replies":[{"embeddable":true,"href":"https:\/\/www.hediyepazar.com\/index.php?rest_route=%2Fwp%2Fv2%2Fcomments&post=120615"}],"wp:featuredmedia":[{"embeddable":true,"href":"https:\/\/www.hediyepazar.com\/index.php?rest_route=\/wp\/v2\/media\/120614"}],"wp:attachment":[{"href":"https:\/\/www.hediyepazar.com\/index.php?rest_route=%2Fwp%2Fv2%2Fmedia&parent=120615"}],"wp:term":[{"taxonomy":"product_brand","embeddable":true,"href":"https:\/\/www.hediyepazar.com\/index.php?rest_route=%2Fwp%2Fv2%2Fproduct_brand&post=120615"},{"taxonomy":"product_cat","embeddable":true,"href":"https:\/\/www.hediyepazar.com\/index.php?rest_route=%2Fwp%2Fv2%2Fproduct_cat&post=120615"},{"taxonomy":"product_tag","embeddable":true,"href":"https:\/\/www.hediyepazar.com\/index.php?rest_route=%2Fwp%2Fv2%2Fproduct_tag&post=120615"}],"curies":[{"name":"wp","href":"https:\/\/api.w.org\/{rel}","templated":true}]}}