{"id":120617,"date":"2026-05-06T04:14:12","date_gmt":"2026-05-06T07:14:12","guid":{"rendered":"https:\/\/www.hediyepazar.com\/?product=24mp-hd-sipsak-kamera-termal-baskili-cift-lensli-hd"},"modified":"2026-05-06T04:14:12","modified_gmt":"2026-05-06T07:14:12","slug":"24mp-hd-sipsak-kamera-termal-baskili-cift-lensli-hd","status":"publish","type":"product","link":"https:\/\/www.hediyepazar.com\/?product=24mp-hd-sipsak-kamera-termal-baskili-cift-lensli-hd","title":{"rendered":"24MP HD \u015eip\u015fak Kamera \u2013 Termal Bask\u0131l\u0131 \u00c7ift Lensli HD"},"content":{"rendered":"<p>Hem profesyonel \u00e7ekim kalitesi hem de e\u011flenceli tasar\u0131m\u0131yla \u00f6ne \u00e7\u0131kan 24MP HD \u015eip\u015fak Kamera, an\u0131lar\u0131n\u0131 an\u0131nda bask\u0131ya d\u00f6n\u00fc\u015ft\u00fcrmek isteyen herkes i\u00e7in ideal bir se\u00e7imdir. Termal bask\u0131 teknolojisi, m\u00fcrekkep veya kartu\u015f gerektirmeden saniyeler i\u00e7inde net ve kaliteli foto\u011fraflar yazd\u0131rman\u0131z\u0131 sa\u011flar.24 megapiksel \u00e7\u00f6z\u00fcn\u00fcrl\u00fckl\u00fc \u00e7ift lens sistemi, hem \u00f6n hem arka kameradan y\u00fcksek \u00e7\u00f6z\u00fcn\u00fcrl\u00fckte foto\u011fraf ve video \u00e7ekimi sunar. 1080P HD video kayd\u0131, an\u0131lar\u0131n\u0131z\u0131 sinema kalitesinde kaydetmenize olanak tan\u0131r. 32GB dahili haf\u0131za, t\u00fcm foto\u011fraflar\u0131n\u0131z\u0131 g\u00fcvenle saklaman\u0131za yard\u0131mc\u0131 olur.Kamera yaln\u0131zca foto\u011fraf \u00e7ekmekle kalmaz; m\u00fczik \u00e7alma, video oynatma ve oyun modlar\u0131 gibi e\u011flenceli \u00f6zellikleriyle her ya\u015ftan kullan\u0131c\u0131 i\u00e7in \u00e7ok y\u00f6nl\u00fc bir deneyim sunar. Tek tu\u015fla yazd\u0131rma \u00f6zelli\u011fi, foto\u011fraf bask\u0131s\u0131n\u0131 zahmetsiz hale getirir.\u015earj edilebilir pili uzun kullan\u0131m s\u00fcresi sunarken, kompakt ve hafif tasar\u0131m\u0131 sayesinde ta\u015f\u0131mak olduk\u00e7a kolayd\u0131r. Dayan\u0131kl\u0131 malzeme yap\u0131s\u0131, \u00e7ocuklar\u0131n g\u00fcnl\u00fck kullan\u0131m\u0131na da uygundur.Hem \u00e7ocuklara hediye olarak hem de seyahatlerde pratik bir an\u0131 yakalama cihaz\u0131 olarak kullanabilece\u011finiz bu \u015fip\u015fak kamera, modern teknolojiyi retro e\u011flenceyle birle\u015ftirir.<\/p>\n","protected":false},"excerpt":{"rendered":"<p>Hem profesyonel \u00e7ekim kalitesi hem de e\u011flenceli tasar\u0131m\u0131yla \u00f6ne \u00e7\u0131kan 24MP HD \u015eip\u015fak Kamera, an\u0131lar\u0131n\u0131 an\u0131nda bask\u0131ya d\u00f6n\u00fc\u015ft\u00fcrmek isteyen herkes i\u00e7in ideal bir se\u00e7imdir. Termal bask\u0131 teknolojisi, m\u00fcrekkep veya kartu\u015f gerektirmeden saniyeler i\u00e7inde net ve kaliteli foto\u011fraflar yazd\u0131rman\u0131z\u0131 sa\u011flar.24 megapiksel \u00e7\u00f6z\u00fcn\u00fcrl\u00fckl\u00fc \u00e7ift lens sistemi, hem \u00f6n hem arka kameradan y\u00fcksek \u00e7\u00f6z\u00fcn\u00fcrl\u00fckte foto\u011fraf ve video \u00e7ekimi&#8230;<\/p>\n","protected":false},"featured_media":120616,"comment_status":"open","ping_status":"closed","template":"","meta":{"_kad_post_transparent":"","_kad_post_title":"","_kad_post_layout":"","_kad_post_sidebar_id":"","_kad_post_content_style":"","_kad_post_vertical_padding":"","_kad_post_feature":"","_kad_post_feature_position":"","_kad_post_header":false,"_kad_post_footer":false,"_kad_post_classname":""},"product_brand":[],"product_cat":[14987],"product_tag":[],"class_list":{"0":"post-120617","1":"product","2":"type-product","3":"status-publish","4":"has-post-thumbnail","6":"product_cat-cocuk-kamera-cocuk-kamera","8":"first","9":"instock","10":"purchasable","11":"product-type-simple","12":"entry","13":"content-bg","14":"loop-entry"},"_links":{"self":[{"href":"https:\/\/www.hediyepazar.com\/index.php?rest_route=\/wp\/v2\/product\/120617","targetHints":{"allow":["GET"]}}],"collection":[{"href":"https:\/\/www.hediyepazar.com\/index.php?rest_route=\/wp\/v2\/product"}],"about":[{"href":"https:\/\/www.hediyepazar.com\/index.php?rest_route=\/wp\/v2\/types\/product"}],"replies":[{"embeddable":true,"href":"https:\/\/www.hediyepazar.com\/index.php?rest_route=%2Fwp%2Fv2%2Fcomments&post=120617"}],"wp:featuredmedia":[{"embeddable":true,"href":"https:\/\/www.hediyepazar.com\/index.php?rest_route=\/wp\/v2\/media\/120616"}],"wp:attachment":[{"href":"https:\/\/www.hediyepazar.com\/index.php?rest_route=%2Fwp%2Fv2%2Fmedia&parent=120617"}],"wp:term":[{"taxonomy":"product_brand","embeddable":true,"href":"https:\/\/www.hediyepazar.com\/index.php?rest_route=%2Fwp%2Fv2%2Fproduct_brand&post=120617"},{"taxonomy":"product_cat","embeddable":true,"href":"https:\/\/www.hediyepazar.com\/index.php?rest_route=%2Fwp%2Fv2%2Fproduct_cat&post=120617"},{"taxonomy":"product_tag","embeddable":true,"href":"https:\/\/www.hediyepazar.com\/index.php?rest_route=%2Fwp%2Fv2%2Fproduct_tag&post=120617"}],"curies":[{"name":"wp","href":"https:\/\/api.w.org\/{rel}","templated":true}]}}