{"id":120619,"date":"2026-05-06T04:14:19","date_gmt":"2026-05-06T07:14:19","guid":{"rendered":"https:\/\/www.hediyepazar.com\/?product=suya-dayanikli-tiras-makinesi-keskin-bicakli-dijital-gostergeli-sarjli"},"modified":"2026-05-06T04:14:19","modified_gmt":"2026-05-06T07:14:19","slug":"suya-dayanikli-tiras-makinesi-keskin-bicakli-dijital-gostergeli-sarjli","status":"publish","type":"product","link":"https:\/\/www.hediyepazar.com\/?product=suya-dayanikli-tiras-makinesi-keskin-bicakli-dijital-gostergeli-sarjli","title":{"rendered":"Suya Dayan\u0131kl\u0131 T\u0131ra\u015f Makinesi Keskin B\u0131\u00e7akl\u0131 Dijital G\u00f6stergeli \u015earjl\u0131"},"content":{"rendered":"<p>\u015earjl\u0131 t\u0131ra\u015f makinesi, bak\u0131m ve t\u0131ra\u015f i\u015flemlerinizde m\u00fckemmel sonu\u00e7lar elde etmeniz i\u00e7in tasarlanm\u0131\u015ft\u0131r. G\u00fc\u00e7l\u00fc ve dayan\u0131kl\u0131 b\u0131\u00e7aklar\u0131, sa\u00e7 ve sakal kesiminde y\u00fcksek hassasiyet sunarak p\u00fcr\u00fczs\u00fcz bir g\u00f6r\u00fcn\u00fcm sa\u011flar. Ergonomik tasar\u0131m\u0131 sayesinde rahat bir tutu\u015f ve kolay kullan\u0131m sunarken, kablosuz yap\u0131s\u0131 ile hareket \u00f6zg\u00fcrl\u00fc\u011f\u00fc sa\u011flar. Tam \u015farjla uzun s\u00fcre kesintisiz kullan\u0131m imkan\u0131 sunan cihaz, farkl\u0131 t\u0131ra\u015f stilleri i\u00e7in de\u011fi\u015ftirilebilir tarak ba\u015fl\u0131klar\u0131 ile desteklenmi\u015ftir. Kolayca temizlenebilen \u00e7\u0131kar\u0131labilir b\u0131\u00e7aklar, hijyenik bir deneyim sa\u011flar. Sessiz \u00e7al\u0131\u015fan motoru, konforlu bir kullan\u0131m sunarken hem evde ki\u015fisel bak\u0131m hem de profesyonel kullan\u0131m i\u00e7in idealdir. Bu t\u0131ra\u015f makinesi, bak\u0131m rutininizi daha kolay ve etkili hale getirir.<\/p>\n","protected":false},"excerpt":{"rendered":"<p>\u015earjl\u0131 t\u0131ra\u015f makinesi, bak\u0131m ve t\u0131ra\u015f i\u015flemlerinizde m\u00fckemmel sonu\u00e7lar elde etmeniz i\u00e7in tasarlanm\u0131\u015ft\u0131r. G\u00fc\u00e7l\u00fc ve dayan\u0131kl\u0131 b\u0131\u00e7aklar\u0131, sa\u00e7 ve sakal kesiminde y\u00fcksek hassasiyet sunarak p\u00fcr\u00fczs\u00fcz bir g\u00f6r\u00fcn\u00fcm sa\u011flar. Ergonomik tasar\u0131m\u0131 sayesinde rahat bir tutu\u015f ve kolay kullan\u0131m sunarken, kablosuz yap\u0131s\u0131 ile hareket \u00f6zg\u00fcrl\u00fc\u011f\u00fc sa\u011flar. Tam \u015farjla uzun s\u00fcre kesintisiz kullan\u0131m imkan\u0131 sunan cihaz, farkl\u0131 t\u0131ra\u015f&#8230;<\/p>\n","protected":false},"featured_media":120618,"comment_status":"open","ping_status":"closed","template":"","meta":{"_kad_post_transparent":"","_kad_post_title":"","_kad_post_layout":"","_kad_post_sidebar_id":"","_kad_post_content_style":"","_kad_post_vertical_padding":"","_kad_post_feature":"","_kad_post_feature_position":"","_kad_post_header":false,"_kad_post_footer":false,"_kad_post_classname":""},"product_brand":[],"product_cat":[14925],"product_tag":[],"class_list":{"0":"post-120619","1":"product","2":"type-product","3":"status-publish","4":"has-post-thumbnail","6":"product_cat-tiras-makinesi-tiras-makinesi","8":"first","9":"instock","10":"purchasable","11":"product-type-simple","12":"entry","13":"content-bg","14":"loop-entry"},"_links":{"self":[{"href":"https:\/\/www.hediyepazar.com\/index.php?rest_route=\/wp\/v2\/product\/120619","targetHints":{"allow":["GET"]}}],"collection":[{"href":"https:\/\/www.hediyepazar.com\/index.php?rest_route=\/wp\/v2\/product"}],"about":[{"href":"https:\/\/www.hediyepazar.com\/index.php?rest_route=\/wp\/v2\/types\/product"}],"replies":[{"embeddable":true,"href":"https:\/\/www.hediyepazar.com\/index.php?rest_route=%2Fwp%2Fv2%2Fcomments&post=120619"}],"wp:featuredmedia":[{"embeddable":true,"href":"https:\/\/www.hediyepazar.com\/index.php?rest_route=\/wp\/v2\/media\/120618"}],"wp:attachment":[{"href":"https:\/\/www.hediyepazar.com\/index.php?rest_route=%2Fwp%2Fv2%2Fmedia&parent=120619"}],"wp:term":[{"taxonomy":"product_brand","embeddable":true,"href":"https:\/\/www.hediyepazar.com\/index.php?rest_route=%2Fwp%2Fv2%2Fproduct_brand&post=120619"},{"taxonomy":"product_cat","embeddable":true,"href":"https:\/\/www.hediyepazar.com\/index.php?rest_route=%2Fwp%2Fv2%2Fproduct_cat&post=120619"},{"taxonomy":"product_tag","embeddable":true,"href":"https:\/\/www.hediyepazar.com\/index.php?rest_route=%2Fwp%2Fv2%2Fproduct_tag&post=120619"}],"curies":[{"name":"wp","href":"https:\/\/api.w.org\/{rel}","templated":true}]}}