{"id":120649,"date":"2026-05-06T04:19:59","date_gmt":"2026-05-06T07:19:59","guid":{"rendered":"https:\/\/www.hediyepazar.com\/?product=mutfak-terazisi-hassas-tarti-10-kg"},"modified":"2026-05-06T04:19:59","modified_gmt":"2026-05-06T07:19:59","slug":"mutfak-terazisi-hassas-tarti-10-kg","status":"publish","type":"product","link":"https:\/\/www.hediyepazar.com\/?product=mutfak-terazisi-hassas-tarti-10-kg","title":{"rendered":"MUTFAK TERAZ\u0130S\u0130 HASSAS TARTI 10 KG"},"content":{"rendered":"<p>Hassas Tart\u0131, g\u00fcnl\u00fck kullan\u0131mda ihtiyac\u0131n\u0131z olan y\u00fcksek do\u011frulukta \u00f6l\u00e7\u00fcmler i\u00e7in \u00f6zel olarak tasarlanm\u0131\u015ft\u0131r. Kompakt yap\u0131s\u0131 ve modern tasar\u0131m\u0131 ile her ortama uyum sa\u011flayan bu tart\u0131, gramaj hassasiyeti ile en ince ayr\u0131nt\u0131s\u0131na kadar do\u011fru sonu\u00e7lar sunar. Mutfakta, diyet programlar\u0131n\u0131zda veya \u00e7e\u015fitli nesnelerin a\u011f\u0131rl\u0131\u011f\u0131n\u0131 \u00f6l\u00e7mek i\u00e7in idealdir.\u00d6ne \u00c7\u0131kan \u00d6zellikler: \tY\u00fcksek Hassasiyet: Gramaj baz\u0131nda do\u011fru \u00f6l\u00e7\u00fcm yapar, mutfakta veya di\u011fer alanlarda g\u00fcvenilir sonu\u00e7lar elde edin. \tLCD Ekran: Kolay okunabilir geni\u015f ekran\u0131 ile \u00f6l\u00e7\u00fcmleri h\u0131zl\u0131ca g\u00f6r\u00fcn. \tTa\u015f\u0131mas\u0131 Kolay ve Kompakt Tasar\u0131m: Hafif ve ta\u015f\u0131nabilir yap\u0131s\u0131 ile diledi\u011finiz yere g\u00f6t\u00fcrebilirsiniz. \tFarkl\u0131 Birimler Aras\u0131nda Ge\u00e7i\u015f: Gram (g), ons (oz) gibi birimlerde \u00f6l\u00e7\u00fcm yapabilme imkan\u0131. \tOtomatik Kapanma: Enerji tasarrufu i\u00e7in belirli bir s\u00fcre kullan\u0131lmad\u0131\u011f\u0131nda otomatik olarak kapan\u0131r.Teknik \u00d6zellikler: \tMaksimum Kapasite: 5 kg \tHassasiyet: 1 g \tG\u00fc\u00e7 Kayna\u011f\u0131: 2 adet AAA pil ile \u00e7al\u0131\u015fma \tBirim Se\u00e7enekleri: g, oz, lbHassas Tart\u0131 ile her \u00f6l\u00e7\u00fcmde do\u011fru sonu\u00e7lar elde edin ve g\u00fcnl\u00fck ya\u015fam\u0131n\u0131za pratik bir \u00e7\u00f6z\u00fcm ekleyin!<\/p>\n","protected":false},"excerpt":{"rendered":"<p>Hassas Tart\u0131, g\u00fcnl\u00fck kullan\u0131mda ihtiyac\u0131n\u0131z olan y\u00fcksek do\u011frulukta \u00f6l\u00e7\u00fcmler i\u00e7in \u00f6zel olarak tasarlanm\u0131\u015ft\u0131r. Kompakt yap\u0131s\u0131 ve modern tasar\u0131m\u0131 ile her ortama uyum sa\u011flayan bu tart\u0131, gramaj hassasiyeti ile en ince ayr\u0131nt\u0131s\u0131na kadar do\u011fru sonu\u00e7lar sunar. Mutfakta, diyet programlar\u0131n\u0131zda veya \u00e7e\u015fitli nesnelerin a\u011f\u0131rl\u0131\u011f\u0131n\u0131 \u00f6l\u00e7mek i\u00e7in idealdir.\u00d6ne \u00c7\u0131kan \u00d6zellikler: Y\u00fcksek Hassasiyet: Gramaj baz\u0131nda do\u011fru \u00f6l\u00e7\u00fcm yapar, mutfakta&#8230;<\/p>\n","protected":false},"featured_media":120648,"comment_status":"open","ping_status":"closed","template":"","meta":{"_kad_post_transparent":"","_kad_post_title":"","_kad_post_layout":"","_kad_post_sidebar_id":"","_kad_post_content_style":"","_kad_post_vertical_padding":"","_kad_post_feature":"","_kad_post_feature_position":"","_kad_post_header":false,"_kad_post_footer":false,"_kad_post_classname":""},"product_brand":[],"product_cat":[15031],"product_tag":[],"class_list":{"0":"post-120649","1":"product","2":"type-product","3":"status-publish","4":"has-post-thumbnail","6":"product_cat-mutfak-tartisi-mutfak-tartisi","8":"first","9":"instock","10":"purchasable","11":"product-type-simple","12":"entry","13":"content-bg","14":"loop-entry"},"_links":{"self":[{"href":"https:\/\/www.hediyepazar.com\/index.php?rest_route=\/wp\/v2\/product\/120649","targetHints":{"allow":["GET"]}}],"collection":[{"href":"https:\/\/www.hediyepazar.com\/index.php?rest_route=\/wp\/v2\/product"}],"about":[{"href":"https:\/\/www.hediyepazar.com\/index.php?rest_route=\/wp\/v2\/types\/product"}],"replies":[{"embeddable":true,"href":"https:\/\/www.hediyepazar.com\/index.php?rest_route=%2Fwp%2Fv2%2Fcomments&post=120649"}],"wp:featuredmedia":[{"embeddable":true,"href":"https:\/\/www.hediyepazar.com\/index.php?rest_route=\/wp\/v2\/media\/120648"}],"wp:attachment":[{"href":"https:\/\/www.hediyepazar.com\/index.php?rest_route=%2Fwp%2Fv2%2Fmedia&parent=120649"}],"wp:term":[{"taxonomy":"product_brand","embeddable":true,"href":"https:\/\/www.hediyepazar.com\/index.php?rest_route=%2Fwp%2Fv2%2Fproduct_brand&post=120649"},{"taxonomy":"product_cat","embeddable":true,"href":"https:\/\/www.hediyepazar.com\/index.php?rest_route=%2Fwp%2Fv2%2Fproduct_cat&post=120649"},{"taxonomy":"product_tag","embeddable":true,"href":"https:\/\/www.hediyepazar.com\/index.php?rest_route=%2Fwp%2Fv2%2Fproduct_tag&post=120649"}],"curies":[{"name":"wp","href":"https:\/\/api.w.org\/{rel}","templated":true}]}}