{"id":120655,"date":"2026-05-06T04:21:57","date_gmt":"2026-05-06T07:21:57","guid":{"rendered":"https:\/\/www.hediyepazar.com\/?product=hassas-tartim-icin-dijital-mutfak-terazisi-10kg-1g"},"modified":"2026-05-06T04:21:57","modified_gmt":"2026-05-06T07:21:57","slug":"hassas-tartim-icin-dijital-mutfak-terazisi-10kg-1g","status":"publish","type":"product","link":"https:\/\/www.hediyepazar.com\/?product=hassas-tartim-icin-dijital-mutfak-terazisi-10kg-1g","title":{"rendered":"Hassas Tart\u0131m \u0130\u00e7in Dijital Mutfak Terazisi \u2013 10kg \/ 1g"},"content":{"rendered":"<p>G\u00fcnl\u00fck mutfak ihtiya\u00e7lar\u0131 i\u00e7in ideal olan dijital mutfak terazisi, y\u00fcksek do\u011frulukta \u00f6l\u00e7\u00fcm imk\u00e2n\u0131 sunar. 10 kg&#8217;a kadar kapasiteye sahiptir ve 1 gram hassasiyetle \u00f6l\u00e7\u00fcm yapar. Bu \u00f6zellikler, tariflerdeki malzeme miktarlar\u0131n\u0131 do\u011fru ayarlaman\u0131za yard\u0131mc\u0131 olur. \u00dcr\u00fcn, dayan\u0131kl\u0131 beyaz plastik malzemeden \u00fcretilmi\u015ftir. Kompakt tasar\u0131m\u0131 (24 x 16.8 x 1.5 cm) sayesinde tezgah \u00fczerinde \u00e7ok az yer kaplar ve kullan\u0131lmad\u0131\u011f\u0131nda kolayca kald\u0131r\u0131labilir. Cihaz yaln\u0131zca 220 gramd\u0131r; hafifli\u011fi ile dikkat \u00e7eker. LCD ekran\u0131, yap\u0131lan \u00f6l\u00e7\u00fcmleri net bi\u00e7imde g\u00f6sterir. Gram ve ons birimleri desteklenmektedir. Birim de\u011fi\u015ftirme i\u015flemi cihaz \u00fczerindeki tu\u015flarla kolayca yap\u0131l\u0131r. Tepki s\u00fcresi h\u0131zl\u0131d\u0131r, an\u0131nda \u00f6l\u00e7\u00fcm sonucu al\u0131n\u0131r. Basit ve kullan\u0131c\u0131 dostu aray\u00fcz\u00fc, her ya\u015ftan kullan\u0131c\u0131 i\u00e7in rahat bir kullan\u0131m sa\u011flar. Mutfa\u011f\u0131n\u0131zda pratik bir yard\u0131mc\u0131 ar\u0131yorsan\u0131z, bu dijital terazi bir\u00e7ok farkl\u0131 kullan\u0131m alan\u0131nda beklentinizi kar\u015f\u0131layacakt\u0131r.<\/p>\n","protected":false},"excerpt":{"rendered":"<p>G\u00fcnl\u00fck mutfak ihtiya\u00e7lar\u0131 i\u00e7in ideal olan dijital mutfak terazisi, y\u00fcksek do\u011frulukta \u00f6l\u00e7\u00fcm imk\u00e2n\u0131 sunar. 10 kg&#8217;a kadar kapasiteye sahiptir ve 1 gram hassasiyetle \u00f6l\u00e7\u00fcm yapar. Bu \u00f6zellikler, tariflerdeki malzeme miktarlar\u0131n\u0131 do\u011fru ayarlaman\u0131za yard\u0131mc\u0131 olur. \u00dcr\u00fcn, dayan\u0131kl\u0131 beyaz plastik malzemeden \u00fcretilmi\u015ftir. Kompakt tasar\u0131m\u0131 (24 x 16.8 x 1.5 cm) sayesinde tezgah \u00fczerinde \u00e7ok az yer kaplar&#8230;<\/p>\n","protected":false},"featured_media":120654,"comment_status":"open","ping_status":"closed","template":"","meta":{"_kad_post_transparent":"","_kad_post_title":"","_kad_post_layout":"","_kad_post_sidebar_id":"","_kad_post_content_style":"","_kad_post_vertical_padding":"","_kad_post_feature":"","_kad_post_feature_position":"","_kad_post_header":false,"_kad_post_footer":false,"_kad_post_classname":""},"product_brand":[],"product_cat":[15031],"product_tag":[],"class_list":{"0":"post-120655","1":"product","2":"type-product","3":"status-publish","4":"has-post-thumbnail","6":"product_cat-mutfak-tartisi-mutfak-tartisi","8":"first","9":"instock","10":"purchasable","11":"product-type-simple","12":"entry","13":"content-bg","14":"loop-entry"},"_links":{"self":[{"href":"https:\/\/www.hediyepazar.com\/index.php?rest_route=\/wp\/v2\/product\/120655","targetHints":{"allow":["GET"]}}],"collection":[{"href":"https:\/\/www.hediyepazar.com\/index.php?rest_route=\/wp\/v2\/product"}],"about":[{"href":"https:\/\/www.hediyepazar.com\/index.php?rest_route=\/wp\/v2\/types\/product"}],"replies":[{"embeddable":true,"href":"https:\/\/www.hediyepazar.com\/index.php?rest_route=%2Fwp%2Fv2%2Fcomments&post=120655"}],"wp:featuredmedia":[{"embeddable":true,"href":"https:\/\/www.hediyepazar.com\/index.php?rest_route=\/wp\/v2\/media\/120654"}],"wp:attachment":[{"href":"https:\/\/www.hediyepazar.com\/index.php?rest_route=%2Fwp%2Fv2%2Fmedia&parent=120655"}],"wp:term":[{"taxonomy":"product_brand","embeddable":true,"href":"https:\/\/www.hediyepazar.com\/index.php?rest_route=%2Fwp%2Fv2%2Fproduct_brand&post=120655"},{"taxonomy":"product_cat","embeddable":true,"href":"https:\/\/www.hediyepazar.com\/index.php?rest_route=%2Fwp%2Fv2%2Fproduct_cat&post=120655"},{"taxonomy":"product_tag","embeddable":true,"href":"https:\/\/www.hediyepazar.com\/index.php?rest_route=%2Fwp%2Fv2%2Fproduct_tag&post=120655"}],"curies":[{"name":"wp","href":"https:\/\/api.w.org\/{rel}","templated":true}]}}