{"id":120696,"date":"2026-05-06T04:30:57","date_gmt":"2026-05-06T07:30:57","guid":{"rendered":"https:\/\/www.hediyepazar.com\/?product=metal-bronz-nostaljik-masa-saati-alarmli-buyuk-boy-sessiz-mekanizmali"},"modified":"2026-05-06T04:30:57","modified_gmt":"2026-05-06T07:30:57","slug":"metal-bronz-nostaljik-masa-saati-alarmli-buyuk-boy-sessiz-mekanizmali","status":"publish","type":"product","link":"https:\/\/www.hediyepazar.com\/?product=metal-bronz-nostaljik-masa-saati-alarmli-buyuk-boy-sessiz-mekanizmali","title":{"rendered":"Metal Bronz Nostaljik Masa Saati Alarml\u0131 B\u00fcy\u00fck Boy Sessiz Mekanizmal\u0131"},"content":{"rendered":"<p>Klasik tasar\u0131m\u0131 modern i\u015flevlerle bulu\u015fturan Metal Bronz Nostaljik Masa Saati, \u015f\u0131kl\u0131k ve i\u015flevselli\u011fi bir araya getiriyor. Bronz renkli g\u00f6vdesi, vintage dokunu\u015fuyla her ortamda dikkat \u00e7eker. Hem zamana anlam katar hem de dekoratif de\u011feriyle bulundu\u011fu alan\u0131n havas\u0131n\u0131 de\u011fi\u015ftirir.Sessiz mekanizmas\u0131, gece boyunca huzurlu bir ortam sa\u011flar; rahats\u0131z edici sesler olmadan saatinizi takip edebilirsiniz. Y\u00fcksek sesli alarm\u0131 ise uykusu a\u011f\u0131r ki\u015fileri bile kolayca uyand\u0131r\u0131r. Bu \u00f6zellik, saatin fonksiyonelli\u011fini art\u0131r\u0131rken g\u00fcnl\u00fck ya\u015famda vazge\u00e7ilmez bir yard\u0131mc\u0131 haline getirir.Metalden \u00fcretilmi\u015f sa\u011flam g\u00f6vdesi, y\u0131llar boyu dayan\u0131kl\u0131l\u0131\u011f\u0131n\u0131 korur. 17&#215;12 cm boyutlar\u0131yla hem g\u00f6ze \u00e7arpan hem de yer kaplamayan bir tasar\u0131ma sahiptir. 1 adet AA pil ile \u00e7al\u0131\u015f\u0131r (pil pakete dahil de\u011fildir).Ev dekorasyonunda klasik tarz\u0131 benimseyenler i\u00e7in m\u00fckemmel bir tamamlay\u0131c\u0131d\u0131r. Ofislerde, \u00e7al\u0131\u015fma masalar\u0131nda veya oturma odalar\u0131nda nostaljik bir atmosfer yarat\u0131r.Hem hediyelik hem de ki\u015fisel kullan\u0131m i\u00e7in ideal bir se\u00e7imdir.<\/p>\n","protected":false},"excerpt":{"rendered":"<p>Klasik tasar\u0131m\u0131 modern i\u015flevlerle bulu\u015fturan Metal Bronz Nostaljik Masa Saati, \u015f\u0131kl\u0131k ve i\u015flevselli\u011fi bir araya getiriyor. Bronz renkli g\u00f6vdesi, vintage dokunu\u015fuyla her ortamda dikkat \u00e7eker. Hem zamana anlam katar hem de dekoratif de\u011feriyle bulundu\u011fu alan\u0131n havas\u0131n\u0131 de\u011fi\u015ftirir.Sessiz mekanizmas\u0131, gece boyunca huzurlu bir ortam sa\u011flar; rahats\u0131z edici sesler olmadan saatinizi takip edebilirsiniz. Y\u00fcksek sesli alarm\u0131 ise&#8230;<\/p>\n","protected":false},"featured_media":120695,"comment_status":"open","ping_status":"closed","template":"","meta":{"_kad_post_transparent":"","_kad_post_title":"","_kad_post_layout":"","_kad_post_sidebar_id":"","_kad_post_content_style":"","_kad_post_vertical_padding":"","_kad_post_feature":"","_kad_post_feature_position":"","_kad_post_header":false,"_kad_post_footer":false,"_kad_post_classname":""},"product_brand":[],"product_cat":[15038],"product_tag":[],"class_list":{"0":"post-120696","1":"product","2":"type-product","3":"status-publish","4":"has-post-thumbnail","6":"product_cat-masa-saati-masa-saati","8":"first","9":"instock","10":"purchasable","11":"product-type-simple","12":"entry","13":"content-bg","14":"loop-entry"},"_links":{"self":[{"href":"https:\/\/www.hediyepazar.com\/index.php?rest_route=\/wp\/v2\/product\/120696","targetHints":{"allow":["GET"]}}],"collection":[{"href":"https:\/\/www.hediyepazar.com\/index.php?rest_route=\/wp\/v2\/product"}],"about":[{"href":"https:\/\/www.hediyepazar.com\/index.php?rest_route=\/wp\/v2\/types\/product"}],"replies":[{"embeddable":true,"href":"https:\/\/www.hediyepazar.com\/index.php?rest_route=%2Fwp%2Fv2%2Fcomments&post=120696"}],"wp:featuredmedia":[{"embeddable":true,"href":"https:\/\/www.hediyepazar.com\/index.php?rest_route=\/wp\/v2\/media\/120695"}],"wp:attachment":[{"href":"https:\/\/www.hediyepazar.com\/index.php?rest_route=%2Fwp%2Fv2%2Fmedia&parent=120696"}],"wp:term":[{"taxonomy":"product_brand","embeddable":true,"href":"https:\/\/www.hediyepazar.com\/index.php?rest_route=%2Fwp%2Fv2%2Fproduct_brand&post=120696"},{"taxonomy":"product_cat","embeddable":true,"href":"https:\/\/www.hediyepazar.com\/index.php?rest_route=%2Fwp%2Fv2%2Fproduct_cat&post=120696"},{"taxonomy":"product_tag","embeddable":true,"href":"https:\/\/www.hediyepazar.com\/index.php?rest_route=%2Fwp%2Fv2%2Fproduct_tag&post=120696"}],"curies":[{"name":"wp","href":"https:\/\/api.w.org\/{rel}","templated":true}]}}