{"id":120702,"date":"2026-05-06T04:31:17","date_gmt":"2026-05-06T07:31:17","guid":{"rendered":"https:\/\/www.hediyepazar.com\/?product=dekoratif-gumus-isikli-alarmli-masa-saati-sessiz-mekanizma"},"modified":"2026-05-06T04:31:17","modified_gmt":"2026-05-06T07:31:17","slug":"dekoratif-gumus-isikli-alarmli-masa-saati-sessiz-mekanizma","status":"publish","type":"product","link":"https:\/\/www.hediyepazar.com\/?product=dekoratif-gumus-isikli-alarmli-masa-saati-sessiz-mekanizma","title":{"rendered":"Dekoratif G\u00fcm\u00fc\u015f I\u015f\u0131kl\u0131 Alarml\u0131 Masa Saati Sessiz Mekanizma"},"content":{"rendered":"<p>Modern \u00e7izgileriyle \u00f6ne \u00e7\u0131kan Yuvarlak G\u00fcm\u00fc\u015f I\u015f\u0131kl\u0131 Masa \u00dcst\u00fc Saat, hem \u015f\u0131k g\u00f6r\u00fcn\u00fcm\u00fc hem de sessiz \u00e7al\u0131\u015fmas\u0131yla ideal bir masa\u00fcst\u00fc tamamlay\u0131c\u0131s\u0131d\u0131r.Kaliteli metal ve plastik malzemeden \u00fcretilmi\u015f dayan\u0131kl\u0131 g\u00f6vdesi uzun \u00f6m\u00fcrl\u00fc kullan\u0131m sa\u011flar. I\u015f\u0131kl\u0131 kadran\u0131, karanl\u0131kta bile zaman\u0131 kolayca g\u00f6rmenizi m\u00fcmk\u00fcn k\u0131lar. Alarml\u0131 \u00f6zelli\u011fi, uykusu a\u011f\u0131r ki\u015fileri bile etkili bir \u015fekilde uyand\u0131r\u0131r.12 cm x 9 cm x 5 cm \u00f6l\u00e7\u00fclerindeki kompakt boyutu, her alanda kullan\u0131m\u0131 kolayla\u015ft\u0131r\u0131r. 1 adet AA pil ile \u00e7al\u0131\u015f\u0131r (pil pakete dahil de\u011fildir).Dekoratif g\u00f6r\u00fcn\u00fcm\u00fcyle ev, ofis veya \u00e7al\u0131\u015fma alan\u0131n\u0131za zarif bir atmosfer kazand\u0131r\u0131r. Ayr\u0131ca \u015f\u0131k kutu ambalaj\u0131 sayesinde do\u011fum g\u00fcn\u00fc, y\u0131lba\u015f\u0131 veya yeni ev hediyesi olarak m\u00fckemmel bir tercihtir.<\/p>\n","protected":false},"excerpt":{"rendered":"<p>Modern \u00e7izgileriyle \u00f6ne \u00e7\u0131kan Yuvarlak G\u00fcm\u00fc\u015f I\u015f\u0131kl\u0131 Masa \u00dcst\u00fc Saat, hem \u015f\u0131k g\u00f6r\u00fcn\u00fcm\u00fc hem de sessiz \u00e7al\u0131\u015fmas\u0131yla ideal bir masa\u00fcst\u00fc tamamlay\u0131c\u0131s\u0131d\u0131r.Kaliteli metal ve plastik malzemeden \u00fcretilmi\u015f dayan\u0131kl\u0131 g\u00f6vdesi uzun \u00f6m\u00fcrl\u00fc kullan\u0131m sa\u011flar. I\u015f\u0131kl\u0131 kadran\u0131, karanl\u0131kta bile zaman\u0131 kolayca g\u00f6rmenizi m\u00fcmk\u00fcn k\u0131lar. Alarml\u0131 \u00f6zelli\u011fi, uykusu a\u011f\u0131r ki\u015fileri bile etkili bir \u015fekilde uyand\u0131r\u0131r.12 cm x 9 cm&#8230;<\/p>\n","protected":false},"featured_media":120701,"comment_status":"open","ping_status":"closed","template":"","meta":{"_kad_post_transparent":"","_kad_post_title":"","_kad_post_layout":"","_kad_post_sidebar_id":"","_kad_post_content_style":"","_kad_post_vertical_padding":"","_kad_post_feature":"","_kad_post_feature_position":"","_kad_post_header":false,"_kad_post_footer":false,"_kad_post_classname":""},"product_brand":[],"product_cat":[15038],"product_tag":[],"class_list":{"0":"post-120702","1":"product","2":"type-product","3":"status-publish","4":"has-post-thumbnail","6":"product_cat-masa-saati-masa-saati","8":"first","9":"instock","10":"purchasable","11":"product-type-simple","12":"entry","13":"content-bg","14":"loop-entry"},"_links":{"self":[{"href":"https:\/\/www.hediyepazar.com\/index.php?rest_route=\/wp\/v2\/product\/120702","targetHints":{"allow":["GET"]}}],"collection":[{"href":"https:\/\/www.hediyepazar.com\/index.php?rest_route=\/wp\/v2\/product"}],"about":[{"href":"https:\/\/www.hediyepazar.com\/index.php?rest_route=\/wp\/v2\/types\/product"}],"replies":[{"embeddable":true,"href":"https:\/\/www.hediyepazar.com\/index.php?rest_route=%2Fwp%2Fv2%2Fcomments&post=120702"}],"wp:featuredmedia":[{"embeddable":true,"href":"https:\/\/www.hediyepazar.com\/index.php?rest_route=\/wp\/v2\/media\/120701"}],"wp:attachment":[{"href":"https:\/\/www.hediyepazar.com\/index.php?rest_route=%2Fwp%2Fv2%2Fmedia&parent=120702"}],"wp:term":[{"taxonomy":"product_brand","embeddable":true,"href":"https:\/\/www.hediyepazar.com\/index.php?rest_route=%2Fwp%2Fv2%2Fproduct_brand&post=120702"},{"taxonomy":"product_cat","embeddable":true,"href":"https:\/\/www.hediyepazar.com\/index.php?rest_route=%2Fwp%2Fv2%2Fproduct_cat&post=120702"},{"taxonomy":"product_tag","embeddable":true,"href":"https:\/\/www.hediyepazar.com\/index.php?rest_route=%2Fwp%2Fv2%2Fproduct_tag&post=120702"}],"curies":[{"name":"wp","href":"https:\/\/api.w.org\/{rel}","templated":true}]}}