{"id":120722,"date":"2026-05-06T04:35:21","date_gmt":"2026-05-06T07:35:21","guid":{"rendered":"https:\/\/www.hediyepazar.com\/?product=500mah-bataryali-bluetooth-5-4-interkom-led-ekranli-fm-destekli"},"modified":"2026-05-06T04:35:21","modified_gmt":"2026-05-06T07:35:21","slug":"500mah-bataryali-bluetooth-5-4-interkom-led-ekranli-fm-destekli","status":"publish","type":"product","link":"https:\/\/www.hediyepazar.com\/?product=500mah-bataryali-bluetooth-5-4-interkom-led-ekranli-fm-destekli","title":{"rendered":"500mAh Bataryal\u0131 Bluetooth 5.4 \u0130nterkom LED Ekranl\u0131 FM Destekli"},"content":{"rendered":"<p>M\u00fczi\u011fi her an\u0131n\u0131z\u0131n par\u00e7as\u0131 haline getirin! Inercom \u00e7ipli Bluetooth 5.4 hoparl\u00f6r, g\u00fc\u00e7l\u00fc ses \u00e7\u0131k\u0131\u015f\u0131, dayan\u0131kl\u0131 yap\u0131s\u0131 ve uzun pil \u00f6mr\u00fcyle m\u00fczik keyfini kesintisiz hale getirir.500 mAh pil kapasitesi, 40 saate kadar \u00e7alma s\u00fcresi sunar. IP65 suya ve toza dayan\u0131kl\u0131 yap\u0131s\u0131, a\u00e7\u0131k hava etkinlikleri, kamp, y\u00fcr\u00fcy\u00fc\u015f ve spor gibi ortamlarda g\u00fcvenli kullan\u0131m sa\u011flar. Type-C \u015farj portu, 1-3 saatte tam dolum sa\u011flar.40 mm HD ses s\u00fcr\u00fcc\u00fcs\u00fc, y\u00fcksek \u00e7\u00f6z\u00fcn\u00fcrl\u00fckl\u00fc ses deneyimi sunar. Inercom \u00e7ip, gecikmeyi en aza indirir ve Bluetooth 5.4 teknolojisiyle 10 metreye kadar g\u00fc\u00e7l\u00fc ba\u011flant\u0131 sa\u011flar.FM radyo fonksiyonu ve LED pil g\u00f6stergesi sayesinde kullan\u0131m kolayl\u0131\u011f\u0131 sa\u011flar. Kompakt boyutu, sa\u011flam ABS kasas\u0131 ve modern tasar\u0131m\u0131 ile her ortamda m\u00fczik keyfi sizinle.<\/p>\n","protected":false},"excerpt":{"rendered":"<p>M\u00fczi\u011fi her an\u0131n\u0131z\u0131n par\u00e7as\u0131 haline getirin! Inercom \u00e7ipli Bluetooth 5.4 hoparl\u00f6r, g\u00fc\u00e7l\u00fc ses \u00e7\u0131k\u0131\u015f\u0131, dayan\u0131kl\u0131 yap\u0131s\u0131 ve uzun pil \u00f6mr\u00fcyle m\u00fczik keyfini kesintisiz hale getirir.500 mAh pil kapasitesi, 40 saate kadar \u00e7alma s\u00fcresi sunar. IP65 suya ve toza dayan\u0131kl\u0131 yap\u0131s\u0131, a\u00e7\u0131k hava etkinlikleri, kamp, y\u00fcr\u00fcy\u00fc\u015f ve spor gibi ortamlarda g\u00fcvenli kullan\u0131m sa\u011flar. Type-C \u015farj portu,&#8230;<\/p>\n","protected":false},"featured_media":120721,"comment_status":"open","ping_status":"closed","template":"","meta":{"_kad_post_transparent":"","_kad_post_title":"","_kad_post_layout":"","_kad_post_sidebar_id":"","_kad_post_content_style":"","_kad_post_vertical_padding":"","_kad_post_feature":"","_kad_post_feature_position":"","_kad_post_header":false,"_kad_post_footer":false,"_kad_post_classname":""},"product_brand":[],"product_cat":[15010],"product_tag":[],"class_list":{"0":"post-120722","1":"product","2":"type-product","3":"status-publish","4":"has-post-thumbnail","6":"product_cat-intercom-intercom","8":"first","9":"instock","10":"purchasable","11":"product-type-simple","12":"entry","13":"content-bg","14":"loop-entry"},"_links":{"self":[{"href":"https:\/\/www.hediyepazar.com\/index.php?rest_route=\/wp\/v2\/product\/120722","targetHints":{"allow":["GET"]}}],"collection":[{"href":"https:\/\/www.hediyepazar.com\/index.php?rest_route=\/wp\/v2\/product"}],"about":[{"href":"https:\/\/www.hediyepazar.com\/index.php?rest_route=\/wp\/v2\/types\/product"}],"replies":[{"embeddable":true,"href":"https:\/\/www.hediyepazar.com\/index.php?rest_route=%2Fwp%2Fv2%2Fcomments&post=120722"}],"wp:featuredmedia":[{"embeddable":true,"href":"https:\/\/www.hediyepazar.com\/index.php?rest_route=\/wp\/v2\/media\/120721"}],"wp:attachment":[{"href":"https:\/\/www.hediyepazar.com\/index.php?rest_route=%2Fwp%2Fv2%2Fmedia&parent=120722"}],"wp:term":[{"taxonomy":"product_brand","embeddable":true,"href":"https:\/\/www.hediyepazar.com\/index.php?rest_route=%2Fwp%2Fv2%2Fproduct_brand&post=120722"},{"taxonomy":"product_cat","embeddable":true,"href":"https:\/\/www.hediyepazar.com\/index.php?rest_route=%2Fwp%2Fv2%2Fproduct_cat&post=120722"},{"taxonomy":"product_tag","embeddable":true,"href":"https:\/\/www.hediyepazar.com\/index.php?rest_route=%2Fwp%2Fv2%2Fproduct_tag&post=120722"}],"curies":[{"name":"wp","href":"https:\/\/api.w.org\/{rel}","templated":true}]}}