{"id":120772,"date":"2026-05-06T04:44:18","date_gmt":"2026-05-06T07:44:18","guid":{"rendered":"https:\/\/www.hediyepazar.com\/?product=kablosuz-sarjli-buharli-nemlendirici-enerji-tasarruflu-tasinabilir-cilt-bakim-cihazi"},"modified":"2026-05-06T04:44:18","modified_gmt":"2026-05-06T07:44:18","slug":"kablosuz-sarjli-buharli-nemlendirici-enerji-tasarruflu-tasinabilir-cilt-bakim-cihazi","status":"publish","type":"product","link":"https:\/\/www.hediyepazar.com\/?product=kablosuz-sarjli-buharli-nemlendirici-enerji-tasarruflu-tasinabilir-cilt-bakim-cihazi","title":{"rendered":"Kablosuz \u015earjl\u0131 Buharl\u0131 Nemlendirici \u2013 Enerji Tasarruflu Ta\u015f\u0131nabilir Cilt Bak\u0131m Cihaz\u0131"},"content":{"rendered":"<p>\u015e\u0131kl\u0131\u011f\u0131 ve teknolojiyi bir araya getiren bu ta\u015f\u0131nabilir nemlendirici, g\u00fcn\u00fcn her an\u0131nda ferahl\u0131k sunar.Ak\u0131ll\u0131 Pro sistemiyle donat\u0131lan cihaz, d\u00fc\u015f\u00fck enerji t\u00fcketimiyle y\u00fcksek verimlilik sa\u011flar.\u015earj edilebilir bataryas\u0131 sayesinde kablosuz kullan\u0131l\u0131r, kablo karma\u015fas\u0131n\u0131 ortadan kald\u0131r\u0131r.Kompakt yap\u0131s\u0131 ile ofiste, evde, arabada veya seyahatte rahatl\u0131kla kullan\u0131labilir.P\u00fcsk\u00fcrtme fonksiyonu sayesinde nemlendiriciyi do\u011frudan cildinize veya giysinize uygulayabilir, an\u0131nda tazelik hissi elde edebilirsiniz.Ayr\u0131ca kuru hava ko\u015fullar\u0131nda bulundu\u011funuz ortam\u0131n nem dengesini koruyarak solunum rahatl\u0131\u011f\u0131 sa\u011flar.Sessiz \u00e7al\u0131\u015fma \u00f6zelli\u011fi, gece veya i\u015f ortamlar\u0131nda kullan\u0131m konforu sunar.Cilt kurulu\u011funa kar\u015f\u0131 etkili, ta\u015f\u0131nabilir ve estetik bir \u00e7\u00f6z\u00fcmd\u00fcr.<\/p>\n","protected":false},"excerpt":{"rendered":"<p>\u015e\u0131kl\u0131\u011f\u0131 ve teknolojiyi bir araya getiren bu ta\u015f\u0131nabilir nemlendirici, g\u00fcn\u00fcn her an\u0131nda ferahl\u0131k sunar.Ak\u0131ll\u0131 Pro sistemiyle donat\u0131lan cihaz, d\u00fc\u015f\u00fck enerji t\u00fcketimiyle y\u00fcksek verimlilik sa\u011flar.\u015earj edilebilir bataryas\u0131 sayesinde kablosuz kullan\u0131l\u0131r, kablo karma\u015fas\u0131n\u0131 ortadan kald\u0131r\u0131r.Kompakt yap\u0131s\u0131 ile ofiste, evde, arabada veya seyahatte rahatl\u0131kla kullan\u0131labilir.P\u00fcsk\u00fcrtme fonksiyonu sayesinde nemlendiriciyi do\u011frudan cildinize veya giysinize uygulayabilir, an\u0131nda tazelik hissi elde edebilirsiniz.Ayr\u0131ca&#8230;<\/p>\n","protected":false},"featured_media":120771,"comment_status":"open","ping_status":"closed","template":"","meta":{"_kad_post_transparent":"","_kad_post_title":"","_kad_post_layout":"","_kad_post_sidebar_id":"","_kad_post_content_style":"","_kad_post_vertical_padding":"","_kad_post_feature":"","_kad_post_feature_position":"","_kad_post_header":false,"_kad_post_footer":false,"_kad_post_classname":""},"product_brand":[],"product_cat":[14965],"product_tag":[],"class_list":{"0":"post-120772","1":"product","2":"type-product","3":"status-publish","4":"has-post-thumbnail","6":"product_cat-hava-nemlendirici-hava-nemlendirici","8":"first","9":"instock","10":"purchasable","11":"product-type-simple","12":"entry","13":"content-bg","14":"loop-entry"},"_links":{"self":[{"href":"https:\/\/www.hediyepazar.com\/index.php?rest_route=\/wp\/v2\/product\/120772","targetHints":{"allow":["GET"]}}],"collection":[{"href":"https:\/\/www.hediyepazar.com\/index.php?rest_route=\/wp\/v2\/product"}],"about":[{"href":"https:\/\/www.hediyepazar.com\/index.php?rest_route=\/wp\/v2\/types\/product"}],"replies":[{"embeddable":true,"href":"https:\/\/www.hediyepazar.com\/index.php?rest_route=%2Fwp%2Fv2%2Fcomments&post=120772"}],"wp:featuredmedia":[{"embeddable":true,"href":"https:\/\/www.hediyepazar.com\/index.php?rest_route=\/wp\/v2\/media\/120771"}],"wp:attachment":[{"href":"https:\/\/www.hediyepazar.com\/index.php?rest_route=%2Fwp%2Fv2%2Fmedia&parent=120772"}],"wp:term":[{"taxonomy":"product_brand","embeddable":true,"href":"https:\/\/www.hediyepazar.com\/index.php?rest_route=%2Fwp%2Fv2%2Fproduct_brand&post=120772"},{"taxonomy":"product_cat","embeddable":true,"href":"https:\/\/www.hediyepazar.com\/index.php?rest_route=%2Fwp%2Fv2%2Fproduct_cat&post=120772"},{"taxonomy":"product_tag","embeddable":true,"href":"https:\/\/www.hediyepazar.com\/index.php?rest_route=%2Fwp%2Fv2%2Fproduct_tag&post=120772"}],"curies":[{"name":"wp","href":"https:\/\/api.w.org\/{rel}","templated":true}]}}