{"id":120792,"date":"2026-05-06T04:50:16","date_gmt":"2026-05-06T07:50:16","guid":{"rendered":"https:\/\/www.hediyepazar.com\/?product=kablosuz-carplay-donusturucu-akilli-tak-calistir-arac-adaptoru"},"modified":"2026-05-06T04:50:16","modified_gmt":"2026-05-06T07:50:16","slug":"kablosuz-carplay-donusturucu-akilli-tak-calistir-arac-adaptoru","status":"publish","type":"product","link":"https:\/\/www.hediyepazar.com\/?product=kablosuz-carplay-donusturucu-akilli-tak-calistir-arac-adaptoru","title":{"rendered":"Kablosuz CarPlay D\u00f6n\u00fc\u015ft\u00fcr\u00fcc\u00fc \u2013 Ak\u0131ll\u0131 Tak &#038; \u00c7al\u0131\u015ft\u0131r Ara\u00e7 Adapt\u00f6r\u00fc"},"content":{"rendered":"<p>Kablolu CarPlay destekli ara\u00e7lar i\u00e7in geli\u015ftirilen bu adapt\u00f6r, orijinal sistemi kablosuz ba\u011flant\u0131ya d\u00f6n\u00fc\u015ft\u00fcr\u00fcr.Wi-Fi 6 ve Bluetooth 5.4 teknolojileri sayesinde d\u00fc\u015f\u00fck gecikmeli, y\u00fcksek h\u0131zl\u0131 bir ba\u011flant\u0131 kurar.USB-A + Type-C giri\u015fleri ile t\u00fcm ara\u00e7 modellerinde uyumlu \u00e7al\u0131\u015f\u0131r.Yaz\u0131l\u0131m y\u00fcklemesi veya teknik kurulum gerektirmez; sadece takman\u0131z yeterli.Navigasyon, m\u00fczik, arama ve mesaj \u00f6zelliklerinin tamam\u0131n\u0131 kablosuz olarak kullanabilirsiniz.3 saniye i\u00e7inde ba\u011flant\u0131 kurar, cihaz haf\u0131zas\u0131nda iki farkl\u0131 telefonu saklayabilir.Kompakt tasar\u0131m\u0131 sayesinde ara\u00e7 i\u00e7inde d\u00fczenli bir g\u00f6r\u00fcn\u00fcm sa\u011flar, kablo karma\u015fas\u0131n\u0131 tamamen ortadan kald\u0131r\u0131r.<\/p>\n","protected":false},"excerpt":{"rendered":"<p>Kablolu CarPlay destekli ara\u00e7lar i\u00e7in geli\u015ftirilen bu adapt\u00f6r, orijinal sistemi kablosuz ba\u011flant\u0131ya d\u00f6n\u00fc\u015ft\u00fcr\u00fcr.Wi-Fi 6 ve Bluetooth 5.4 teknolojileri sayesinde d\u00fc\u015f\u00fck gecikmeli, y\u00fcksek h\u0131zl\u0131 bir ba\u011flant\u0131 kurar.USB-A + Type-C giri\u015fleri ile t\u00fcm ara\u00e7 modellerinde uyumlu \u00e7al\u0131\u015f\u0131r.Yaz\u0131l\u0131m y\u00fcklemesi veya teknik kurulum gerektirmez; sadece takman\u0131z yeterli.Navigasyon, m\u00fczik, arama ve mesaj \u00f6zelliklerinin tamam\u0131n\u0131 kablosuz olarak kullanabilirsiniz.3 saniye i\u00e7inde ba\u011flant\u0131&#8230;<\/p>\n","protected":false},"featured_media":120791,"comment_status":"open","ping_status":"closed","template":"","meta":{"_kad_post_transparent":"","_kad_post_title":"","_kad_post_layout":"","_kad_post_sidebar_id":"","_kad_post_content_style":"","_kad_post_vertical_padding":"","_kad_post_feature":"","_kad_post_feature_position":"","_kad_post_header":false,"_kad_post_footer":false,"_kad_post_classname":""},"product_brand":[],"product_cat":[15020],"product_tag":[],"class_list":{"0":"post-120792","1":"product","2":"type-product","3":"status-publish","4":"has-post-thumbnail","6":"product_cat-bluetooth-arac-kiti-bluetooth-arac-kiti","8":"first","9":"instock","10":"purchasable","11":"product-type-simple","12":"entry","13":"content-bg","14":"loop-entry"},"_links":{"self":[{"href":"https:\/\/www.hediyepazar.com\/index.php?rest_route=\/wp\/v2\/product\/120792","targetHints":{"allow":["GET"]}}],"collection":[{"href":"https:\/\/www.hediyepazar.com\/index.php?rest_route=\/wp\/v2\/product"}],"about":[{"href":"https:\/\/www.hediyepazar.com\/index.php?rest_route=\/wp\/v2\/types\/product"}],"replies":[{"embeddable":true,"href":"https:\/\/www.hediyepazar.com\/index.php?rest_route=%2Fwp%2Fv2%2Fcomments&post=120792"}],"wp:featuredmedia":[{"embeddable":true,"href":"https:\/\/www.hediyepazar.com\/index.php?rest_route=\/wp\/v2\/media\/120791"}],"wp:attachment":[{"href":"https:\/\/www.hediyepazar.com\/index.php?rest_route=%2Fwp%2Fv2%2Fmedia&parent=120792"}],"wp:term":[{"taxonomy":"product_brand","embeddable":true,"href":"https:\/\/www.hediyepazar.com\/index.php?rest_route=%2Fwp%2Fv2%2Fproduct_brand&post=120792"},{"taxonomy":"product_cat","embeddable":true,"href":"https:\/\/www.hediyepazar.com\/index.php?rest_route=%2Fwp%2Fv2%2Fproduct_cat&post=120792"},{"taxonomy":"product_tag","embeddable":true,"href":"https:\/\/www.hediyepazar.com\/index.php?rest_route=%2Fwp%2Fv2%2Fproduct_tag&post=120792"}],"curies":[{"name":"wp","href":"https:\/\/api.w.org\/{rel}","templated":true}]}}