{"id":120808,"date":"2026-05-06T04:52:15","date_gmt":"2026-05-06T07:52:15","guid":{"rendered":"https:\/\/www.hediyepazar.com\/?product=bluetooth-baglantili-tasinabilir-hoparlor-led-isikli-fm-radyolu-mikrofon-girisli"},"modified":"2026-05-06T04:52:15","modified_gmt":"2026-05-06T07:52:15","slug":"bluetooth-baglantili-tasinabilir-hoparlor-led-isikli-fm-radyolu-mikrofon-girisli","status":"publish","type":"product","link":"https:\/\/www.hediyepazar.com\/?product=bluetooth-baglantili-tasinabilir-hoparlor-led-isikli-fm-radyolu-mikrofon-girisli","title":{"rendered":"Bluetooth Ba\u011flant\u0131l\u0131 Ta\u015f\u0131nabilir Hoparl\u00f6r \u2013 LED I\u015f\u0131kl\u0131 FM Radyolu Mikrofon Giri\u015fli"},"content":{"rendered":"<p>Bu kablosuz ta\u015f\u0131nabilir hoparl\u00f6r, g\u00fc\u00e7l\u00fc sesi, renkli LED \u0131\u015f\u0131klar\u0131 ve kullan\u0131\u015fl\u0131 \u00f6zellikleriyle \u00f6ne \u00e7\u0131kar. 1200 mAh bataryas\u0131, saatlerce kesintisiz m\u00fczik dinlemenize olanak tan\u0131r.Bluetooth ba\u011flant\u0131s\u0131 t\u00fcm ak\u0131ll\u0131 cihazlarla uyumlu \u00e7al\u0131\u015f\u0131r. USB ve haf\u0131za kart\u0131 giri\u015fleri, m\u00fczi\u011finizi farkl\u0131 kaynaklardan \u00e7alabilmenizi sa\u011flar. FM radyo fonksiyonu, klasik m\u00fczik keyfini modern teknolojiyle bulu\u015fturur.Telefon stand\u0131, film veya video izlerken pratik bir destek sunar. Ta\u015f\u0131ma kolu, kolay ta\u015f\u0131nabilirlik sa\u011flar. Parti \u0131\u015f\u0131klar\u0131 ve g\u00f6vde ayd\u0131nlatmas\u0131 sayesinde her ortam\u0131 canl\u0131 bir sahneye d\u00f6n\u00fc\u015ft\u00fcr\u00fcr.Karaoke mikrofon giri\u015fi, sesli e\u011flencelere renk katar. Kompakt tasar\u0131m\u0131yla d\u0131\u015f mekan aktivitelerinde ideal bir ses arkada\u015f\u0131d\u0131r.<\/p>\n","protected":false},"excerpt":{"rendered":"<p>Bu kablosuz ta\u015f\u0131nabilir hoparl\u00f6r, g\u00fc\u00e7l\u00fc sesi, renkli LED \u0131\u015f\u0131klar\u0131 ve kullan\u0131\u015fl\u0131 \u00f6zellikleriyle \u00f6ne \u00e7\u0131kar. 1200 mAh bataryas\u0131, saatlerce kesintisiz m\u00fczik dinlemenize olanak tan\u0131r.Bluetooth ba\u011flant\u0131s\u0131 t\u00fcm ak\u0131ll\u0131 cihazlarla uyumlu \u00e7al\u0131\u015f\u0131r. USB ve haf\u0131za kart\u0131 giri\u015fleri, m\u00fczi\u011finizi farkl\u0131 kaynaklardan \u00e7alabilmenizi sa\u011flar. FM radyo fonksiyonu, klasik m\u00fczik keyfini modern teknolojiyle bulu\u015fturur.Telefon stand\u0131, film veya video izlerken pratik bir&#8230;<\/p>\n","protected":false},"featured_media":120807,"comment_status":"open","ping_status":"closed","template":"","meta":{"_kad_post_transparent":"","_kad_post_title":"","_kad_post_layout":"","_kad_post_sidebar_id":"","_kad_post_content_style":"","_kad_post_vertical_padding":"","_kad_post_feature":"","_kad_post_feature_position":"","_kad_post_header":false,"_kad_post_footer":false,"_kad_post_classname":""},"product_brand":[],"product_cat":[14911],"product_tag":[],"class_list":{"0":"post-120808","1":"product","2":"type-product","3":"status-publish","4":"has-post-thumbnail","6":"product_cat-kablosuz-hoparlor-kablosuz-hoparlor","8":"first","9":"instock","10":"purchasable","11":"product-type-simple","12":"entry","13":"content-bg","14":"loop-entry"},"_links":{"self":[{"href":"https:\/\/www.hediyepazar.com\/index.php?rest_route=\/wp\/v2\/product\/120808","targetHints":{"allow":["GET"]}}],"collection":[{"href":"https:\/\/www.hediyepazar.com\/index.php?rest_route=\/wp\/v2\/product"}],"about":[{"href":"https:\/\/www.hediyepazar.com\/index.php?rest_route=\/wp\/v2\/types\/product"}],"replies":[{"embeddable":true,"href":"https:\/\/www.hediyepazar.com\/index.php?rest_route=%2Fwp%2Fv2%2Fcomments&post=120808"}],"wp:featuredmedia":[{"embeddable":true,"href":"https:\/\/www.hediyepazar.com\/index.php?rest_route=\/wp\/v2\/media\/120807"}],"wp:attachment":[{"href":"https:\/\/www.hediyepazar.com\/index.php?rest_route=%2Fwp%2Fv2%2Fmedia&parent=120808"}],"wp:term":[{"taxonomy":"product_brand","embeddable":true,"href":"https:\/\/www.hediyepazar.com\/index.php?rest_route=%2Fwp%2Fv2%2Fproduct_brand&post=120808"},{"taxonomy":"product_cat","embeddable":true,"href":"https:\/\/www.hediyepazar.com\/index.php?rest_route=%2Fwp%2Fv2%2Fproduct_cat&post=120808"},{"taxonomy":"product_tag","embeddable":true,"href":"https:\/\/www.hediyepazar.com\/index.php?rest_route=%2Fwp%2Fv2%2Fproduct_tag&post=120808"}],"curies":[{"name":"wp","href":"https:\/\/api.w.org\/{rel}","templated":true}]}}