{"id":120814,"date":"2026-05-06T04:54:18","date_gmt":"2026-05-06T07:54:18","guid":{"rendered":"https:\/\/www.hediyepazar.com\/?product=led-isikli-kablosuz-hoparlor-bluetooth-fm-radyolu-tasinabilir-sarjli"},"modified":"2026-05-06T04:54:18","modified_gmt":"2026-05-06T07:54:18","slug":"led-isikli-kablosuz-hoparlor-bluetooth-fm-radyolu-tasinabilir-sarjli","status":"publish","type":"product","link":"https:\/\/www.hediyepazar.com\/?product=led-isikli-kablosuz-hoparlor-bluetooth-fm-radyolu-tasinabilir-sarjli","title":{"rendered":"LED I\u015f\u0131kl\u0131 Kablosuz Hoparl\u00f6r \u2013 Bluetooth FM Radyolu Ta\u015f\u0131nabilir \u015earjl\u0131"},"content":{"rendered":"<p>Bluetooth teknolojisiyle donat\u0131lm\u0131\u015f bu kablosuz hoparl\u00f6r, m\u00fczikseverler i\u00e7in m\u00fckemmel bir ta\u015f\u0131nabilir ses \u00e7\u00f6z\u00fcm\u00fcd\u00fcr. 1200 mAh bataryas\u0131yla uzun s\u00fcreli kullan\u0131m imkan\u0131 sunarken, g\u00fc\u00e7l\u00fc 3 in\u00e7 hoparl\u00f6r\u00fcyle y\u00fcksek ses kalitesi sa\u011flar.Cihaz t\u00fcm Bluetooth destekli telefonlar, tabletler ve bilgisayarlarla uyumlu \u00e7al\u0131\u015f\u0131r. USB ve haf\u0131za kart\u0131 giri\u015fleriyle kablosuz ba\u011flant\u0131ya ihtiya\u00e7 duymadan m\u00fcziklerinizi oynatabilirsiniz. FM radyo \u00f6zelli\u011fi sayesinde diledi\u011finiz frekanslar\u0131 kolayca dinleyebilirsiniz.LED parti \u0131\u015f\u0131klar\u0131, renkli ambiyans olu\u015ftururken orta g\u00f6vde ayd\u0131nlatmas\u0131 g\u00f6rsel bir \u015f\u00f6len yarat\u0131r. Karaoke mikrofon giri\u015fiyle birlikte gelen bu hoparl\u00f6r, \u00f6zel g\u00fcnlerde veya do\u011fum g\u00fcn\u00fc partilerinde e\u011flencenizi bamba\u015fka bir seviyeye ta\u015f\u0131r.Ergonomik ta\u015f\u0131ma kolu, cihaz\u0131n kolayca ta\u015f\u0131nmas\u0131n\u0131 sa\u011flar. Ayr\u0131ca telefon stand\u0131 \u00f6zelli\u011fi sayesinde film izlerken veya m\u00fczik kliplerini oynat\u0131rken pratik bir kullan\u0131m sunar. \u015e\u0131k, kompakt ve fonksiyonel yap\u0131s\u0131yla hem ev i\u00e7i hem d\u0131\u015f mekan kullan\u0131m\u0131 i\u00e7in idealdir.<\/p>\n","protected":false},"excerpt":{"rendered":"<p>Bluetooth teknolojisiyle donat\u0131lm\u0131\u015f bu kablosuz hoparl\u00f6r, m\u00fczikseverler i\u00e7in m\u00fckemmel bir ta\u015f\u0131nabilir ses \u00e7\u00f6z\u00fcm\u00fcd\u00fcr. 1200 mAh bataryas\u0131yla uzun s\u00fcreli kullan\u0131m imkan\u0131 sunarken, g\u00fc\u00e7l\u00fc 3 in\u00e7 hoparl\u00f6r\u00fcyle y\u00fcksek ses kalitesi sa\u011flar.Cihaz t\u00fcm Bluetooth destekli telefonlar, tabletler ve bilgisayarlarla uyumlu \u00e7al\u0131\u015f\u0131r. USB ve haf\u0131za kart\u0131 giri\u015fleriyle kablosuz ba\u011flant\u0131ya ihtiya\u00e7 duymadan m\u00fcziklerinizi oynatabilirsiniz. FM radyo \u00f6zelli\u011fi sayesinde diledi\u011finiz frekanslar\u0131&#8230;<\/p>\n","protected":false},"featured_media":120813,"comment_status":"open","ping_status":"closed","template":"","meta":{"_kad_post_transparent":"","_kad_post_title":"","_kad_post_layout":"","_kad_post_sidebar_id":"","_kad_post_content_style":"","_kad_post_vertical_padding":"","_kad_post_feature":"","_kad_post_feature_position":"","_kad_post_header":false,"_kad_post_footer":false,"_kad_post_classname":""},"product_brand":[],"product_cat":[14911],"product_tag":[],"class_list":{"0":"post-120814","1":"product","2":"type-product","3":"status-publish","4":"has-post-thumbnail","6":"product_cat-kablosuz-hoparlor-kablosuz-hoparlor","8":"first","9":"instock","10":"purchasable","11":"product-type-simple","12":"entry","13":"content-bg","14":"loop-entry"},"_links":{"self":[{"href":"https:\/\/www.hediyepazar.com\/index.php?rest_route=\/wp\/v2\/product\/120814","targetHints":{"allow":["GET"]}}],"collection":[{"href":"https:\/\/www.hediyepazar.com\/index.php?rest_route=\/wp\/v2\/product"}],"about":[{"href":"https:\/\/www.hediyepazar.com\/index.php?rest_route=\/wp\/v2\/types\/product"}],"replies":[{"embeddable":true,"href":"https:\/\/www.hediyepazar.com\/index.php?rest_route=%2Fwp%2Fv2%2Fcomments&post=120814"}],"wp:featuredmedia":[{"embeddable":true,"href":"https:\/\/www.hediyepazar.com\/index.php?rest_route=\/wp\/v2\/media\/120813"}],"wp:attachment":[{"href":"https:\/\/www.hediyepazar.com\/index.php?rest_route=%2Fwp%2Fv2%2Fmedia&parent=120814"}],"wp:term":[{"taxonomy":"product_brand","embeddable":true,"href":"https:\/\/www.hediyepazar.com\/index.php?rest_route=%2Fwp%2Fv2%2Fproduct_brand&post=120814"},{"taxonomy":"product_cat","embeddable":true,"href":"https:\/\/www.hediyepazar.com\/index.php?rest_route=%2Fwp%2Fv2%2Fproduct_cat&post=120814"},{"taxonomy":"product_tag","embeddable":true,"href":"https:\/\/www.hediyepazar.com\/index.php?rest_route=%2Fwp%2Fv2%2Fproduct_tag&post=120814"}],"curies":[{"name":"wp","href":"https:\/\/api.w.org\/{rel}","templated":true}]}}