{"id":120818,"date":"2026-05-06T04:56:08","date_gmt":"2026-05-06T07:56:08","guid":{"rendered":"https:\/\/www.hediyepazar.com\/?product=15w-kablosuz-hizli-sarjli-10000-mah-powerbank-tasinabilir-led-gostergeli"},"modified":"2026-05-06T04:56:08","modified_gmt":"2026-05-06T07:56:08","slug":"15w-kablosuz-hizli-sarjli-10000-mah-powerbank-tasinabilir-led-gostergeli","status":"publish","type":"product","link":"https:\/\/www.hediyepazar.com\/?product=15w-kablosuz-hizli-sarjli-10000-mah-powerbank-tasinabilir-led-gostergeli","title":{"rendered":"15W Kablosuz H\u0131zl\u0131 \u015earjl\u0131 10000 mAh Powerbank \u2013 Ta\u015f\u0131nabilir LED G\u00f6stergeli"},"content":{"rendered":"<p>Bu ta\u015f\u0131nabilir kablosuz powerbank, g\u00fc\u00e7l\u00fc 10000 mAh batarya kapasitesiyle cihazlar\u0131n\u0131z\u0131n enerjisini her zaman dolu tutar. 15W kablosuz \u015farj deste\u011fiyle kablosuz \u00f6zg\u00fcrl\u00fc\u011f\u00fcn keyfini ya\u015fay\u0131n.PD20W ve HSC22.5W teknolojileri sayesinde cihazlar\u0131n\u0131z\u0131 \u00e7ok k\u0131sa s\u00fcrede tam \u015farj eder. Type-C, USB ve Lightning \u00e7\u0131k\u0131\u015flar\u0131 sayesinde farkl\u0131 cihaz t\u00fcrlerini ayn\u0131 anda \u015farj etmenize imkan tan\u0131r.LED ekran g\u00f6stergesi, kalan pil seviyesini net bi\u00e7imde g\u00f6sterir. Ak\u0131ll\u0131 koruma sistemi, a\u015f\u0131r\u0131 \u015farj ve k\u0131sa devreye kar\u015f\u0131 tam koruma sa\u011flar.ABS d\u0131\u015f y\u00fczeyi, \u00e7izilmelere kar\u015f\u0131 dayan\u0131kl\u0131 olup, uzun \u00f6m\u00fcrl\u00fc kullan\u0131m sa\u011flar. Hafifli\u011fi ve kompakt boyutuyla seyahatlerde m\u00fckemmel bir yol arkada\u015f\u0131d\u0131r. Siyah rengi, zarafet ve modernli\u011fi bir araya getirir.<\/p>\n","protected":false},"excerpt":{"rendered":"<p>Bu ta\u015f\u0131nabilir kablosuz powerbank, g\u00fc\u00e7l\u00fc 10000 mAh batarya kapasitesiyle cihazlar\u0131n\u0131z\u0131n enerjisini her zaman dolu tutar. 15W kablosuz \u015farj deste\u011fiyle kablosuz \u00f6zg\u00fcrl\u00fc\u011f\u00fcn keyfini ya\u015fay\u0131n.PD20W ve HSC22.5W teknolojileri sayesinde cihazlar\u0131n\u0131z\u0131 \u00e7ok k\u0131sa s\u00fcrede tam \u015farj eder. Type-C, USB ve Lightning \u00e7\u0131k\u0131\u015flar\u0131 sayesinde farkl\u0131 cihaz t\u00fcrlerini ayn\u0131 anda \u015farj etmenize imkan tan\u0131r.LED ekran g\u00f6stergesi, kalan pil seviyesini net&#8230;<\/p>\n","protected":false},"featured_media":120817,"comment_status":"open","ping_status":"closed","template":"","meta":{"_kad_post_transparent":"","_kad_post_title":"","_kad_post_layout":"","_kad_post_sidebar_id":"","_kad_post_content_style":"","_kad_post_vertical_padding":"","_kad_post_feature":"","_kad_post_feature_position":"","_kad_post_header":false,"_kad_post_footer":false,"_kad_post_classname":""},"product_brand":[],"product_cat":[14937],"product_tag":[],"class_list":{"0":"post-120818","1":"product","2":"type-product","3":"status-publish","4":"has-post-thumbnail","6":"product_cat-powerbank-powerbank-2","8":"first","9":"instock","10":"purchasable","11":"product-type-simple","12":"entry","13":"content-bg","14":"loop-entry"},"_links":{"self":[{"href":"https:\/\/www.hediyepazar.com\/index.php?rest_route=\/wp\/v2\/product\/120818","targetHints":{"allow":["GET"]}}],"collection":[{"href":"https:\/\/www.hediyepazar.com\/index.php?rest_route=\/wp\/v2\/product"}],"about":[{"href":"https:\/\/www.hediyepazar.com\/index.php?rest_route=\/wp\/v2\/types\/product"}],"replies":[{"embeddable":true,"href":"https:\/\/www.hediyepazar.com\/index.php?rest_route=%2Fwp%2Fv2%2Fcomments&post=120818"}],"wp:featuredmedia":[{"embeddable":true,"href":"https:\/\/www.hediyepazar.com\/index.php?rest_route=\/wp\/v2\/media\/120817"}],"wp:attachment":[{"href":"https:\/\/www.hediyepazar.com\/index.php?rest_route=%2Fwp%2Fv2%2Fmedia&parent=120818"}],"wp:term":[{"taxonomy":"product_brand","embeddable":true,"href":"https:\/\/www.hediyepazar.com\/index.php?rest_route=%2Fwp%2Fv2%2Fproduct_brand&post=120818"},{"taxonomy":"product_cat","embeddable":true,"href":"https:\/\/www.hediyepazar.com\/index.php?rest_route=%2Fwp%2Fv2%2Fproduct_cat&post=120818"},{"taxonomy":"product_tag","embeddable":true,"href":"https:\/\/www.hediyepazar.com\/index.php?rest_route=%2Fwp%2Fv2%2Fproduct_tag&post=120818"}],"curies":[{"name":"wp","href":"https:\/\/api.w.org\/{rel}","templated":true}]}}