{"id":120854,"date":"2026-05-06T05:02:21","date_gmt":"2026-05-06T08:02:21","guid":{"rendered":"https:\/\/www.hediyepazar.com\/?product=ps4-uyumlu-kablosuz-oyun-kolu-titresimli-sarjli-ve-ergonomik"},"modified":"2026-05-06T05:02:21","modified_gmt":"2026-05-06T08:02:21","slug":"ps4-uyumlu-kablosuz-oyun-kolu-titresimli-sarjli-ve-ergonomik","status":"publish","type":"product","link":"https:\/\/www.hediyepazar.com\/?product=ps4-uyumlu-kablosuz-oyun-kolu-titresimli-sarjli-ve-ergonomik","title":{"rendered":"PS4 Uyumlu Kablosuz Oyun Kolu \u2013 Titre\u015fimli \u015earjl\u0131 ve Ergonomik"},"content":{"rendered":"<p>Kablosuz oyun kolu, oyun deneyimini daha \u00f6zg\u00fcr ve keyifli hale getirmek i\u00e7in tasarlanm\u0131\u015ft\u0131r. Konsol sistemleriyle tam uyumlu yap\u0131s\u0131 sayesinde, kurulum gerektirmeden an\u0131nda kullan\u0131ma haz\u0131r hale gelir.Kablosuz ba\u011flant\u0131 teknolojisi, 10 metreye kadar g\u00fc\u00e7l\u00fc sinyal aktar\u0131m\u0131 sunarak kesintisiz ba\u011flant\u0131 sa\u011flar. Bu \u00f6zellik, kablo k\u0131s\u0131tlamas\u0131 olmadan rahat hareket etmenize ve oyuna tam anlam\u0131yla odaklanman\u0131za yard\u0131mc\u0131 olur.Titre\u015fimli \u00e7ift motor sistemi, oyun i\u00e7indeki sahnelere g\u00f6re titre\u015fim seviyesini otomatik olarak ayarlar. B\u00f6ylece araba yar\u0131\u015flar\u0131nda h\u0131z de\u011fi\u015fimini, sava\u015f oyunlar\u0131nda patlamalar\u0131 ger\u00e7ek bir etkiyle hissedebilirsiniz.800 mAh bataryas\u0131 uzun kullan\u0131m s\u00fcresi sunarken, USB kablo ile kolayca \u015farj edilebilir. Sadece birka\u00e7 saatlik \u015farjla saatlerce kesintisiz oynanabilir.Ergonomik tasar\u0131m\u0131 sayesinde elinizi yormaz. P\u00fcr\u00fczs\u00fcz y\u00fczeyi, dengeli a\u011f\u0131rl\u0131\u011f\u0131 ve kaymaz yap\u0131s\u0131, uzun s\u00fcreli oyunlarda bile maksimum kontrol sa\u011flar. Analog \u00e7ubuklar\u0131 ve hassas tu\u015flar\u0131, h\u0131zl\u0131 tepki s\u00fcresiyle profesyonel oyuncular i\u00e7in idealdir.\u015e\u0131k siyah rengi, minimalist tasar\u0131m\u0131 ve dayan\u0131kl\u0131 d\u0131\u015f y\u00fczeyiyle modern bir g\u00f6r\u00fcn\u00fcm kazand\u0131r\u0131r. Y\u00fcksek performansl\u0131 bu oyun kolu, e\u011flenceyi her zaman elinizin alt\u0131nda tutar.<\/p>\n","protected":false},"excerpt":{"rendered":"<p>Kablosuz oyun kolu, oyun deneyimini daha \u00f6zg\u00fcr ve keyifli hale getirmek i\u00e7in tasarlanm\u0131\u015ft\u0131r. Konsol sistemleriyle tam uyumlu yap\u0131s\u0131 sayesinde, kurulum gerektirmeden an\u0131nda kullan\u0131ma haz\u0131r hale gelir.Kablosuz ba\u011flant\u0131 teknolojisi, 10 metreye kadar g\u00fc\u00e7l\u00fc sinyal aktar\u0131m\u0131 sunarak kesintisiz ba\u011flant\u0131 sa\u011flar. Bu \u00f6zellik, kablo k\u0131s\u0131tlamas\u0131 olmadan rahat hareket etmenize ve oyuna tam anlam\u0131yla odaklanman\u0131za yard\u0131mc\u0131 olur.Titre\u015fimli \u00e7ift motor&#8230;<\/p>\n","protected":false},"featured_media":120853,"comment_status":"open","ping_status":"closed","template":"","meta":{"_kad_post_transparent":"","_kad_post_title":"","_kad_post_layout":"","_kad_post_sidebar_id":"","_kad_post_content_style":"","_kad_post_vertical_padding":"","_kad_post_feature":"","_kad_post_feature_position":"","_kad_post_header":false,"_kad_post_footer":false,"_kad_post_classname":""},"product_brand":[],"product_cat":[14961],"product_tag":[],"class_list":{"0":"post-120854","1":"product","2":"type-product","3":"status-publish","4":"has-post-thumbnail","6":"product_cat-oyun-konsolu-oyun-konsolu","8":"first","9":"instock","10":"purchasable","11":"product-type-simple","12":"entry","13":"content-bg","14":"loop-entry"},"_links":{"self":[{"href":"https:\/\/www.hediyepazar.com\/index.php?rest_route=\/wp\/v2\/product\/120854","targetHints":{"allow":["GET"]}}],"collection":[{"href":"https:\/\/www.hediyepazar.com\/index.php?rest_route=\/wp\/v2\/product"}],"about":[{"href":"https:\/\/www.hediyepazar.com\/index.php?rest_route=\/wp\/v2\/types\/product"}],"replies":[{"embeddable":true,"href":"https:\/\/www.hediyepazar.com\/index.php?rest_route=%2Fwp%2Fv2%2Fcomments&post=120854"}],"wp:featuredmedia":[{"embeddable":true,"href":"https:\/\/www.hediyepazar.com\/index.php?rest_route=\/wp\/v2\/media\/120853"}],"wp:attachment":[{"href":"https:\/\/www.hediyepazar.com\/index.php?rest_route=%2Fwp%2Fv2%2Fmedia&parent=120854"}],"wp:term":[{"taxonomy":"product_brand","embeddable":true,"href":"https:\/\/www.hediyepazar.com\/index.php?rest_route=%2Fwp%2Fv2%2Fproduct_brand&post=120854"},{"taxonomy":"product_cat","embeddable":true,"href":"https:\/\/www.hediyepazar.com\/index.php?rest_route=%2Fwp%2Fv2%2Fproduct_cat&post=120854"},{"taxonomy":"product_tag","embeddable":true,"href":"https:\/\/www.hediyepazar.com\/index.php?rest_route=%2Fwp%2Fv2%2Fproduct_tag&post=120854"}],"curies":[{"name":"wp","href":"https:\/\/api.w.org\/{rel}","templated":true}]}}