{"id":120858,"date":"2026-05-06T05:04:05","date_gmt":"2026-05-06T08:04:05","guid":{"rendered":"https:\/\/www.hediyepazar.com\/?product=akilli-spor-saat-fd86"},"modified":"2026-05-06T05:04:05","modified_gmt":"2026-05-06T08:04:05","slug":"akilli-spor-saat-fd86","status":"publish","type":"product","link":"https:\/\/www.hediyepazar.com\/?product=akilli-spor-saat-fd86","title":{"rendered":"Ak\u0131ll\u0131 Spor Saat FD86"},"content":{"rendered":"<p>Sade ama i\u015flevsel tasar\u0131m\u0131yla dikkat \u00e7eken bu dijital spor saat, sa\u011fl\u0131\u011f\u0131n\u0131z\u0131 takip etmek i\u00e7in ideal bir yard\u0131mc\u0131d\u0131r.Kalp at\u0131\u015f h\u0131z\u0131, ad\u0131m say\u0131s\u0131 ve kalori takibi gibi temel fonksiyonlara sahiptir.Ayr\u0131ca hareketsizlik hat\u0131rlat\u0131c\u0131s\u0131 ile g\u00fcn boyunca aktif kalman\u0131z\u0131 sa\u011flar.Net dijital ekran\u0131, t\u00fcm bilgileri kolayca g\u00f6rmenize olanak tan\u0131r.Ter ge\u00e7irmez silikon bilekli\u011fi, uzun s\u00fcreli kullan\u0131mda konfor sunar.Yaln\u0131zca g\u00fcnl\u00fck kullan\u0131m i\u00e7indir; suya dald\u0131r\u0131lmamal\u0131d\u0131r.Pilli yap\u0131s\u0131 sayesinde \u015farjla u\u011fra\u015fmadan uzun s\u00fcre kullanabilirsiniz.Dayan\u0131kl\u0131 kasas\u0131 ve sade g\u00f6r\u00fcn\u00fcm\u00fcyle her ya\u015fa ve stile uygundur.Sporcular, \u00f6\u011frenciler ve ofis \u00e7al\u0131\u015fanlar\u0131 i\u00e7in m\u00fckemmel bir tercihtir.<\/p>\n","protected":false},"excerpt":{"rendered":"<p>Sade ama i\u015flevsel tasar\u0131m\u0131yla dikkat \u00e7eken bu dijital spor saat, sa\u011fl\u0131\u011f\u0131n\u0131z\u0131 takip etmek i\u00e7in ideal bir yard\u0131mc\u0131d\u0131r.Kalp at\u0131\u015f h\u0131z\u0131, ad\u0131m say\u0131s\u0131 ve kalori takibi gibi temel fonksiyonlara sahiptir.Ayr\u0131ca hareketsizlik hat\u0131rlat\u0131c\u0131s\u0131 ile g\u00fcn boyunca aktif kalman\u0131z\u0131 sa\u011flar.Net dijital ekran\u0131, t\u00fcm bilgileri kolayca g\u00f6rmenize olanak tan\u0131r.Ter ge\u00e7irmez silikon bilekli\u011fi, uzun s\u00fcreli kullan\u0131mda konfor sunar.Yaln\u0131zca g\u00fcnl\u00fck kullan\u0131m i\u00e7indir;&#8230;<\/p>\n","protected":false},"featured_media":120857,"comment_status":"open","ping_status":"closed","template":"","meta":{"_kad_post_transparent":"","_kad_post_title":"","_kad_post_layout":"","_kad_post_sidebar_id":"","_kad_post_content_style":"","_kad_post_vertical_padding":"","_kad_post_feature":"","_kad_post_feature_position":"","_kad_post_header":false,"_kad_post_footer":false,"_kad_post_classname":""},"product_brand":[],"product_cat":[14935],"product_tag":[],"class_list":{"0":"post-120858","1":"product","2":"type-product","3":"status-publish","4":"has-post-thumbnail","6":"product_cat-akilli-saatler-akilli-saatler","8":"first","9":"instock","10":"purchasable","11":"product-type-simple","12":"entry","13":"content-bg","14":"loop-entry"},"_links":{"self":[{"href":"https:\/\/www.hediyepazar.com\/index.php?rest_route=\/wp\/v2\/product\/120858","targetHints":{"allow":["GET"]}}],"collection":[{"href":"https:\/\/www.hediyepazar.com\/index.php?rest_route=\/wp\/v2\/product"}],"about":[{"href":"https:\/\/www.hediyepazar.com\/index.php?rest_route=\/wp\/v2\/types\/product"}],"replies":[{"embeddable":true,"href":"https:\/\/www.hediyepazar.com\/index.php?rest_route=%2Fwp%2Fv2%2Fcomments&post=120858"}],"wp:featuredmedia":[{"embeddable":true,"href":"https:\/\/www.hediyepazar.com\/index.php?rest_route=\/wp\/v2\/media\/120857"}],"wp:attachment":[{"href":"https:\/\/www.hediyepazar.com\/index.php?rest_route=%2Fwp%2Fv2%2Fmedia&parent=120858"}],"wp:term":[{"taxonomy":"product_brand","embeddable":true,"href":"https:\/\/www.hediyepazar.com\/index.php?rest_route=%2Fwp%2Fv2%2Fproduct_brand&post=120858"},{"taxonomy":"product_cat","embeddable":true,"href":"https:\/\/www.hediyepazar.com\/index.php?rest_route=%2Fwp%2Fv2%2Fproduct_cat&post=120858"},{"taxonomy":"product_tag","embeddable":true,"href":"https:\/\/www.hediyepazar.com\/index.php?rest_route=%2Fwp%2Fv2%2Fproduct_tag&post=120858"}],"curies":[{"name":"wp","href":"https:\/\/api.w.org\/{rel}","templated":true}]}}