{"id":120860,"date":"2026-05-06T05:04:22","date_gmt":"2026-05-06T08:04:22","guid":{"rendered":"https:\/\/www.hediyepazar.com\/?product=siyah-ozel-bolgesi-acik-fantazi-kulotlu-corap-tm0367"},"modified":"2026-05-06T05:04:22","modified_gmt":"2026-05-06T08:04:22","slug":"siyah-ozel-bolgesi-acik-fantazi-kulotlu-corap-tm0367","status":"publish","type":"product","link":"https:\/\/www.hediyepazar.com\/?product=siyah-ozel-bolgesi-acik-fantazi-kulotlu-corap-tm0367","title":{"rendered":"Siyah \u00d6zel B\u00f6lgesi A\u00e7\u0131k Fantazi K\u00fclotlu \u00c7orap TM0367"},"content":{"rendered":"<ul>\n<li><span style=\"font-size: 14px;\"><font face=\"Arial\">Siyah &Ouml;zel B&ouml;lgeleri A&ccedil;\u0131k Fantazi &Ccedil;orap<\/font><\/span><\/li>\n<li><font face=\"Arial\"><span style=\"font-size: 14px;\">%90 Polyester %10 Elastan<\/span><\/font><\/li>\n<li><span style=\"font-size: 14px;\"><font face=\"Arial\">&Uuml;r&uuml;nleri maksimum 30 derece suda ve elde y\u0131kay\u0131n\u0131z. Asarak kurutunuz.<\/font><\/span><\/li>\n<li><font face=\"Arial\"><span style=\"font-size: 14px; line-height: 107%;\">Gizli paketleme ile g&ouml;nderilir. Kargo &uuml;zerinde &uuml;r&uuml;n ad\u0131 ve i&ccedil;eri\u011fikesinlikle yazmaz<\/span><span style=\"font-size: 14px;\">.<\/span><\/font><\/li>\n<li><span style=\"font-size: 14px;\"><font face=\"Arial\">Hijyen ko\u015fullar\u0131 nedeniyle i&ccedil; giyim &uuml;r&uuml;nlerinde iade ve de\u011fi\u015fim bulunmamaktad\u0131r.<\/font><\/span><\/li>\n<\/ul>\n<p>&nbsp;<\/p>\n<p style=\"text-align: center;\">&nbsp;<\/p>\n","protected":false},"excerpt":{"rendered":"<p>Siyah &Ouml;zel B&ouml;lgeleri A&ccedil;\u0131k Fantazi &Ccedil;orap %90 Polyester %10 Elastan &Uuml;r&uuml;nleri maksimum 30 derece suda ve elde y\u0131kay\u0131n\u0131z. Asarak kurutunuz. Gizli paketleme ile g&ouml;nderilir. Kargo &uuml;zerinde &uuml;r&uuml;n ad\u0131 ve i&ccedil;eri\u011fikesinlikle yazmaz. Hijyen ko\u015fullar\u0131 nedeniyle i&ccedil; giyim &uuml;r&uuml;nlerinde iade ve de\u011fi\u015fim bulunmamaktad\u0131r. &nbsp; &nbsp;<\/p>\n","protected":false},"featured_media":120859,"comment_status":"open","ping_status":"closed","template":"","meta":{"_kad_post_transparent":"","_kad_post_title":"","_kad_post_layout":"","_kad_post_sidebar_id":"","_kad_post_content_style":"","_kad_post_vertical_padding":"","_kad_post_feature":"","_kad_post_feature_position":"","_kad_post_header":false,"_kad_post_footer":false,"_kad_post_classname":""},"product_brand":[],"product_cat":[15103],"product_tag":[],"class_list":{"0":"post-120860","1":"product","2":"type-product","3":"status-publish","4":"has-post-thumbnail","6":"product_cat-fantazi-kulotlu-corap-fantazi-ic-giyim-fantazi-kulotlu-corap","8":"first","9":"instock","10":"purchasable","11":"product-type-simple","12":"entry","13":"content-bg","14":"loop-entry"},"_links":{"self":[{"href":"https:\/\/www.hediyepazar.com\/index.php?rest_route=\/wp\/v2\/product\/120860","targetHints":{"allow":["GET"]}}],"collection":[{"href":"https:\/\/www.hediyepazar.com\/index.php?rest_route=\/wp\/v2\/product"}],"about":[{"href":"https:\/\/www.hediyepazar.com\/index.php?rest_route=\/wp\/v2\/types\/product"}],"replies":[{"embeddable":true,"href":"https:\/\/www.hediyepazar.com\/index.php?rest_route=%2Fwp%2Fv2%2Fcomments&post=120860"}],"wp:featuredmedia":[{"embeddable":true,"href":"https:\/\/www.hediyepazar.com\/index.php?rest_route=\/wp\/v2\/media\/120859"}],"wp:attachment":[{"href":"https:\/\/www.hediyepazar.com\/index.php?rest_route=%2Fwp%2Fv2%2Fmedia&parent=120860"}],"wp:term":[{"taxonomy":"product_brand","embeddable":true,"href":"https:\/\/www.hediyepazar.com\/index.php?rest_route=%2Fwp%2Fv2%2Fproduct_brand&post=120860"},{"taxonomy":"product_cat","embeddable":true,"href":"https:\/\/www.hediyepazar.com\/index.php?rest_route=%2Fwp%2Fv2%2Fproduct_cat&post=120860"},{"taxonomy":"product_tag","embeddable":true,"href":"https:\/\/www.hediyepazar.com\/index.php?rest_route=%2Fwp%2Fv2%2Fproduct_tag&post=120860"}],"curies":[{"name":"wp","href":"https:\/\/api.w.org\/{rel}","templated":true}]}}