{"id":120864,"date":"2026-05-06T05:05:43","date_gmt":"2026-05-06T08:05:43","guid":{"rendered":"https:\/\/www.hediyepazar.com\/?product=siyah-ozel-bolgesi-acik-fantazi-kulotlu-corap-tm0935"},"modified":"2026-05-06T05:05:43","modified_gmt":"2026-05-06T08:05:43","slug":"siyah-ozel-bolgesi-acik-fantazi-kulotlu-corap-tm0935","status":"publish","type":"product","link":"https:\/\/www.hediyepazar.com\/?product=siyah-ozel-bolgesi-acik-fantazi-kulotlu-corap-tm0935","title":{"rendered":"Siyah \u00d6zel B\u00f6lgesi A\u00e7\u0131k Fantazi K\u00fclotlu \u00c7orap TM0935"},"content":{"rendered":"<ul>\n<li><span style=\"font-family: Verdana; font-size: 14px;\">Tek par&ccedil;a &Ccedil;oraptan olu\u015fmaktad\u0131r. K&uuml;lot &uuml;r&uuml;ne dahil de\u011fildir.<\/span><\/li>\n<li><span style=\"font-size: 10pt;\"><span style=\"font-size: 10pt;\"><span style=\"font-size: 14px;\"><font face=\"Verdana\">&Uuml;r&uuml;nleri maksimum 30 derece suda ve elde y\u0131kay\u0131n\u0131z. Asarak kurutunuz.<\/font><\/span><\/span><\/span><\/li>\n<li><span style=\"font-size: 14px;\"><font face=\"Verdana\">Gizli paketleme y&ouml;ntemiyle g&ouml;nderiyoruz. Kargo &uuml;zerinde &uuml;r&uuml;n ad\u0131 ve i&ccedil;eri\u011fi kesinlikle yazmaz.<\/font><\/span><\/li>\n<li><span style=\"font-size: 14px;\"><font face=\"Verdana\">Hijyen ko\u015fullar\u0131 nedeniyle i&ccedil; giyim &uuml;r&uuml;nlerinde iade ve de\u011fi\u015fim bulunmamaktad\u0131r.<\/font><\/span><\/li>\n<\/ul>\n","protected":false},"excerpt":{"rendered":"<p>Tek par&ccedil;a &Ccedil;oraptan olu\u015fmaktad\u0131r. K&uuml;lot &uuml;r&uuml;ne dahil de\u011fildir. &Uuml;r&uuml;nleri maksimum 30 derece suda ve elde y\u0131kay\u0131n\u0131z. Asarak kurutunuz. Gizli paketleme y&ouml;ntemiyle g&ouml;nderiyoruz. Kargo &uuml;zerinde &uuml;r&uuml;n ad\u0131 ve i&ccedil;eri\u011fi kesinlikle yazmaz. Hijyen ko\u015fullar\u0131 nedeniyle i&ccedil; giyim &uuml;r&uuml;nlerinde iade ve de\u011fi\u015fim bulunmamaktad\u0131r.<\/p>\n","protected":false},"featured_media":120863,"comment_status":"open","ping_status":"closed","template":"","meta":{"_kad_post_transparent":"","_kad_post_title":"","_kad_post_layout":"","_kad_post_sidebar_id":"","_kad_post_content_style":"","_kad_post_vertical_padding":"","_kad_post_feature":"","_kad_post_feature_position":"","_kad_post_header":false,"_kad_post_footer":false,"_kad_post_classname":""},"product_brand":[],"product_cat":[15103],"product_tag":[],"class_list":{"0":"post-120864","1":"product","2":"type-product","3":"status-publish","4":"has-post-thumbnail","6":"product_cat-fantazi-kulotlu-corap-fantazi-ic-giyim-fantazi-kulotlu-corap","8":"first","9":"instock","10":"purchasable","11":"product-type-simple","12":"entry","13":"content-bg","14":"loop-entry"},"_links":{"self":[{"href":"https:\/\/www.hediyepazar.com\/index.php?rest_route=\/wp\/v2\/product\/120864","targetHints":{"allow":["GET"]}}],"collection":[{"href":"https:\/\/www.hediyepazar.com\/index.php?rest_route=\/wp\/v2\/product"}],"about":[{"href":"https:\/\/www.hediyepazar.com\/index.php?rest_route=\/wp\/v2\/types\/product"}],"replies":[{"embeddable":true,"href":"https:\/\/www.hediyepazar.com\/index.php?rest_route=%2Fwp%2Fv2%2Fcomments&post=120864"}],"wp:featuredmedia":[{"embeddable":true,"href":"https:\/\/www.hediyepazar.com\/index.php?rest_route=\/wp\/v2\/media\/120863"}],"wp:attachment":[{"href":"https:\/\/www.hediyepazar.com\/index.php?rest_route=%2Fwp%2Fv2%2Fmedia&parent=120864"}],"wp:term":[{"taxonomy":"product_brand","embeddable":true,"href":"https:\/\/www.hediyepazar.com\/index.php?rest_route=%2Fwp%2Fv2%2Fproduct_brand&post=120864"},{"taxonomy":"product_cat","embeddable":true,"href":"https:\/\/www.hediyepazar.com\/index.php?rest_route=%2Fwp%2Fv2%2Fproduct_cat&post=120864"},{"taxonomy":"product_tag","embeddable":true,"href":"https:\/\/www.hediyepazar.com\/index.php?rest_route=%2Fwp%2Fv2%2Fproduct_tag&post=120864"}],"curies":[{"name":"wp","href":"https:\/\/api.w.org\/{rel}","templated":true}]}}