{"id":120870,"date":"2026-05-06T05:08:09","date_gmt":"2026-05-06T08:08:09","guid":{"rendered":"https:\/\/www.hediyepazar.com\/?product=siyah-deri-gorunumlu-fantazi-elbise-tm1099"},"modified":"2026-05-06T05:08:09","modified_gmt":"2026-05-06T08:08:09","slug":"siyah-deri-gorunumlu-fantazi-elbise-tm1099","status":"publish","type":"product","link":"https:\/\/www.hediyepazar.com\/?product=siyah-deri-gorunumlu-fantazi-elbise-tm1099","title":{"rendered":"Siyah Deri G\u00f6r\u00fcn\u00fcml\u00fc Fantazi Elbise TM1099"},"content":{"rendered":"<div>\n<ul>\n<li><span style=\"font-size: 14px;\"><font face=\"Arial\"><span style=\"font-size: 14px;\">Siyah Deri G&ouml;r&uuml;n&uuml;ml&uuml; Fantazi Elbise<\/span><span style=\"font-size: 14px;\">&nbsp;<\/span><\/font><\/span><\/li>\n<li><span style=\"font-size: 14px;\"><font face=\"Arial\">%90 Polyester %10 Elastan<\/font><\/span><\/li>\n<li><font face=\"Arial\"><span style=\"font-size: 14px;\">&Uuml;r&uuml;nleri maksimum 30 derece suda ve elde y\u0131kay\u0131n\u0131z. Asarak kurutunuz.<\/span><\/font><\/li>\n<li><font face=\"Arial\"><span style=\"font-size: 14px; line-height: 107%;\">Gizli paketleme ile g&ouml;nderilir. Kargo &uuml;zerinde &uuml;r&uuml;n ad\u0131 ve i&ccedil;eri\u011fikesinlikle yazmaz<\/span><span style=\"font-size: 14px;\">.<\/span><\/font><\/li>\n<li><span style=\"font-size: 14px;\"><font face=\"Arial\">Hijyen ko\u015fullar\u0131 nedeniyle i&ccedil; giyim &uuml;r&uuml;nlerinde iade ve de\u011fi\u015fim bulunmamaktad\u0131r.<\/font><\/span><\/li>\n<li><span style=\"font-size: 14px;\"><font face=\"Arial\">Sipari\u015fleriniz saat 17.00 &#8216;e kadar olu\u015fturdu\u011funuzda ayn\u0131 g&uuml;n kargoya verilmektedir.<\/font><\/span><\/li>\n<\/ul>\n<\/div>\n<div>&nbsp;<\/div>\n","protected":false},"excerpt":{"rendered":"<p>Siyah Deri G&ouml;r&uuml;n&uuml;ml&uuml; Fantazi Elbise&nbsp; %90 Polyester %10 Elastan &Uuml;r&uuml;nleri maksimum 30 derece suda ve elde y\u0131kay\u0131n\u0131z. Asarak kurutunuz. Gizli paketleme ile g&ouml;nderilir. Kargo &uuml;zerinde &uuml;r&uuml;n ad\u0131 ve i&ccedil;eri\u011fikesinlikle yazmaz. Hijyen ko\u015fullar\u0131 nedeniyle i&ccedil; giyim &uuml;r&uuml;nlerinde iade ve de\u011fi\u015fim bulunmamaktad\u0131r. Sipari\u015fleriniz saat 17.00 &#8216;e kadar olu\u015fturdu\u011funuzda ayn\u0131 g&uuml;n kargoya verilmektedir. &nbsp;<\/p>\n","protected":false},"featured_media":120869,"comment_status":"open","ping_status":"closed","template":"","meta":{"_kad_post_transparent":"","_kad_post_title":"","_kad_post_layout":"","_kad_post_sidebar_id":"","_kad_post_content_style":"","_kad_post_vertical_padding":"","_kad_post_feature":"","_kad_post_feature_position":"","_kad_post_header":false,"_kad_post_footer":false,"_kad_post_classname":""},"product_brand":[],"product_cat":[15109],"product_tag":[],"class_list":{"0":"post-120870","1":"product","2":"type-product","3":"status-publish","4":"has-post-thumbnail","6":"product_cat-fantazi-elbise-fantazi-ic-giyim-fantazi-elbise","8":"first","9":"instock","10":"purchasable","11":"product-type-simple","12":"entry","13":"content-bg","14":"loop-entry"},"_links":{"self":[{"href":"https:\/\/www.hediyepazar.com\/index.php?rest_route=\/wp\/v2\/product\/120870","targetHints":{"allow":["GET"]}}],"collection":[{"href":"https:\/\/www.hediyepazar.com\/index.php?rest_route=\/wp\/v2\/product"}],"about":[{"href":"https:\/\/www.hediyepazar.com\/index.php?rest_route=\/wp\/v2\/types\/product"}],"replies":[{"embeddable":true,"href":"https:\/\/www.hediyepazar.com\/index.php?rest_route=%2Fwp%2Fv2%2Fcomments&post=120870"}],"wp:featuredmedia":[{"embeddable":true,"href":"https:\/\/www.hediyepazar.com\/index.php?rest_route=\/wp\/v2\/media\/120869"}],"wp:attachment":[{"href":"https:\/\/www.hediyepazar.com\/index.php?rest_route=%2Fwp%2Fv2%2Fmedia&parent=120870"}],"wp:term":[{"taxonomy":"product_brand","embeddable":true,"href":"https:\/\/www.hediyepazar.com\/index.php?rest_route=%2Fwp%2Fv2%2Fproduct_brand&post=120870"},{"taxonomy":"product_cat","embeddable":true,"href":"https:\/\/www.hediyepazar.com\/index.php?rest_route=%2Fwp%2Fv2%2Fproduct_cat&post=120870"},{"taxonomy":"product_tag","embeddable":true,"href":"https:\/\/www.hediyepazar.com\/index.php?rest_route=%2Fwp%2Fv2%2Fproduct_tag&post=120870"}],"curies":[{"name":"wp","href":"https:\/\/api.w.org\/{rel}","templated":true}]}}