{"id":120914,"date":"2026-05-06T05:19:00","date_gmt":"2026-05-06T08:19:00","guid":{"rendered":"https:\/\/www.hediyepazar.com\/?product=fusya-seksi-tasarim-deri-gorunumlu-fantazi-elbise-tm1098"},"modified":"2026-05-06T05:19:00","modified_gmt":"2026-05-06T08:19:00","slug":"fusya-seksi-tasarim-deri-gorunumlu-fantazi-elbise-tm1098","status":"publish","type":"product","link":"https:\/\/www.hediyepazar.com\/?product=fusya-seksi-tasarim-deri-gorunumlu-fantazi-elbise-tm1098","title":{"rendered":"Fu\u015fya Seksi Tasar\u0131m Deri G\u00f6r\u00fcn\u00fcml\u00fc Fantazi Elbise TM1098"},"content":{"rendered":"<ul>\n<li>Gizli Paketleme!<\/li>\n<li>Hijyen ko\u015fullar\u0131 nedeniyle i&ccedil; giyim &uuml;r&uuml;nlerinde iade ve de\u011fi\u015fim bulunmamaktad\u0131r.<\/li>\n<li>Paket i&ccedil;eri\u011fi 1 par&ccedil;adan olu\u015fmaktad\u0131r.<\/li>\n<li>30 derecelik suda elde y\u0131kay\u0131n\u0131z g&ouml;lgede kurumaya b\u0131rak\u0131n\u0131z a\u011fart\u0131c\u0131 kullanmay\u0131n\u0131z.<\/li>\n<\/ul>\n","protected":false},"excerpt":{"rendered":"<p>Gizli Paketleme! Hijyen ko\u015fullar\u0131 nedeniyle i&ccedil; giyim &uuml;r&uuml;nlerinde iade ve de\u011fi\u015fim bulunmamaktad\u0131r. Paket i&ccedil;eri\u011fi 1 par&ccedil;adan olu\u015fmaktad\u0131r. 30 derecelik suda elde y\u0131kay\u0131n\u0131z g&ouml;lgede kurumaya b\u0131rak\u0131n\u0131z a\u011fart\u0131c\u0131 kullanmay\u0131n\u0131z.<\/p>\n","protected":false},"featured_media":120913,"comment_status":"open","ping_status":"closed","template":"","meta":{"_kad_post_transparent":"","_kad_post_title":"","_kad_post_layout":"","_kad_post_sidebar_id":"","_kad_post_content_style":"","_kad_post_vertical_padding":"","_kad_post_feature":"","_kad_post_feature_position":"","_kad_post_header":false,"_kad_post_footer":false,"_kad_post_classname":""},"product_brand":[],"product_cat":[15109],"product_tag":[],"class_list":{"0":"post-120914","1":"product","2":"type-product","3":"status-publish","4":"has-post-thumbnail","6":"product_cat-fantazi-elbise-fantazi-ic-giyim-fantazi-elbise","8":"first","9":"instock","10":"purchasable","11":"product-type-simple","12":"entry","13":"content-bg","14":"loop-entry"},"_links":{"self":[{"href":"https:\/\/www.hediyepazar.com\/index.php?rest_route=\/wp\/v2\/product\/120914","targetHints":{"allow":["GET"]}}],"collection":[{"href":"https:\/\/www.hediyepazar.com\/index.php?rest_route=\/wp\/v2\/product"}],"about":[{"href":"https:\/\/www.hediyepazar.com\/index.php?rest_route=\/wp\/v2\/types\/product"}],"replies":[{"embeddable":true,"href":"https:\/\/www.hediyepazar.com\/index.php?rest_route=%2Fwp%2Fv2%2Fcomments&post=120914"}],"wp:featuredmedia":[{"embeddable":true,"href":"https:\/\/www.hediyepazar.com\/index.php?rest_route=\/wp\/v2\/media\/120913"}],"wp:attachment":[{"href":"https:\/\/www.hediyepazar.com\/index.php?rest_route=%2Fwp%2Fv2%2Fmedia&parent=120914"}],"wp:term":[{"taxonomy":"product_brand","embeddable":true,"href":"https:\/\/www.hediyepazar.com\/index.php?rest_route=%2Fwp%2Fv2%2Fproduct_brand&post=120914"},{"taxonomy":"product_cat","embeddable":true,"href":"https:\/\/www.hediyepazar.com\/index.php?rest_route=%2Fwp%2Fv2%2Fproduct_cat&post=120914"},{"taxonomy":"product_tag","embeddable":true,"href":"https:\/\/www.hediyepazar.com\/index.php?rest_route=%2Fwp%2Fv2%2Fproduct_tag&post=120914"}],"curies":[{"name":"wp","href":"https:\/\/api.w.org\/{rel}","templated":true}]}}