{"id":120954,"date":"2026-05-06T05:27:04","date_gmt":"2026-05-06T08:27:04","guid":{"rendered":"https:\/\/www.hediyepazar.com\/?product=siyah-transparan-jartiyerli-gecelik-tm1198"},"modified":"2026-05-06T05:27:04","modified_gmt":"2026-05-06T08:27:04","slug":"siyah-transparan-jartiyerli-gecelik-tm1198","status":"publish","type":"product","link":"https:\/\/www.hediyepazar.com\/?product=siyah-transparan-jartiyerli-gecelik-tm1198","title":{"rendered":"Siyah Transparan Jartiyerli Gecelik TM1198"},"content":{"rendered":"<ul>\n<li><font face=\"Tahoma\">&Uuml;r&uuml;n 3 par&ccedil;adan olu\u015fmaktad\u0131r. Jartiyerli gecelik &ccedil;orap ve tanga.<\/font><\/li>\n<li><span style=\"font-size: 13px;\"><font face=\"Tahoma\">%90 Polyester %10 Elastan<\/font><\/span><\/li>\n<li><span style=\"font-size: 13px;\"><font face=\"Tahoma\">&Uuml;r&uuml;nleri maksimum 30 derece suda ve elde y\u0131kay\u0131n\u0131z. Asarak kurutunuz.<\/font><\/span><\/li>\n<li><span style=\"font-size: 13px;\"><font face=\"Tahoma\">Gizli paketleme ile g&ouml;nderilir. Kargo &uuml;zerinde &uuml;r&uuml;n ad\u0131 ve i&ccedil;eri\u011fi kesinlikle yazmaz<\/font><\/span><\/li>\n<li><span style=\"font-size: 13px;\"><font face=\"Tahoma\">Hijyen ko\u015fullar\u0131 nedeniyle i&ccedil; giyim &uuml;r&uuml;nlerinde iade ve de\u011fi\u015fim bulunmamaktad\u0131r.<\/font><\/span><\/li>\n<\/ul>\n","protected":false},"excerpt":{"rendered":"<p>&Uuml;r&uuml;n 3 par&ccedil;adan olu\u015fmaktad\u0131r. Jartiyerli gecelik &ccedil;orap ve tanga. %90 Polyester %10 Elastan &Uuml;r&uuml;nleri maksimum 30 derece suda ve elde y\u0131kay\u0131n\u0131z. Asarak kurutunuz. Gizli paketleme ile g&ouml;nderilir. Kargo &uuml;zerinde &uuml;r&uuml;n ad\u0131 ve i&ccedil;eri\u011fi kesinlikle yazmaz Hijyen ko\u015fullar\u0131 nedeniyle i&ccedil; giyim &uuml;r&uuml;nlerinde iade ve de\u011fi\u015fim bulunmamaktad\u0131r.<\/p>\n","protected":false},"featured_media":120953,"comment_status":"open","ping_status":"closed","template":"","meta":{"_kad_post_transparent":"","_kad_post_title":"","_kad_post_layout":"","_kad_post_sidebar_id":"","_kad_post_content_style":"","_kad_post_vertical_padding":"","_kad_post_feature":"","_kad_post_feature_position":"","_kad_post_header":false,"_kad_post_footer":false,"_kad_post_classname":""},"product_brand":[],"product_cat":[15115],"product_tag":[],"class_list":{"0":"post-120954","1":"product","2":"type-product","3":"status-publish","4":"has-post-thumbnail","6":"product_cat-fantazi-gecelik-fantazi-ic-giyim-fantazi-gecelik","8":"first","9":"instock","10":"purchasable","11":"product-type-simple","12":"entry","13":"content-bg","14":"loop-entry"},"_links":{"self":[{"href":"https:\/\/www.hediyepazar.com\/index.php?rest_route=\/wp\/v2\/product\/120954","targetHints":{"allow":["GET"]}}],"collection":[{"href":"https:\/\/www.hediyepazar.com\/index.php?rest_route=\/wp\/v2\/product"}],"about":[{"href":"https:\/\/www.hediyepazar.com\/index.php?rest_route=\/wp\/v2\/types\/product"}],"replies":[{"embeddable":true,"href":"https:\/\/www.hediyepazar.com\/index.php?rest_route=%2Fwp%2Fv2%2Fcomments&post=120954"}],"wp:featuredmedia":[{"embeddable":true,"href":"https:\/\/www.hediyepazar.com\/index.php?rest_route=\/wp\/v2\/media\/120953"}],"wp:attachment":[{"href":"https:\/\/www.hediyepazar.com\/index.php?rest_route=%2Fwp%2Fv2%2Fmedia&parent=120954"}],"wp:term":[{"taxonomy":"product_brand","embeddable":true,"href":"https:\/\/www.hediyepazar.com\/index.php?rest_route=%2Fwp%2Fv2%2Fproduct_brand&post=120954"},{"taxonomy":"product_cat","embeddable":true,"href":"https:\/\/www.hediyepazar.com\/index.php?rest_route=%2Fwp%2Fv2%2Fproduct_cat&post=120954"},{"taxonomy":"product_tag","embeddable":true,"href":"https:\/\/www.hediyepazar.com\/index.php?rest_route=%2Fwp%2Fv2%2Fproduct_tag&post=120954"}],"curies":[{"name":"wp","href":"https:\/\/api.w.org\/{rel}","templated":true}]}}