{"id":121138,"date":"2026-05-06T06:17:14","date_gmt":"2026-05-06T09:17:14","guid":{"rendered":"https:\/\/www.hediyepazar.com\/?product=dantelli-siyah-balenli-sutyen-takimi"},"modified":"2026-05-06T06:17:14","modified_gmt":"2026-05-06T09:17:14","slug":"dantelli-siyah-balenli-sutyen-takimi","status":"publish","type":"product","link":"https:\/\/www.hediyepazar.com\/?product=dantelli-siyah-balenli-sutyen-takimi","title":{"rendered":"Dantelli Siyah Balenli S\u00fctyen Tak\u0131m\u0131"},"content":{"rendered":"<ul>\n<li>%90 Polyester %10 Elastan<\/li>\n<li>&Uuml;r&uuml;nleri maksimum 30 derece suda ve elde y\u0131kay\u0131n\u0131z. Asarak kurutunuz.<\/li>\n<li>Gizli paketleme y&ouml;ntemiyle g&ouml;nderiyoruz. Kargo &uuml;zerinde &uuml;r&uuml;n ad\u0131 ve i&ccedil;eri\u011fi kesinlikle yazmaz.<\/li>\n<li>Hijyen ko\u015fullar\u0131 nedeniyle i&ccedil; giyim &uuml;r&uuml;nlerinde iade ve de\u011fi\u015fim bulunmamaktad\u0131r.<\/li>\n<\/ul>\n","protected":false},"excerpt":{"rendered":"<p>%90 Polyester %10 Elastan &Uuml;r&uuml;nleri maksimum 30 derece suda ve elde y\u0131kay\u0131n\u0131z. Asarak kurutunuz. Gizli paketleme y&ouml;ntemiyle g&ouml;nderiyoruz. Kargo &uuml;zerinde &uuml;r&uuml;n ad\u0131 ve i&ccedil;eri\u011fi kesinlikle yazmaz. Hijyen ko\u015fullar\u0131 nedeniyle i&ccedil; giyim &uuml;r&uuml;nlerinde iade ve de\u011fi\u015fim bulunmamaktad\u0131r.<\/p>\n","protected":false},"featured_media":121137,"comment_status":"open","ping_status":"closed","template":"","meta":{"_kad_post_transparent":"","_kad_post_title":"","_kad_post_layout":"","_kad_post_sidebar_id":"","_kad_post_content_style":"","_kad_post_vertical_padding":"","_kad_post_feature":"","_kad_post_feature_position":"","_kad_post_header":false,"_kad_post_footer":false,"_kad_post_classname":""},"product_brand":[],"product_cat":[15134],"product_tag":[],"class_list":{"0":"post-121138","1":"product","2":"type-product","3":"status-publish","4":"has-post-thumbnail","6":"product_cat-sutyen-takimi-ic-giyim-sutyen-takimi","8":"first","9":"instock","10":"purchasable","11":"product-type-simple","12":"entry","13":"content-bg","14":"loop-entry"},"_links":{"self":[{"href":"https:\/\/www.hediyepazar.com\/index.php?rest_route=\/wp\/v2\/product\/121138","targetHints":{"allow":["GET"]}}],"collection":[{"href":"https:\/\/www.hediyepazar.com\/index.php?rest_route=\/wp\/v2\/product"}],"about":[{"href":"https:\/\/www.hediyepazar.com\/index.php?rest_route=\/wp\/v2\/types\/product"}],"replies":[{"embeddable":true,"href":"https:\/\/www.hediyepazar.com\/index.php?rest_route=%2Fwp%2Fv2%2Fcomments&post=121138"}],"wp:featuredmedia":[{"embeddable":true,"href":"https:\/\/www.hediyepazar.com\/index.php?rest_route=\/wp\/v2\/media\/121137"}],"wp:attachment":[{"href":"https:\/\/www.hediyepazar.com\/index.php?rest_route=%2Fwp%2Fv2%2Fmedia&parent=121138"}],"wp:term":[{"taxonomy":"product_brand","embeddable":true,"href":"https:\/\/www.hediyepazar.com\/index.php?rest_route=%2Fwp%2Fv2%2Fproduct_brand&post=121138"},{"taxonomy":"product_cat","embeddable":true,"href":"https:\/\/www.hediyepazar.com\/index.php?rest_route=%2Fwp%2Fv2%2Fproduct_cat&post=121138"},{"taxonomy":"product_tag","embeddable":true,"href":"https:\/\/www.hediyepazar.com\/index.php?rest_route=%2Fwp%2Fv2%2Fproduct_tag&post=121138"}],"curies":[{"name":"wp","href":"https:\/\/api.w.org\/{rel}","templated":true}]}}