{"id":121200,"date":"2026-05-06T06:38:15","date_gmt":"2026-05-06T09:38:15","guid":{"rendered":"https:\/\/www.hediyepazar.com\/?product=ultrasonik-hasere-kovucu-cihaz-sessiz-kimyasalsiz-ve-etkili-koruma"},"modified":"2026-05-06T06:38:15","modified_gmt":"2026-05-06T09:38:15","slug":"ultrasonik-hasere-kovucu-cihaz-sessiz-kimyasalsiz-ve-etkili-koruma","status":"publish","type":"product","link":"https:\/\/www.hediyepazar.com\/?product=ultrasonik-hasere-kovucu-cihaz-sessiz-kimyasalsiz-ve-etkili-koruma","title":{"rendered":"Ultrasonik Ha\u015fere Kovucu Cihaz \u2013 Sessiz Kimyasals\u0131z ve Etkili Koruma"},"content":{"rendered":"<p>Ev ve ofislerinizde kimyasal ila\u00e7lar kullanmadan etkili bir ha\u015fere kontrol\u00fc sa\u011flamak art\u0131k \u00e7ok kolay! Bu ultrasonik ha\u015fere kovucu cihaz, y\u00fcksek frekansl\u0131 ses dalgalar\u0131 yayarak fare, hamamb\u00f6ce\u011fi, sivrisinek, \u00f6r\u00fcmcek ve di\u011fer zararl\u0131lar\u0131 ortamdan uzakla\u015ft\u0131r\u0131r. \u0130nsan kula\u011f\u0131n\u0131n duyamad\u0131\u011f\u0131 bu frekanslar, ha\u015fereler i\u00e7in son derece rahats\u0131z edici bir etki yarat\u0131r ve onlar\u0131n k\u0131sa s\u00fcrede ya\u015fam alan\u0131n\u0131z\u0131 terk etmelerini sa\u011flar.Cihaz tamamen kimyasal i\u00e7ermeyen bir teknolojiyle \u00e7al\u0131\u015ft\u0131\u011f\u0131 i\u00e7in \u00e7ocuklar, bebekler ve evcil hayvanlar i\u00e7in son derece g\u00fcvenlidir. Bu sayede hem sa\u011fl\u0131\u011f\u0131n\u0131z\u0131 korur hem de zararl\u0131lardan kal\u0131c\u0131 \u015fekilde kurtulman\u0131za yard\u0131mc\u0131 olur.Kompakt boyutu sayesinde prizlere kolayca tak\u0131l\u0131r ve bulundu\u011fu alanda 360\u00b0 koruma sa\u011flar. Sessiz \u00e7al\u0131\u015fma prensibiyle fark edilmeden \u00e7al\u0131\u015f\u0131r; geceleri dahi rahats\u0131zl\u0131k vermez. Kokusu yoktur, temizlik veya bak\u0131m gerektirmez.Evler, ofisler, restoranlar, depolar ve garajlar i\u00e7in idealdir. Uzun \u00f6m\u00fcrl\u00fc yap\u0131s\u0131 sayesinde s\u00fcrekli ha\u015fere ila\u00e7lama derdine son verir. Hem ekonomik hem \u00e7evre dostu bir \u00e7\u00f6z\u00fcm ar\u0131yorsan\u0131z, bu cihaz sizin i\u00e7in m\u00fckemmel bir tercih olacakt\u0131r.<\/p>\n","protected":false},"excerpt":{"rendered":"<p>Ev ve ofislerinizde kimyasal ila\u00e7lar kullanmadan etkili bir ha\u015fere kontrol\u00fc sa\u011flamak art\u0131k \u00e7ok kolay! Bu ultrasonik ha\u015fere kovucu cihaz, y\u00fcksek frekansl\u0131 ses dalgalar\u0131 yayarak fare, hamamb\u00f6ce\u011fi, sivrisinek, \u00f6r\u00fcmcek ve di\u011fer zararl\u0131lar\u0131 ortamdan uzakla\u015ft\u0131r\u0131r. \u0130nsan kula\u011f\u0131n\u0131n duyamad\u0131\u011f\u0131 bu frekanslar, ha\u015fereler i\u00e7in son derece rahats\u0131z edici bir etki yarat\u0131r ve onlar\u0131n k\u0131sa s\u00fcrede ya\u015fam alan\u0131n\u0131z\u0131 terk etmelerini&#8230;<\/p>\n","protected":false},"featured_media":121199,"comment_status":"open","ping_status":"closed","template":"","meta":{"_kad_post_transparent":"","_kad_post_title":"","_kad_post_layout":"","_kad_post_sidebar_id":"","_kad_post_content_style":"","_kad_post_vertical_padding":"","_kad_post_feature":"","_kad_post_feature_position":"","_kad_post_header":false,"_kad_post_footer":false,"_kad_post_classname":""},"product_brand":[],"product_cat":[15078],"product_tag":[],"class_list":{"0":"post-121200","1":"product","2":"type-product","3":"status-publish","4":"has-post-thumbnail","6":"product_cat-hasere-kovucular-hasere-kovucular","8":"first","9":"instock","10":"purchasable","11":"product-type-simple","12":"entry","13":"content-bg","14":"loop-entry"},"_links":{"self":[{"href":"https:\/\/www.hediyepazar.com\/index.php?rest_route=\/wp\/v2\/product\/121200","targetHints":{"allow":["GET"]}}],"collection":[{"href":"https:\/\/www.hediyepazar.com\/index.php?rest_route=\/wp\/v2\/product"}],"about":[{"href":"https:\/\/www.hediyepazar.com\/index.php?rest_route=\/wp\/v2\/types\/product"}],"replies":[{"embeddable":true,"href":"https:\/\/www.hediyepazar.com\/index.php?rest_route=%2Fwp%2Fv2%2Fcomments&post=121200"}],"wp:featuredmedia":[{"embeddable":true,"href":"https:\/\/www.hediyepazar.com\/index.php?rest_route=\/wp\/v2\/media\/121199"}],"wp:attachment":[{"href":"https:\/\/www.hediyepazar.com\/index.php?rest_route=%2Fwp%2Fv2%2Fmedia&parent=121200"}],"wp:term":[{"taxonomy":"product_brand","embeddable":true,"href":"https:\/\/www.hediyepazar.com\/index.php?rest_route=%2Fwp%2Fv2%2Fproduct_brand&post=121200"},{"taxonomy":"product_cat","embeddable":true,"href":"https:\/\/www.hediyepazar.com\/index.php?rest_route=%2Fwp%2Fv2%2Fproduct_cat&post=121200"},{"taxonomy":"product_tag","embeddable":true,"href":"https:\/\/www.hediyepazar.com\/index.php?rest_route=%2Fwp%2Fv2%2Fproduct_tag&post=121200"}],"curies":[{"name":"wp","href":"https:\/\/api.w.org\/{rel}","templated":true}]}}