{"id":121212,"date":"2026-05-06T06:42:25","date_gmt":"2026-05-06T09:42:25","guid":{"rendered":"https:\/\/www.hediyepazar.com\/?product=retro-oyun-konsolu-520-klasik-oyunlu-tasinabilir-gamepad"},"modified":"2026-05-06T06:42:25","modified_gmt":"2026-05-06T09:42:25","slug":"retro-oyun-konsolu-520-klasik-oyunlu-tasinabilir-gamepad","status":"publish","type":"product","link":"https:\/\/www.hediyepazar.com\/?product=retro-oyun-konsolu-520-klasik-oyunlu-tasinabilir-gamepad","title":{"rendered":"Retro Oyun Konsolu \u2013 520 Klasik Oyunlu Ta\u015f\u0131nabilir Gamepad"},"content":{"rendered":"<p>Ge\u00e7mi\u015fin efsane oyunlar\u0131n\u0131 g\u00fcn\u00fcm\u00fcz teknolojisiyle yeniden ke\u015ffetmeye haz\u0131r olun! Bu ta\u015f\u0131nabilir retro oyun konsolu, i\u00e7inde y\u00fckl\u00fc 520 klasik oyun ile \u00e7ocuklu\u011funuzun en keyifli an\u0131lar\u0131n\u0131 yeniden ya\u015fat\u0131r. Tak-\u00e7al\u0131\u015ft\u0131r \u00f6zelli\u011fi sayesinde kurulumla u\u011fra\u015fmadan hemen oyuna ba\u015flayabilir, nostaljik oyun deneyimini diledi\u011finiz her yere ta\u015f\u0131yabilirsiniz.Kompakt tasar\u0131m\u0131 sayesinde elde rahat bir tutu\u015f sa\u011flar. Ergonomik yap\u0131s\u0131, uzun s\u00fcreli oyunlarda bile el yorgunlu\u011funu azalt\u0131r. Hafif g\u00f6vdesiyle seyahatlerde, tatillerde veya arkada\u015f bulu\u015fmalar\u0131nda e\u011flenceyi yan\u0131n\u0131zda ta\u015f\u0131mak \u00e7ok kolayd\u0131r.Oyun i\u00e7i ak\u0131c\u0131l\u0131\u011f\u0131 sa\u011flayan optimize edilmi\u015f retro yaz\u0131l\u0131m, gecikmesiz ve sorunsuz bir deneyim sunar. Konsolun enerji verimli sistemi, uzun pil \u00f6mr\u00fcyle kesintisiz oyun keyfi sa\u011flar.Tek bir cihazla y\u00fczlerce farkl\u0131 oyun t\u00fcr\u00fcn\u00fc \u2014 aksiyon, yar\u0131\u015f, bulmaca, macera ve daha fazlas\u0131n\u0131 \u2014 oynayabilirsiniz. Hem yeti\u015fkinler i\u00e7in nostaljik bir hat\u0131ra, hem \u00e7ocuklar i\u00e7in e\u011flenceli bir ke\u015fif arac\u0131d\u0131r. Evde, d\u0131\u015far\u0131da ya da misafirlikte, her yerde retro e\u011flence parmaklar\u0131n\u0131z\u0131n ucunda!<\/p>\n","protected":false},"excerpt":{"rendered":"<p>Ge\u00e7mi\u015fin efsane oyunlar\u0131n\u0131 g\u00fcn\u00fcm\u00fcz teknolojisiyle yeniden ke\u015ffetmeye haz\u0131r olun! Bu ta\u015f\u0131nabilir retro oyun konsolu, i\u00e7inde y\u00fckl\u00fc 520 klasik oyun ile \u00e7ocuklu\u011funuzun en keyifli an\u0131lar\u0131n\u0131 yeniden ya\u015fat\u0131r. Tak-\u00e7al\u0131\u015ft\u0131r \u00f6zelli\u011fi sayesinde kurulumla u\u011fra\u015fmadan hemen oyuna ba\u015flayabilir, nostaljik oyun deneyimini diledi\u011finiz her yere ta\u015f\u0131yabilirsiniz.Kompakt tasar\u0131m\u0131 sayesinde elde rahat bir tutu\u015f sa\u011flar. Ergonomik yap\u0131s\u0131, uzun s\u00fcreli oyunlarda bile el&#8230;<\/p>\n","protected":false},"featured_media":121211,"comment_status":"open","ping_status":"closed","template":"","meta":{"_kad_post_transparent":"","_kad_post_title":"","_kad_post_layout":"","_kad_post_sidebar_id":"","_kad_post_content_style":"","_kad_post_vertical_padding":"","_kad_post_feature":"","_kad_post_feature_position":"","_kad_post_header":false,"_kad_post_footer":false,"_kad_post_classname":""},"product_brand":[],"product_cat":[14961],"product_tag":[],"class_list":{"0":"post-121212","1":"product","2":"type-product","3":"status-publish","4":"has-post-thumbnail","6":"product_cat-oyun-konsolu-oyun-konsolu","8":"first","9":"instock","10":"purchasable","11":"product-type-simple","12":"entry","13":"content-bg","14":"loop-entry"},"_links":{"self":[{"href":"https:\/\/www.hediyepazar.com\/index.php?rest_route=\/wp\/v2\/product\/121212","targetHints":{"allow":["GET"]}}],"collection":[{"href":"https:\/\/www.hediyepazar.com\/index.php?rest_route=\/wp\/v2\/product"}],"about":[{"href":"https:\/\/www.hediyepazar.com\/index.php?rest_route=\/wp\/v2\/types\/product"}],"replies":[{"embeddable":true,"href":"https:\/\/www.hediyepazar.com\/index.php?rest_route=%2Fwp%2Fv2%2Fcomments&post=121212"}],"wp:featuredmedia":[{"embeddable":true,"href":"https:\/\/www.hediyepazar.com\/index.php?rest_route=\/wp\/v2\/media\/121211"}],"wp:attachment":[{"href":"https:\/\/www.hediyepazar.com\/index.php?rest_route=%2Fwp%2Fv2%2Fmedia&parent=121212"}],"wp:term":[{"taxonomy":"product_brand","embeddable":true,"href":"https:\/\/www.hediyepazar.com\/index.php?rest_route=%2Fwp%2Fv2%2Fproduct_brand&post=121212"},{"taxonomy":"product_cat","embeddable":true,"href":"https:\/\/www.hediyepazar.com\/index.php?rest_route=%2Fwp%2Fv2%2Fproduct_cat&post=121212"},{"taxonomy":"product_tag","embeddable":true,"href":"https:\/\/www.hediyepazar.com\/index.php?rest_route=%2Fwp%2Fv2%2Fproduct_tag&post=121212"}],"curies":[{"name":"wp","href":"https:\/\/api.w.org\/{rel}","templated":true}]}}