{"id":121214,"date":"2026-05-06T06:44:05","date_gmt":"2026-05-06T09:44:05","guid":{"rendered":"https:\/\/www.hediyepazar.com\/?product=kablosuz-kulaklik-ergonomik-tasarim-ve-uzun-pil-omru"},"modified":"2026-05-06T06:44:05","modified_gmt":"2026-05-06T09:44:05","slug":"kablosuz-kulaklik-ergonomik-tasarim-ve-uzun-pil-omru","status":"publish","type":"product","link":"https:\/\/www.hediyepazar.com\/?product=kablosuz-kulaklik-ergonomik-tasarim-ve-uzun-pil-omru","title":{"rendered":"Kablosuz Kulakl\u0131k \u2013 Ergonomik Tasar\u0131m ve Uzun Pil \u00d6mr\u00fc"},"content":{"rendered":"<p>Suya ve tere dayan\u0131kl\u0131 yap\u0131s\u0131yla dikkat \u00e7eken bu kulakl\u0131k, aktif kullan\u0131c\u0131lar i\u00e7in m\u00fckemmel bir se\u00e7imdir. Geli\u015fmi\u015f yal\u0131t\u0131m teknolojisi sayesinde ter veya su s\u0131\u00e7ramalar\u0131na kar\u015f\u0131 dayan\u0131kl\u0131d\u0131r. Spor yaparken, i\u015fe giderken veya a\u00e7\u0131k havada kullan\u0131rken konforlu bir m\u00fczik deneyimi sunar.Bluetooth ba\u011flant\u0131s\u0131 t\u00fcm ak\u0131ll\u0131 cihazlarla tam uyumluluk sa\u011flar. Kablosuz ba\u011flant\u0131 \u00f6zg\u00fcrl\u00fc\u011f\u00fcn\u00fcn yan\u0131 s\u0131ra, ek kablo se\u00e7ene\u011fiyle dilerseniz kablolu kullan\u0131m da m\u00fcmk\u00fcnd\u00fcr. Bu \u00f6zellik, kulakl\u0131\u011f\u0131 \u00e7ok y\u00f6nl\u00fc hale getirir.Y\u00fcksek ses kalitesi, dengeli bas-tiz performans\u0131 ve geli\u015fmi\u015f mikrofon sistemi sayesinde hem m\u00fczik hem de konu\u015fmalar net \u015fekilde duyulur. Uzun pil \u00f6mr\u00fc, kesintisiz m\u00fczik keyfini garanti eder.Ergonomik yap\u0131s\u0131 kula\u011fa tam oturur ve g\u00fcn boyu konfor sa\u011flar. Kompakt boyutu sayesinde cebinizde veya \u00e7antan\u0131zda kolayca ta\u015f\u0131nabilir. G\u00fcnl\u00fck ya\u015fam, spor aktiviteleri ve seyahatler i\u00e7in ideal bir kulakl\u0131k ar\u0131yorsan\u0131z, bu model tam size g\u00f6re!<\/p>\n","protected":false},"excerpt":{"rendered":"<p>Suya ve tere dayan\u0131kl\u0131 yap\u0131s\u0131yla dikkat \u00e7eken bu kulakl\u0131k, aktif kullan\u0131c\u0131lar i\u00e7in m\u00fckemmel bir se\u00e7imdir. Geli\u015fmi\u015f yal\u0131t\u0131m teknolojisi sayesinde ter veya su s\u0131\u00e7ramalar\u0131na kar\u015f\u0131 dayan\u0131kl\u0131d\u0131r. Spor yaparken, i\u015fe giderken veya a\u00e7\u0131k havada kullan\u0131rken konforlu bir m\u00fczik deneyimi sunar.Bluetooth ba\u011flant\u0131s\u0131 t\u00fcm ak\u0131ll\u0131 cihazlarla tam uyumluluk sa\u011flar. Kablosuz ba\u011flant\u0131 \u00f6zg\u00fcrl\u00fc\u011f\u00fcn\u00fcn yan\u0131 s\u0131ra, ek kablo se\u00e7ene\u011fiyle dilerseniz kablolu&#8230;<\/p>\n","protected":false},"featured_media":121213,"comment_status":"open","ping_status":"closed","template":"","meta":{"_kad_post_transparent":"","_kad_post_title":"","_kad_post_layout":"","_kad_post_sidebar_id":"","_kad_post_content_style":"","_kad_post_vertical_padding":"","_kad_post_feature":"","_kad_post_feature_position":"","_kad_post_header":false,"_kad_post_footer":false,"_kad_post_classname":""},"product_brand":[],"product_cat":[14957],"product_tag":[],"class_list":{"0":"post-121214","1":"product","2":"type-product","3":"status-publish","4":"has-post-thumbnail","6":"product_cat-kablosuz-kulaklik-kablosuz-kulaklik","8":"first","9":"instock","10":"purchasable","11":"product-type-simple","12":"entry","13":"content-bg","14":"loop-entry"},"_links":{"self":[{"href":"https:\/\/www.hediyepazar.com\/index.php?rest_route=\/wp\/v2\/product\/121214","targetHints":{"allow":["GET"]}}],"collection":[{"href":"https:\/\/www.hediyepazar.com\/index.php?rest_route=\/wp\/v2\/product"}],"about":[{"href":"https:\/\/www.hediyepazar.com\/index.php?rest_route=\/wp\/v2\/types\/product"}],"replies":[{"embeddable":true,"href":"https:\/\/www.hediyepazar.com\/index.php?rest_route=%2Fwp%2Fv2%2Fcomments&post=121214"}],"wp:featuredmedia":[{"embeddable":true,"href":"https:\/\/www.hediyepazar.com\/index.php?rest_route=\/wp\/v2\/media\/121213"}],"wp:attachment":[{"href":"https:\/\/www.hediyepazar.com\/index.php?rest_route=%2Fwp%2Fv2%2Fmedia&parent=121214"}],"wp:term":[{"taxonomy":"product_brand","embeddable":true,"href":"https:\/\/www.hediyepazar.com\/index.php?rest_route=%2Fwp%2Fv2%2Fproduct_brand&post=121214"},{"taxonomy":"product_cat","embeddable":true,"href":"https:\/\/www.hediyepazar.com\/index.php?rest_route=%2Fwp%2Fv2%2Fproduct_cat&post=121214"},{"taxonomy":"product_tag","embeddable":true,"href":"https:\/\/www.hediyepazar.com\/index.php?rest_route=%2Fwp%2Fv2%2Fproduct_tag&post=121214"}],"curies":[{"name":"wp","href":"https:\/\/api.w.org\/{rel}","templated":true}]}}