{"id":121216,"date":"2026-05-06T06:44:11","date_gmt":"2026-05-06T09:44:11","guid":{"rendered":"https:\/\/www.hediyepazar.com\/?product=suya-ve-tere-dayanikli-bluetooth-kulaklik-sik-ergonomik-ve-dayanikli"},"modified":"2026-05-06T06:44:11","modified_gmt":"2026-05-06T09:44:11","slug":"suya-ve-tere-dayanikli-bluetooth-kulaklik-sik-ergonomik-ve-dayanikli","status":"publish","type":"product","link":"https:\/\/www.hediyepazar.com\/?product=suya-ve-tere-dayanikli-bluetooth-kulaklik-sik-ergonomik-ve-dayanikli","title":{"rendered":"Suya ve Tere Dayan\u0131kl\u0131 Bluetooth Kulakl\u0131k \u2013 \u015e\u0131k Ergonomik ve Dayan\u0131kl\u0131"},"content":{"rendered":"<p>Geli\u015fmi\u015f suya ve tere dayan\u0131kl\u0131l\u0131k teknolojisine sahip bu kablosuz kulakl\u0131k, aktif ya\u015fam tarz\u0131na sahip kullan\u0131c\u0131lar i\u00e7in tasarland\u0131. Spor salonunda, y\u00fcr\u00fcy\u00fc\u015fte, d\u0131\u015far\u0131da veya ya\u011fmurlu havalarda g\u00f6n\u00fcl rahatl\u0131\u011f\u0131yla kullan\u0131labilir. Dayan\u0131kl\u0131 d\u0131\u015f y\u00fczeyi, zorlu ko\u015fullarda bile performans\u0131ndan \u00f6d\u00fcn vermez.Bluetooth ba\u011flant\u0131s\u0131 sayesinde cihaz\u0131n\u0131zla saniyeler i\u00e7inde e\u015fle\u015fir ve kesintisiz ses aktar\u0131m\u0131 sa\u011flar. Kablosuz kullan\u0131m \u00f6zg\u00fcrl\u00fc\u011f\u00fcn\u00fcn yan\u0131 s\u0131ra, \u00fcr\u00fcnle birlikte gelen ekstra kablo sayesinde dilerseniz kablolu olarak da kullanabilirsiniz.Ergonomik kulakl\u0131k u\u00e7lar\u0131, kula\u011f\u0131n\u0131za tam oturur ve uzun s\u00fcreli kullan\u0131mlarda bile rahats\u0131zl\u0131k hissi olu\u015fturmaz. Hafif yap\u0131s\u0131 sayesinde ta\u015f\u0131mas\u0131 son derece kolayd\u0131r.Y\u00fcksek kaliteli mikrofonu, net ses iletimiyle g\u00f6r\u00fc\u015fmelerde \u00fcst\u00fcn performans sa\u011flar. \u015earj kablosu t\u00fcm cihazlarla uyumludur ve h\u0131zl\u0131 \u015farj deste\u011fi ile k\u0131sa s\u00fcrede kullan\u0131ma haz\u0131r hale gelir. Fonksiyonelli\u011fi, dayan\u0131kl\u0131l\u0131\u011f\u0131 ve modern tasar\u0131m\u0131yla g\u00fcnl\u00fck ya\u015fam\u0131n her an\u0131nda size e\u015flik edecek bir kulakl\u0131kt\u0131r.<\/p>\n","protected":false},"excerpt":{"rendered":"<p>Geli\u015fmi\u015f suya ve tere dayan\u0131kl\u0131l\u0131k teknolojisine sahip bu kablosuz kulakl\u0131k, aktif ya\u015fam tarz\u0131na sahip kullan\u0131c\u0131lar i\u00e7in tasarland\u0131. Spor salonunda, y\u00fcr\u00fcy\u00fc\u015fte, d\u0131\u015far\u0131da veya ya\u011fmurlu havalarda g\u00f6n\u00fcl rahatl\u0131\u011f\u0131yla kullan\u0131labilir. Dayan\u0131kl\u0131 d\u0131\u015f y\u00fczeyi, zorlu ko\u015fullarda bile performans\u0131ndan \u00f6d\u00fcn vermez.Bluetooth ba\u011flant\u0131s\u0131 sayesinde cihaz\u0131n\u0131zla saniyeler i\u00e7inde e\u015fle\u015fir ve kesintisiz ses aktar\u0131m\u0131 sa\u011flar. Kablosuz kullan\u0131m \u00f6zg\u00fcrl\u00fc\u011f\u00fcn\u00fcn yan\u0131 s\u0131ra, \u00fcr\u00fcnle birlikte gelen&#8230;<\/p>\n","protected":false},"featured_media":121215,"comment_status":"open","ping_status":"closed","template":"","meta":{"_kad_post_transparent":"","_kad_post_title":"","_kad_post_layout":"","_kad_post_sidebar_id":"","_kad_post_content_style":"","_kad_post_vertical_padding":"","_kad_post_feature":"","_kad_post_feature_position":"","_kad_post_header":false,"_kad_post_footer":false,"_kad_post_classname":""},"product_brand":[],"product_cat":[14957],"product_tag":[],"class_list":{"0":"post-121216","1":"product","2":"type-product","3":"status-publish","4":"has-post-thumbnail","6":"product_cat-kablosuz-kulaklik-kablosuz-kulaklik","8":"first","9":"instock","10":"purchasable","11":"product-type-simple","12":"entry","13":"content-bg","14":"loop-entry"},"_links":{"self":[{"href":"https:\/\/www.hediyepazar.com\/index.php?rest_route=\/wp\/v2\/product\/121216","targetHints":{"allow":["GET"]}}],"collection":[{"href":"https:\/\/www.hediyepazar.com\/index.php?rest_route=\/wp\/v2\/product"}],"about":[{"href":"https:\/\/www.hediyepazar.com\/index.php?rest_route=\/wp\/v2\/types\/product"}],"replies":[{"embeddable":true,"href":"https:\/\/www.hediyepazar.com\/index.php?rest_route=%2Fwp%2Fv2%2Fcomments&post=121216"}],"wp:featuredmedia":[{"embeddable":true,"href":"https:\/\/www.hediyepazar.com\/index.php?rest_route=\/wp\/v2\/media\/121215"}],"wp:attachment":[{"href":"https:\/\/www.hediyepazar.com\/index.php?rest_route=%2Fwp%2Fv2%2Fmedia&parent=121216"}],"wp:term":[{"taxonomy":"product_brand","embeddable":true,"href":"https:\/\/www.hediyepazar.com\/index.php?rest_route=%2Fwp%2Fv2%2Fproduct_brand&post=121216"},{"taxonomy":"product_cat","embeddable":true,"href":"https:\/\/www.hediyepazar.com\/index.php?rest_route=%2Fwp%2Fv2%2Fproduct_cat&post=121216"},{"taxonomy":"product_tag","embeddable":true,"href":"https:\/\/www.hediyepazar.com\/index.php?rest_route=%2Fwp%2Fv2%2Fproduct_tag&post=121216"}],"curies":[{"name":"wp","href":"https:\/\/api.w.org\/{rel}","templated":true}]}}